{"id":1004,"date":"2025-03-26T17:47:43","date_gmt":"2025-03-26T16:47:43","guid":{"rendered":"https:\/\/www.microcorner.ch\/?post_type=product&#038;p=1004"},"modified":"2026-02-12T19:18:35","modified_gmt":"2026-02-12T18:18:35","slug":"ixs-gant-dete-classic-urban-st-plus-noir","status":"publish","type":"product","link":"https:\/\/www.microcorner.ch\/fr\/ixs-sommer-handschuh-classic-urban-st-plus-schwarz\/","title":{"rendered":"iXS gants d'\u00e9t\u00e9 Classic Urban ST-Plus - noir"},"content":{"rendered":"<p><b style=\"font-size: inherit; font-family: -apple-system, system-ui, BlinkMacSystemFont, 'Segoe UI', Helvetica, Arial, sans-serif, 'Apple Color Emoji', 'Segoe UI Emoji', 'Segoe UI Symbol';\">Gants d'\u00e9t\u00e9 ST-Plus classiques et \u00e9tanches avec m\u00e9lange \u00e9lastique iXS Stretch textile\/cuir<\/b><\/p>\n<div class=\"_descriptionContainer_pzakn_1\">\n<p><strong>Les caract\u00e9ristiques suivantes distinguent ces gants :<\/strong><\/p>\n<ul>\n<li>membrane solto-TEX\u00ae PLUS pour une meilleure sensation au toucher<\/li>\n<li>Doublure en tricot<\/li>\n<li>paume en cuir avec doublure en cuir<\/li>\n<li>Paume de la main doubl\u00e9e de cuir<\/li>\n<li>Impacton\u00ae (mousse visco\u00e9lastique) protection souple de la cheville recouverte de Sofshell<\/li>\n<li>insert stretch sur les doigts<\/li>\n<li>Pointe du pouce et de l'index avec mat\u00e9riau compatible avec les \u00e9crans tactiles<\/li>\n<li>L\u00e8vre en caoutchouc sur l'index gauche pour essuyer la visi\u00e8re du casque<\/li>\n<li>Poignet extensible avec fermeture velcro<\/li>\n<li>Barri\u00e8re d'eau \u00e0 l'extr\u00e9mit\u00e9 de la manchette<\/li>\n<li>S\u00e9curit\u00e9 : r\u00e9pond \u00e0 la norme d'essai EN13594:2015<\/li>\n<\/ul>\n<p>Tissu ext\u00e9rieur 1 : 92% polyamide, 8% \u00e9lasthanne<br \/>\nTissu ext\u00e9rieur 2 : 60% polyamide, 40% polyur\u00e9thane<br \/>\npaume\/doigts : cuir de ch\u00e8vre<br \/>\nDoublure : 100% polyester<br \/>\nDoublure des manchettes : 100% polyamide<br \/>\nProtecteur de la cheville : 100% polyur\u00e9thane<\/p>\n<p>membrane solto-TEX\u00ae : 100% polyur\u00e9thane<\/p>\n<p>Contient des parties non textiles d'origine animale<\/p>\n<\/div>","protected":false},"excerpt":{"rendered":"<p>Gants d'\u00e9t\u00e9 m\u00e9lange textile\/cuir<\/p>","protected":false},"featured_media":1053,"comment_status":"closed","ping_status":"closed","template":"","meta":{"_acf_changed":false,"css_class_manager_body_classes":"","css_class_manager_use_in_post_loop":false},"wpc-attribute-group":[],"product_brand":[],"product_cat":[75,319,328],"product_tag":[329],"class_list":{"0":"post-1004","1":"product","2":"type-product","3":"status-publish","4":"has-post-thumbnail","6":"product_cat-zubehoer","7":"product_cat-helme-kleidung","8":"product_cat-wetterschutz","9":"product_tag-handschuhe","11":"first","12":"instock","13":"taxable","14":"shipping-taxable","15":"purchasable","16":"product-type-variable","17":"has-default-attributes"},"acf":[],"_links":{"self":[{"href":"https:\/\/www.microcorner.ch\/fr\/wp-json\/wp\/v2\/product\/1004","targetHints":{"allow":["GET"]}}],"collection":[{"href":"https:\/\/www.microcorner.ch\/fr\/wp-json\/wp\/v2\/product"}],"about":[{"href":"https:\/\/www.microcorner.ch\/fr\/wp-json\/wp\/v2\/types\/product"}],"replies":[{"embeddable":true,"href":"https:\/\/www.microcorner.ch\/fr\/wp-json\/wp\/v2\/comments?post=1004"}],"wp:featuredmedia":[{"embeddable":true,"href":"https:\/\/www.microcorner.ch\/fr\/wp-json\/wp\/v2\/media\/1053"}],"wp:attachment":[{"href":"https:\/\/www.microcorner.ch\/fr\/wp-json\/wp\/v2\/media?parent=1004"}],"wp:term":[{"taxonomy":"wpc-attribute-group","embeddable":true,"href":"https:\/\/www.microcorner.ch\/fr\/wp-json\/wp\/v2\/wpc-attribute-group?post=1004"},{"taxonomy":"product_brand","embeddable":true,"href":"https:\/\/www.microcorner.ch\/fr\/wp-json\/wp\/v2\/product_brand?post=1004"},{"taxonomy":"product_cat","embeddable":true,"href":"https:\/\/www.microcorner.ch\/fr\/wp-json\/wp\/v2\/product_cat?post=1004"},{"taxonomy":"product_tag","embeddable":true,"href":"https:\/\/www.microcorner.ch\/fr\/wp-json\/wp\/v2\/product_tag?post=1004"}],"curies":[{"name":"wp","href":"https:\/\/api.w.org\/{rel}","templated":true}]}}