{"id":1005,"date":"2025-03-26T17:47:43","date_gmt":"2025-03-26T16:47:43","guid":{"rendered":"https:\/\/www.microcorner.ch\/?post_type=product&#038;p=1005"},"modified":"2026-02-12T19:19:22","modified_gmt":"2026-02-12T18:19:22","slug":"casque-jet-nolan-n21-visor-06-classic-10-matt-noir","status":"publish","type":"product","link":"https:\/\/www.microcorner.ch\/fr\/jethelm-nolan-n21-visor-06-classic-10-matt-schwarz\/","title":{"rendered":"Casque jet Nolan N21 Visor 06 Classic #10 noir mat"},"content":{"rendered":"<p>Avec sa visi\u00e8re extra-large et son m\u00e9lange impeccable de mat\u00e9riaux, de finitions et de couleurs, le Nolan N21 Visor s'adresse aussi bien aux conducteurs classiques qu'aux banlieusards branch\u00e9s.<\/p>\n<p><b>Anneau de verrouillage du casque :<\/b><br \/>\nCela permet de ranger le casque en toute s\u00e9curit\u00e9 lorsqu'il n'est pas utilis\u00e9. Cette fonction ajoute une touche pratique \u00e0 ton \u00e9quipement de conduite.<\/p>\n<p><b>Visi\u00e8re ultra-large :<\/b><br \/>\nProfite d'un large champ de vision gr\u00e2ce \u00e0 la visi\u00e8re extra-large. Elle am\u00e9liore ta vision de la route et de l'environnement et assure ainsi une plus grande s\u00e9curit\u00e9 et une meilleure attention lors de la conduite en ville.<\/p>\n<p><b>Protection solaire VPS avec rev\u00eatement anti-rayures :<\/b><br \/>\nCette fonction garantit une vision claire et confortable, m\u00eame dans des conditions de luminosit\u00e9 changeantes.<\/p>\n<p><b>En bref :<\/b><\/p>\n<ul>\n<li>Fermeture Microlock (cliquet)<\/li>\n<li>Coque ext\u00e9rieure en polycarbonate Lexan\u2122 (2 tailles de coque)<\/li>\n<li>visi\u00e8re ultra large<\/li>\n<li>Visi\u00e8re solaire rabattable<\/li>\n<li>traversin int\u00e9gr\u00e9<\/li>\n<li>doublure int\u00e9rieure et rembourrage des joues amovibles<\/li>\n<\/ul>","protected":false},"excerpt":{"rendered":"<p>Casque jet Nolan avec visi\u00e8re extra large<\/p>\n<ul>\n<li>S - 55\/56 cm<\/li>\n<li>M - 57\/58 cm<\/li>\n<li>L - 59\/60 cm<\/li>\n<\/ul>","protected":false},"featured_media":1054,"comment_status":"closed","ping_status":"closed","template":"","meta":{"_acf_changed":false,"css_class_manager_body_classes":"","css_class_manager_use_in_post_loop":false},"wpc-attribute-group":[],"product_brand":[],"product_cat":[319],"product_tag":[320],"class_list":{"0":"post-1005","1":"product","2":"type-product","3":"status-publish","4":"has-post-thumbnail","6":"product_cat-helme-kleidung","7":"product_tag-helme","9":"first","10":"instock","11":"taxable","12":"shipping-taxable","13":"purchasable","14":"product-type-variable","15":"has-default-attributes"},"acf":[],"_links":{"self":[{"href":"https:\/\/www.microcorner.ch\/fr\/wp-json\/wp\/v2\/product\/1005","targetHints":{"allow":["GET"]}}],"collection":[{"href":"https:\/\/www.microcorner.ch\/fr\/wp-json\/wp\/v2\/product"}],"about":[{"href":"https:\/\/www.microcorner.ch\/fr\/wp-json\/wp\/v2\/types\/product"}],"replies":[{"embeddable":true,"href":"https:\/\/www.microcorner.ch\/fr\/wp-json\/wp\/v2\/comments?post=1005"}],"wp:featuredmedia":[{"embeddable":true,"href":"https:\/\/www.microcorner.ch\/fr\/wp-json\/wp\/v2\/media\/1054"}],"wp:attachment":[{"href":"https:\/\/www.microcorner.ch\/fr\/wp-json\/wp\/v2\/media?parent=1005"}],"wp:term":[{"taxonomy":"wpc-attribute-group","embeddable":true,"href":"https:\/\/www.microcorner.ch\/fr\/wp-json\/wp\/v2\/wpc-attribute-group?post=1005"},{"taxonomy":"product_brand","embeddable":true,"href":"https:\/\/www.microcorner.ch\/fr\/wp-json\/wp\/v2\/product_brand?post=1005"},{"taxonomy":"product_cat","embeddable":true,"href":"https:\/\/www.microcorner.ch\/fr\/wp-json\/wp\/v2\/product_cat?post=1005"},{"taxonomy":"product_tag","embeddable":true,"href":"https:\/\/www.microcorner.ch\/fr\/wp-json\/wp\/v2\/product_tag?post=1005"}],"curies":[{"name":"wp","href":"https:\/\/api.w.org\/{rel}","templated":true}]}}