{"id":112,"date":"2025-02-24T01:25:03","date_gmt":"2025-02-24T00:25:03","guid":{"rendered":"https:\/\/www.microcorner.ch\/?post_type=product&#038;p=112"},"modified":"2026-03-28T13:54:31","modified_gmt":"2026-03-28T12:54:31","slug":"silence-s02c","status":"publish","type":"product","link":"https:\/\/www.microcorner.ch\/fr\/silence-s02c\/","title":{"rendered":"Silence S02C"},"content":{"rendered":"<div class=\"col-50 flex flex-center page-width flex-gap pb100 col-inv\">\n<div>\n<figure class=\"wp-block-image size-large img-corn\"><img loading=\"lazy\" decoding=\"async\" width=\"1024\" height=\"680\" src=\"https:\/\/www.microcorner.ch\/data\/Marken\/Silence\/S02\/new-s02-banner-white-microcorner-1024x680.jpg\" alt=\"New S02 Banni\u00e8re blanche Microcorner\" class=\"wp-image-5633\" srcset=\"https:\/\/www.microcorner.ch\/data\/Marken\/Silence\/S02\/new-s02-banner-white-microcorner-1024x680.jpg 1024w, https:\/\/www.microcorner.ch\/data\/Marken\/Silence\/S02\/new-s02-banner-white-microcorner-300x199.jpg 300w, https:\/\/www.microcorner.ch\/data\/Marken\/Silence\/S02\/new-s02-banner-white-microcorner-768x510.jpg 768w, https:\/\/www.microcorner.ch\/data\/Marken\/Silence\/S02\/new-s02-banner-white-microcorner-1536x1020.jpg 1536w, https:\/\/www.microcorner.ch\/data\/Marken\/Silence\/S02\/new-s02-banner-white-microcorner-18x12.jpg 18w, https:\/\/www.microcorner.ch\/data\/Marken\/Silence\/S02\/new-s02-banner-white-microcorner-1320x877.jpg 1320w, https:\/\/www.microcorner.ch\/data\/Marken\/Silence\/S02\/new-s02-banner-white-microcorner-900x598.jpg 900w, https:\/\/www.microcorner.ch\/data\/Marken\/Silence\/S02\/new-s02-banner-white-microcorner.jpg 2048w\" sizes=\"(max-width: 1024px) 100vw, 1024px\" \/><\/figure>\n<\/div>\n\n\n\n<div>\n<h2>Le Silence S02<\/h2>\n\n\n\n<p>Le site <strong>Silence S02C<\/strong> est synonyme d'\u00e9lectromobilit\u00e9 moderne dans votre quotidien professionnel. Puissant, efficace et presque silencieux, il vous procure une sensation de conduite souveraine - m\u00eame en cas de charge \u00e9lev\u00e9e et de circulation urbaine dense.<\/p>\n\n\n\n<p>La batterie amovible et enroulable vous permet un chargement simple et flexible. La construction robuste ainsi que les composants \u00e0 longue dur\u00e9e de vie sont con\u00e7us pour \u00eatre fiables et \u00e9conomiques. Le <strong>Silence S02C<\/strong> est un v\u00e9hicule de travail bien pens\u00e9 pour une mobilit\u00e9 durable - silencieux, propre et efficace.<\/p>\n\n\n\n<div>\n<div><a href=\"#probefahrt\">Essayer maintenant<\/a><\/div>\n<\/div>\n<\/div>\n<\/div>\n\n\n\n<div class=\"pb100 page-width\"><\/div>\n\n\n\n<div class=\"flex flex-center flex-gap col-50 pb100 page-width\">\n<div>\n<figure class=\"wp-block-image size-full img-corn\"><img loading=\"lazy\" decoding=\"async\" width=\"2000\" height=\"1333\" src=\"https:\/\/www.microcorner.ch\/data\/Marken\/Silence\/S01\/Mehr-erfahren\/microcorner-elektroroller-silence-s01-app.jpg\" alt=\"Microcorner scooter \u00e9lectrique Silence S01 App\" class=\"wp-image-1578\"\/><figcaption class=\"wp-element-caption\">                                <\/figcaption><\/figure>\n<\/div>\n\n\n\n<div>\n<p class=\"is-style-text-ber-titel\">EN R\u00c9SEAU ET PRATIQUE<\/p>\n\n\n\n<h2 id=\"my-silence-app\">Application My Silence<\/h2>\n\n\n\n<p><strong>Tout est li\u00e9 - My Silence App<\/strong><br>L'application My Silence vous permet de connecter facilement votre Silence S02C \u00e0 votre smartphone. Vous gardez ainsi \u00e0 tout moment une vue d'ensemble et contr\u00f4lez facilement les fonctions importantes \u00e0 distance.<\/p>\n\n\n\n<p><strong>Partager le Silence S02C via l'application<\/strong><br>Vous pouvez d\u00e9bloquer le scooter \u00e9lectrique pour vos amis, votre famille ou vos collaborateurs en toute simplicit\u00e9 gr\u00e2ce \u00e0 un code - sans cl\u00e9 de scooter. Le partage se fait de mani\u00e8re rapide, s\u00fbre et flexible directement via l'application.<\/p>\n\n\n\n<p><strong>Toutes les informations en un coup d'\u0153il<\/strong><br>L'\u00e9tat de la batterie, l'autonomie ou les \u00e9conomies de CO\u2082 peuvent \u00eatre facilement contr\u00f4l\u00e9s \u00e0 tout moment via l'application. Ainsi, vous avez toujours votre Silence S02C sous contr\u00f4le.<\/p>\n<\/div>\n<\/div>\n\n\n\n<div class=\"col-50 flex flex-center page-width flex-gap pb100 col-inv\">\n<div>\n<figure class=\"wp-block-image size-full img-corn\"><img loading=\"lazy\" decoding=\"async\" width=\"1200\" height=\"1440\" src=\"https:\/\/www.microcorner.ch\/data\/Marken\/Silence\/S02\/silence-s02-new-display-microcorner.jpg\" alt=\"Silence S02 New Display Microcorner\" class=\"wp-image-5636\" srcset=\"https:\/\/www.microcorner.ch\/data\/Marken\/Silence\/S02\/silence-s02-new-display-microcorner.jpg 1200w, https:\/\/www.microcorner.ch\/data\/Marken\/Silence\/S02\/silence-s02-new-display-microcorner-250x300.jpg 250w, https:\/\/www.microcorner.ch\/data\/Marken\/Silence\/S02\/silence-s02-new-display-microcorner-853x1024.jpg 853w, https:\/\/www.microcorner.ch\/data\/Marken\/Silence\/S02\/silence-s02-new-display-microcorner-768x922.jpg 768w, https:\/\/www.microcorner.ch\/data\/Marken\/Silence\/S02\/silence-s02-new-display-microcorner-10x12.jpg 10w, https:\/\/www.microcorner.ch\/data\/Marken\/Silence\/S02\/silence-s02-new-display-microcorner-900x1080.jpg 900w\" sizes=\"(max-width: 1200px) 100vw, 1200px\" \/><\/figure>\n<\/div>\n\n\n\n<div>\n<p class=\"is-style-text-ber-titel\">TROIS MODES DE CONDUITE POUR CHAQUE SITUATION<\/p>\n\n\n\n<h2 id=\"my-silence-app\">SPORT, CITY ET ECO<\/h2>\n\n\n\n<p>Gr\u00e2ce aux diff\u00e9rents modes de conduite, vous adaptez de mani\u00e8re optimale la dynamique de conduite \u00e0 votre environnement.<\/p>\n\n\n\n<p><strong>Mode sport<\/strong><br>Pour une performance maximale et une vitesse maximale jusqu'\u00e0 85 km\/h.<\/p>\n\n\n\n<p><strong>Mode ville<\/strong><br>Id\u00e9al pour la circulation urbaine avec une autonomie allant jusqu'\u00e0 137 km (WMTC).<\/p>\n\n\n\n<p><strong>Ecomodus<\/strong><br>Avec une r\u00e9cup\u00e9ration plus forte et une puissance r\u00e9duite, vous obtenez la plus grande autonomie possible, jusqu'\u00e0 200 km.<\/p>\n\n\n\n<p>La consommation et la r\u00e9cup\u00e9ration sont clairement affich\u00e9es sur l'\u00e9cran.<\/p>\n<\/div>\n<\/div>\n\n\n\n<figure class=\"wp-block-image alignfull size-full pb100\"><img loading=\"lazy\" decoding=\"async\" width=\"2048\" height=\"1087\" src=\"https:\/\/www.microcorner.ch\/data\/Marken\/Silence\/S02\/silence-s02-new-display-microcorner-2.jpg\" alt=\"Silence S02 New Display Microcorner 2\" class=\"wp-image-5640\" srcset=\"https:\/\/www.microcorner.ch\/data\/Marken\/Silence\/S02\/silence-s02-new-display-microcorner-2.jpg 2048w, https:\/\/www.microcorner.ch\/data\/Marken\/Silence\/S02\/silence-s02-new-display-microcorner-2-300x159.jpg 300w, https:\/\/www.microcorner.ch\/data\/Marken\/Silence\/S02\/silence-s02-new-display-microcorner-2-1024x544.jpg 1024w, https:\/\/www.microcorner.ch\/data\/Marken\/Silence\/S02\/silence-s02-new-display-microcorner-2-768x408.jpg 768w, https:\/\/www.microcorner.ch\/data\/Marken\/Silence\/S02\/silence-s02-new-display-microcorner-2-1536x815.jpg 1536w, https:\/\/www.microcorner.ch\/data\/Marken\/Silence\/S02\/silence-s02-new-display-microcorner-2-18x10.jpg 18w, https:\/\/www.microcorner.ch\/data\/Marken\/Silence\/S02\/silence-s02-new-display-microcorner-2-1320x701.jpg 1320w, https:\/\/www.microcorner.ch\/data\/Marken\/Silence\/S02\/silence-s02-new-display-microcorner-2-900x478.jpg 900w\" sizes=\"(max-width: 2048px) 100vw, 2048px\" \/><\/figure>\n\n\n\n<div class=\"col-50 flex flex-center page-width flex-gap pb100\">\n<div>\n<figure class=\"wp-block-image size-large img-corn\"><img loading=\"lazy\" decoding=\"async\" width=\"892\" height=\"1024\" src=\"https:\/\/www.microcorner.ch\/data\/Marken\/Silence\/S02\/llevate-la-bateria-contigo-y-cargala-donde-quieras-media-new-s02-microcorner-892x1024.jpg\" alt=\"Llevate La Bateria Contigo Y Cargala Donde Quieras Media New S02 Microcorner\" class=\"wp-image-5639\" srcset=\"https:\/\/www.microcorner.ch\/data\/Marken\/Silence\/S02\/llevate-la-bateria-contigo-y-cargala-donde-quieras-media-new-s02-microcorner-892x1024.jpg 892w, https:\/\/www.microcorner.ch\/data\/Marken\/Silence\/S02\/llevate-la-bateria-contigo-y-cargala-donde-quieras-media-new-s02-microcorner-261x300.jpg 261w, https:\/\/www.microcorner.ch\/data\/Marken\/Silence\/S02\/llevate-la-bateria-contigo-y-cargala-donde-quieras-media-new-s02-microcorner-768x882.jpg 768w, https:\/\/www.microcorner.ch\/data\/Marken\/Silence\/S02\/llevate-la-bateria-contigo-y-cargala-donde-quieras-media-new-s02-microcorner-1337x1536.jpg 1337w, https:\/\/www.microcorner.ch\/data\/Marken\/Silence\/S02\/llevate-la-bateria-contigo-y-cargala-donde-quieras-media-new-s02-microcorner-10x12.jpg 10w, https:\/\/www.microcorner.ch\/data\/Marken\/Silence\/S02\/llevate-la-bateria-contigo-y-cargala-donde-quieras-media-new-s02-microcorner-1320x1516.jpg 1320w, https:\/\/www.microcorner.ch\/data\/Marken\/Silence\/S02\/llevate-la-bateria-contigo-y-cargala-donde-quieras-media-new-s02-microcorner-900x1034.jpg 900w, https:\/\/www.microcorner.ch\/data\/Marken\/Silence\/S02\/llevate-la-bateria-contigo-y-cargala-donde-quieras-media-new-s02-microcorner.jpg 1414w\" sizes=\"(max-width: 892px) 100vw, 892px\" \/><\/figure>\n<\/div>\n\n\n\n<div>\n<p class=\"is-style-text-ber-titel\">SYST\u00c8ME DE BATTERIE INTELLIGENT<\/p>\n\n\n\n<h2 id=\"my-silence-app\">Recharger facilement partout<\/h2>\n\n\n\n<p><strong>D\u00e9passer les fronti\u00e8res - recharger le Silence S02C partout<\/strong><br>Les v\u00e9hicules Silence sont \u00e9quip\u00e9s d'un syst\u00e8me de batterie bien pens\u00e9 : durable, interchangeable et facile \u00e0 transporter. Vous restez ainsi flexible et ind\u00e9pendant au quotidien.<\/p>\n\n\n\n<p><strong>Une batterie comme une valise \u00e0 roulettes<\/strong><br>La solution brevet\u00e9e : la batterie se retire comme une valise \u00e0 roulettes et s'emporte facilement. Elle peut ensuite \u00eatre recharg\u00e9e sur n'importe quelle prise \u00e9lectrique classique - sans infrastructure de recharge fixe.<\/p>\n\n\n\n<div>\n<div><a href=\"#probefahrt\">Essayer maintenant<\/a><\/div>\n<\/div>\n<\/div>\n<\/div>\n\n\n\n<div class=\"col-50 flex flex-center page-width flex-gap pb100 col-inv\">\n<div>\n<figure class=\"wp-block-image size-large img-corn\"><img loading=\"lazy\" decoding=\"async\" width=\"1024\" height=\"580\" src=\"https:\/\/www.microcorner.ch\/data\/Marken\/Silence\/S02\/silence-new-s02-front-microcorner-1024x580.jpg\" alt=\"Silence New S02 Front Microcorner\" class=\"wp-image-5638\" srcset=\"https:\/\/www.microcorner.ch\/data\/Marken\/Silence\/S02\/silence-new-s02-front-microcorner-1024x580.jpg 1024w, https:\/\/www.microcorner.ch\/data\/Marken\/Silence\/S02\/silence-new-s02-front-microcorner-300x170.jpg 300w, https:\/\/www.microcorner.ch\/data\/Marken\/Silence\/S02\/silence-new-s02-front-microcorner-768x435.jpg 768w, https:\/\/www.microcorner.ch\/data\/Marken\/Silence\/S02\/silence-new-s02-front-microcorner-1536x870.jpg 1536w, https:\/\/www.microcorner.ch\/data\/Marken\/Silence\/S02\/silence-new-s02-front-microcorner-2048x1160.jpg 2048w, https:\/\/www.microcorner.ch\/data\/Marken\/Silence\/S02\/silence-new-s02-front-microcorner-18x10.jpg 18w, https:\/\/www.microcorner.ch\/data\/Marken\/Silence\/S02\/silence-new-s02-front-microcorner-1320x748.jpg 1320w, https:\/\/www.microcorner.ch\/data\/Marken\/Silence\/S02\/silence-new-s02-front-microcorner-900x510.jpg 900w\" sizes=\"(max-width: 1024px) 100vw, 1024px\" \/><\/figure>\n<\/div>\n\n\n\n<div>\n<p class=\"is-style-text-ber-titel\">vitesse maximale 85 km\/h<\/p>\n\n\n\n<h2><strong>Performance et port\u00e9e \u00e9lev\u00e9es<\/strong><\/h2>\n\n\n\n<p class=\"is-style-text-ber-titel\"><strong>Puissant<\/strong><br>Le scooter \u00e9lectrique Silence S02C atteint une vitesse maximale de 85 km\/h et offre une autonomie allant jusqu'\u00e0 137 km. Avec une acc\u00e9l\u00e9ration de 0 \u00e0 50 km\/h en seulement 4,65 secondes, vous \u00eates particuli\u00e8rement dynamique dans le trafic urbain.<\/p>\n\n\n\n<p class=\"is-style-text-ber-titel\">Avec son moteur de 4 kW et une puissance de pointe de 6,3 kW, le S02C correspond \u00e0 la cat\u00e9gorie de permis de conduire d'une moto classique de 125 cm3.<\/p>\n<\/div>\n<\/div>\n\n\n\n<figure class=\"wp-block-image alignfull size-full pb100\"><img loading=\"lazy\" decoding=\"async\" width=\"1414\" height=\"1316\" src=\"https:\/\/www.microcorner.ch\/data\/Marken\/Silence\/S02\/silence-new-s02-back-microcorner.png\" alt=\"Silence New S02 Back Microcorner\" class=\"wp-image-5637\" srcset=\"https:\/\/www.microcorner.ch\/data\/Marken\/Silence\/S02\/silence-new-s02-back-microcorner.png 1414w, https:\/\/www.microcorner.ch\/data\/Marken\/Silence\/S02\/silence-new-s02-back-microcorner-300x279.png 300w, https:\/\/www.microcorner.ch\/data\/Marken\/Silence\/S02\/silence-new-s02-back-microcorner-1024x953.png 1024w, https:\/\/www.microcorner.ch\/data\/Marken\/Silence\/S02\/silence-new-s02-back-microcorner-768x715.png 768w, https:\/\/www.microcorner.ch\/data\/Marken\/Silence\/S02\/silence-new-s02-back-microcorner-13x12.png 13w, https:\/\/www.microcorner.ch\/data\/Marken\/Silence\/S02\/silence-new-s02-back-microcorner-1320x1229.png 1320w, https:\/\/www.microcorner.ch\/data\/Marken\/Silence\/S02\/silence-new-s02-back-microcorner-900x838.png 900w\" sizes=\"(max-width: 1414px) 100vw, 1414px\" \/><\/figure>\n\n\n\n<div class=\"col-50 flex flex-center page-width flex-gap pb100 col-inv\">\n<div>\n<figure class=\"wp-block-image size-large img-corn\"><img loading=\"lazy\" decoding=\"async\" width=\"683\" height=\"1024\" src=\"https:\/\/www.microcorner.ch\/data\/Marken\/Silence\/S01Plus\/Mehr-erfahren\/microcorner-elektroroller-grey-silence-s01-plus-grey-silence-batterie-station-683x1024.jpeg\" alt=\"Microcorner Scooter \u00e9lectrique Grey Silence S01 Plus Grey Silence Station de batteries\" class=\"wp-image-1554\"\/><\/figure>\n<\/div>\n\n\n\n<div>\n<p class=\"is-style-text-ber-titel\">UNE NOUVELLE D\u00c9FINITION DU CHARGEMENT&nbsp;<\/p>\n\n\n\n<h2 id=\"my-silence-app\">Recharge ou remplacement rapide<\/h2>\n\n\n\n<p>Silence propose des stations de recharge fixes accessibles \u00e0 plusieurs utilisateurs - parfaites pour les grands ensembles ou les collectivit\u00e9s o\u00f9 plusieurs personnes utilisent des v\u00e9hicules Silence.<\/p>\n\n\n\n<p>Les utilisateurs individuels ont la possibilit\u00e9 d'installer leur propre station. L'avantage : sur une station de recharge Silence, ta batterie se recharge jusqu'\u00e0 trois fois plus vite que sur une prise de courant normale.<\/p>\n\n\n\n<div>\n<div><a href=\"#probefahrt\">Essayer maintenant<\/a><\/div>\n<\/div>\n<\/div>\n<\/div>\n\n\n\n<div class=\"col-50 flex flex-center page-width flex-gap pb100\">\n<div>\n<figure class=\"wp-block-image size-large img-corn\"><img loading=\"lazy\" decoding=\"async\" width=\"1024\" height=\"682\" src=\"https:\/\/www.microcorner.ch\/data\/Marken\/Silence\/S01\/Mehr-erfahren\/microcorner-elektroroller-silence-s01-REVERSE-1024x682.jpg\" alt=\"Microcorner Scooter \u00e9lectrique Silence S01 Reverse\" class=\"wp-image-1596\"\/><\/figure>\n<\/div>\n\n\n\n<div>\n<p class=\"is-style-text-ber-titel\">PARKING INTELLIGENT<\/p>\n\n\n\n<h2 id=\"my-silence-app\">Marche arri\u00e8re pour des man\u0153uvres faciles<\/h2>\n\n\n\n<p>Le Silence S02 offre une excellente maniabilit\u00e9 gr\u00e2ce \u00e0 sa marche arri\u00e8re.<\/p>\n\n\n\n<p>Une simple pression sur le bouton vert du guidon et le S02 recule. Cette fonction est particuli\u00e8rement utile pour se garer.<\/p>\n<\/div>\n<\/div>\n\n\n\n<figure class=\"wp-block-image alignfull size-full pb100\"><img loading=\"lazy\" decoding=\"async\" width=\"2048\" height=\"1366\" src=\"https:\/\/www.microcorner.ch\/data\/Marken\/Silence\/S02\/mehr-erfahren\/silence-s02-gruen-microcorner-zuerich.jpg\" alt=\"Silence S02 Vert Microcorner Zurich\" class=\"wp-image-1642\"\/><\/figure>","protected":false},"excerpt":{"rendered":"<ul>\n<li>137 km d'autonomie<\/li>\n<li>85 km\/h vitesse de pointe<\/li>\n<li>5,6 kW de puissance de cr\u00eate<\/li>\n<li>Batterie de valise \u00e0 roulettes amovible<\/li>\n<\/ul>\n<p>Puissant et maniable, le Silence S02C a \u00e9t\u00e9 con\u00e7u pour une utilisation professionnelle.<\/p>","protected":false},"featured_media":5631,"comment_status":"closed","ping_status":"closed","template":"","meta":{"_acf_changed":false,"css_class_manager_body_classes":"","css_class_manager_use_in_post_loop":false},"wpc-attribute-group":[],"product_brand":[59],"product_cat":[19],"product_tag":[],"class_list":{"0":"post-112","1":"product","2":"type-product","3":"status-publish","4":"has-post-thumbnail","6":"product_brand-silence","7":"product_cat-e-roller","8":"product_shipping_class-roller-versand","10":"first","11":"instock","12":"taxable","13":"shipping-taxable","14":"purchasable","15":"product-type-variable","16":"has-default-attributes"},"acf":[],"_links":{"self":[{"href":"https:\/\/www.microcorner.ch\/fr\/wp-json\/wp\/v2\/product\/112","targetHints":{"allow":["GET"]}}],"collection":[{"href":"https:\/\/www.microcorner.ch\/fr\/wp-json\/wp\/v2\/product"}],"about":[{"href":"https:\/\/www.microcorner.ch\/fr\/wp-json\/wp\/v2\/types\/product"}],"replies":[{"embeddable":true,"href":"https:\/\/www.microcorner.ch\/fr\/wp-json\/wp\/v2\/comments?post=112"}],"wp:featuredmedia":[{"embeddable":true,"href":"https:\/\/www.microcorner.ch\/fr\/wp-json\/wp\/v2\/media\/5631"}],"wp:attachment":[{"href":"https:\/\/www.microcorner.ch\/fr\/wp-json\/wp\/v2\/media?parent=112"}],"wp:term":[{"taxonomy":"wpc-attribute-group","embeddable":true,"href":"https:\/\/www.microcorner.ch\/fr\/wp-json\/wp\/v2\/wpc-attribute-group?post=112"},{"taxonomy":"product_brand","embeddable":true,"href":"https:\/\/www.microcorner.ch\/fr\/wp-json\/wp\/v2\/product_brand?post=112"},{"taxonomy":"product_cat","embeddable":true,"href":"https:\/\/www.microcorner.ch\/fr\/wp-json\/wp\/v2\/product_cat?post=112"},{"taxonomy":"product_tag","embeddable":true,"href":"https:\/\/www.microcorner.ch\/fr\/wp-json\/wp\/v2\/product_tag?post=112"}],"curies":[{"name":"wp","href":"https:\/\/api.w.org\/{rel}","templated":true}]}}