{"id":1135,"date":"2025-04-11T14:20:02","date_gmt":"2025-04-11T12:20:02","guid":{"rendered":"https:\/\/www.microcorner.ch\/shop\/e-scooter-pure-x-mclaren-special-edition-black\/"},"modified":"2026-04-17T09:54:27","modified_gmt":"2026-04-17T07:54:27","slug":"scooter-electrique-pure-x-mclaren-special-edition","status":"publish","type":"product","link":"https:\/\/www.microcorner.ch\/fr\/e-scooter-pure-x-mclaren-special-edition\/","title":{"rendered":"Scooter \u00e9lectrique PURE x McLaren Special Edition"},"content":{"rendered":"<div class=\"page-width pb100\">\n<h2>Scooter \u00e9lectrique PURE x McLaren Special Edition<\/h2>\n\n\n\n<p>La marque britannique PURE a \u00e9t\u00e9 fond\u00e9e en 2018 par Adam Norris, le p\u00e8re du pilote de Formule 1 Lando Norris. Et Lando aime se promener sur les pistes de course du monde entier avec son scooter \u00e9lectrique. De cette symbiose est n\u00e9e l'\u00e9dition exclusive PURE x McLaren. Le scooter \u00e9lectrique PURE se distingue de la masse ! Le design rencontre l'innovation technique et procure une toute autre sensation de conduite. Gr\u00e2ce \u00e0 la stabilisation active de la direction brevet\u00e9e, vous \u00e9prouvez une sensation de conduite douce et contr\u00f4l\u00e9e en maintenant la direction au centre et en amortissant les mouvements lat\u00e9raux ind\u00e9sirables. La position de conduite unique permet une position naturelle orient\u00e9e vers l'avant et une conduite stable et confortable. Le marchepied et les extr\u00e9mit\u00e9s du guidon sont pliables, ce qui rend le PURE extr\u00eamement facile \u00e0 ranger. Une fois pli\u00e9e, elle ne mesure que 54 cm (H) x 15 cm (L) x 104 cm (L). L'\u00e9clairage clair de 150 lm et les clignotants dynamiques du guidon et des repose-pieds assurent la s\u00e9curit\u00e9. Gr\u00e2ce \u00e0 son moteur d'une puissance maximale de 900 W, il gravit facilement les pentes et son autonomie de 60 km permet de faire de longues navettes ou excursions.<\/p>\n\n\n\n<p><strong>G\u00e9n\u00e9ralit\u00e9s<\/strong><\/p>\n\n\n\n<ul class=\"wp-block-list\">\n<li>Autorisation de circuler en Suisse<\/li>\n\n\n\n<li>Garantie : 2 ans<\/li>\n<\/ul>\n<\/div>","protected":false},"excerpt":{"rendered":"<ul>\n<li><span data-sheets-root=\"1\">16.2 kg Poids<\/span><\/li>\n<li><span data-sheets-root=\"1\">puissance de cr\u00eate de 900 watts<\/span><\/li>\n<li><span data-sheets-root=\"1\">60 km d'autonomie<\/span><\/li>\n<li><span data-sheets-root=\"1\">clignotants dynamiques sur le guidon et le marchepied<\/span><\/li>\n<\/ul>\n<p>La marque britannique PURE a \u00e9t\u00e9 fond\u00e9e en 2018 par Adam Norris, le p\u00e8re du pilote de Formule 1 Lando Norris. Et Lando aime se promener sur les pistes de course du monde entier avec son scooter \u00e9lectrique. De cette symbiose est n\u00e9e l'\u00e9dition exclusive PURE x McLaren. Un design innovant rencontre des performances techniques de pointe. Les marchepieds lat\u00e9raux et la stabilisation active de la direction brevet\u00e9e garantissent une conduite en douceur. Le moteur puissant est parfait pour les longues navettes et les trajets en montagne.<\/p>","protected":false},"featured_media":3306,"comment_status":"closed","ping_status":"closed","template":"","meta":{"_acf_changed":true,"css_class_manager_body_classes":"","css_class_manager_use_in_post_loop":false},"wpc-attribute-group":[],"product_brand":[65],"product_cat":[69],"product_tag":[],"class_list":{"0":"post-1135","1":"product","2":"type-product","3":"status-publish","4":"has-post-thumbnail","6":"product_brand-pure","7":"product_cat-e-scooter","8":"product_shipping_class-e-scooter","10":"first","11":"instock","12":"taxable","13":"shipping-taxable","14":"purchasable","15":"product-type-variable","16":"has-default-attributes"},"acf":[],"_links":{"self":[{"href":"https:\/\/www.microcorner.ch\/fr\/wp-json\/wp\/v2\/product\/1135","targetHints":{"allow":["GET"]}}],"collection":[{"href":"https:\/\/www.microcorner.ch\/fr\/wp-json\/wp\/v2\/product"}],"about":[{"href":"https:\/\/www.microcorner.ch\/fr\/wp-json\/wp\/v2\/types\/product"}],"replies":[{"embeddable":true,"href":"https:\/\/www.microcorner.ch\/fr\/wp-json\/wp\/v2\/comments?post=1135"}],"wp:featuredmedia":[{"embeddable":true,"href":"https:\/\/www.microcorner.ch\/fr\/wp-json\/wp\/v2\/media\/3306"}],"wp:attachment":[{"href":"https:\/\/www.microcorner.ch\/fr\/wp-json\/wp\/v2\/media?parent=1135"}],"wp:term":[{"taxonomy":"wpc-attribute-group","embeddable":true,"href":"https:\/\/www.microcorner.ch\/fr\/wp-json\/wp\/v2\/wpc-attribute-group?post=1135"},{"taxonomy":"product_brand","embeddable":true,"href":"https:\/\/www.microcorner.ch\/fr\/wp-json\/wp\/v2\/product_brand?post=1135"},{"taxonomy":"product_cat","embeddable":true,"href":"https:\/\/www.microcorner.ch\/fr\/wp-json\/wp\/v2\/product_cat?post=1135"},{"taxonomy":"product_tag","embeddable":true,"href":"https:\/\/www.microcorner.ch\/fr\/wp-json\/wp\/v2\/product_tag?post=1135"}],"curies":[{"name":"wp","href":"https:\/\/api.w.org\/{rel}","templated":true}]}}