{"id":1141,"date":"2025-04-11T14:20:02","date_gmt":"2025-04-11T12:20:02","guid":{"rendered":"https:\/\/www.microcorner.ch\/shop\/pure-advance-matte-black\/"},"modified":"2026-04-17T09:53:18","modified_gmt":"2026-04-17T07:53:18","slug":"e-scooter-pure-advance-matte-black","status":"publish","type":"product","link":"https:\/\/www.microcorner.ch\/fr\/e-scooter-pure-advance-matte-black\/","title":{"rendered":"Scooter \u00e9lectrique PURE Advance Matt Black"},"content":{"rendered":"<div class=\"page-width pb100\">\n<div class=\"col-50 flex flex-center page-width flex-gap pb100 col-inv\">\n<div>\n<figure class=\"wp-block-video img-corn\"><video height=\"720\" style=\"aspect-ratio: 1152 \/ 720;\" width=\"1152\" autoplay loop muted src=\"https:\/\/www.microcorner.ch\/data\/Marken\/PURE\/E-Scooter-PURE-Advance-Flex-Mercury-Grey\/PURE-Advance-Flex-Mercury-2.mp4\" playsinline><\/video><\/figure>\n<\/div>\n\n\n\n<div>\n<h2>Scooter \u00e9lectrique PURE Advance Matte Black<\/h2>\n\n\n\n<p>La marque britannique PURE a \u00e9t\u00e9 fond\u00e9e en 2018 par Adam Norris, le p\u00e8re du pilote de Formule 1 Lando Norris. Et Lando aime se promener sur les pistes de course du monde entier avec son scooter \u00e9lectrique. De cette symbiose est n\u00e9e l'\u00e9dition exclusive PURE x McLaren. Le scooter \u00e9lectrique PURE se distingue de la masse ! Le design rencontre l'innovation technique et procure une toute autre sensation de conduite. Gr\u00e2ce \u00e0 la stabilisation active de la direction brevet\u00e9e, vous \u00e9prouvez une sensation de conduite douce et contr\u00f4l\u00e9e en maintenant la direction au centre et en amortissant les mouvements lat\u00e9raux ind\u00e9sirables. <\/p>\n\n\n\n<div>\n<div><a href=\"#probefahrt\">Essayer maintenant<\/a><\/div>\n<\/div>\n<\/div>\n<\/div>\n\n\n\n<div class=\"pb100 page-width\">\n<figure class=\"wp-block-gallery has-nested-images columns-6 is-cropped wp-block-gallery-1 wp-block-gallery-\">\n<figure class=\"wp-block-image size-large\"><img loading=\"lazy\" decoding=\"async\" width=\"1024\" height=\"1024\" data-id=\"3310\" src=\"https:\/\/www.microcorner.ch\/data\/Marken\/PURE\/E-Scooter-PURE-Advance-Matte-Black\/E-Scooter-PURE-Advance-Matte-Black-4-1024x1024.jpg\" alt=\"E-Trottinette Pure Advance Matte Black 4\" class=\"wp-image-3310\"\/><\/figure>\n\n\n\n<figure class=\"wp-block-image size-large\"><img loading=\"lazy\" decoding=\"async\" width=\"1024\" height=\"768\" data-id=\"4677\" src=\"https:\/\/www.microcorner.ch\/data\/Marken\/PURE\/E-Scooter-PURE-Advance-Flex-Mercury-Grey\/E-Scooter-PURE-Advance-Flex-Mercury-Grey-3-1024x768.jpg\" alt=\"Trottinette \u00e9lectrique Pure Advance Flex gris mercure 3\" class=\"wp-image-4677\"\/><\/figure>\n\n\n\n<figure class=\"wp-block-image size-large\"><img loading=\"lazy\" decoding=\"async\" width=\"1024\" height=\"1024\" data-id=\"4678\" src=\"https:\/\/www.microcorner.ch\/data\/Marken\/PURE\/E-Scooter-PURE-Advance-Flex-Mercury-Grey\/E-Scooter-PURE-Advance-Flex-Mercury-Grey-4-1024x1024.jpg\" alt=\"Trottinette \u00e9lectrique Pure Advance Flex gris mercure 4\" class=\"wp-image-4678\"\/><\/figure>\n\n\n\n<figure class=\"wp-block-image size-large\"><img loading=\"lazy\" decoding=\"async\" width=\"1024\" height=\"1024\" data-id=\"4679\" src=\"https:\/\/www.microcorner.ch\/data\/Marken\/PURE\/E-Scooter-PURE-Advance-Flex-Mercury-Grey\/E-Scooter-PURE-Advance-Flex-Mercury-Grey-5-1024x1024.jpg\" alt=\"Trottinette \u00e9lectrique Pure Advance Flex gris mercure 5\" class=\"wp-image-4679\"\/><\/figure>\n\n\n\n<figure class=\"wp-block-image size-large\"><img loading=\"lazy\" decoding=\"async\" width=\"1024\" height=\"1024\" data-id=\"3307\" src=\"https:\/\/www.microcorner.ch\/data\/Marken\/PURE\/E-Scooter-PURE-Advance-Matte-Black\/E-Scooter-PURE-Advance-Matte-Black-1-1024x1024.jpg\" alt=\"E-Trottinette Pure Advance Matte Black 1\" class=\"wp-image-3307\"\/><\/figure>\n\n\n\n<figure class=\"wp-block-image size-large\"><img loading=\"lazy\" decoding=\"async\" width=\"1024\" height=\"768\" data-id=\"4681\" src=\"https:\/\/www.microcorner.ch\/data\/Marken\/PURE\/E-Scooter-PURE-Advance-Flex-Mercury-Grey\/E-Scooter-PURE-Advance-Flex-Mercury-Grey-7-1024x768.jpg\" alt=\"Trottinette \u00e9lectrique Pure Advance Flex gris mercure 7\" class=\"wp-image-4681\"\/><\/figure>\n<\/figure>\n<\/div>\n\n\n\n<div class=\"flex flex-center flex-gap col-50 pb100 page-width\">\n<div>\n<figure class=\"wp-block-image size-large img-corn\"><img loading=\"lazy\" decoding=\"async\" width=\"1024\" height=\"1024\" src=\"https:\/\/www.microcorner.ch\/data\/Marken\/PURE\/E-Scooter-PURE-Advance-Matte-Black\/E-Scooter-PURE-Advance-Matte-Black-2-1024x1024.jpg\" alt=\"E-Trottinette Pure Advance Matte Black 2\" class=\"wp-image-3308\"\/><\/figure>\n<\/div>\n\n\n\n<div>\n<p class=\"is-style-text-ber-titel\">PURE<\/p>\n\n\n\n<h2>Tapis Advance<\/h2>\n\n\n\n<p>La position de conduite unique permet une position naturelle, orient\u00e9e vers l'avant, et une conduite stable et confortable. Le marchepied et les extr\u00e9mit\u00e9s du guidon sont pliables, ce qui rend le PURE extr\u00eamement facile \u00e0 ranger. Une fois pli\u00e9e, elle ne mesure que 54 cm (H) x 15 cm (L) x 104 cm (L). L'\u00e9clairage clair de 150 lm et les clignotants dynamiques du guidon et des repose-pieds assurent la s\u00e9curit\u00e9. Gr\u00e2ce \u00e0 son moteur d'une puissance maximale de 900 W, il gravit facilement les pentes et son autonomie de 40 km permet de faire de longues navettes ou excursions.<\/p>\n<\/div>\n<\/div>\n\n\n\n<p><strong>G\u00e9n\u00e9ralit\u00e9s<\/strong><\/p>\n\n\n\n<ul class=\"wp-block-list\">\n<li>Autorisation de circuler en Suisse<\/li>\n\n\n\n<li>Garantie : 2 ans<\/li>\n<\/ul>\n<\/div>","protected":false},"excerpt":{"rendered":"<ul>\n<li>16.2 kg Poids<\/li>\n<li>puissance de cr\u00eate de 900 watts<\/li>\n<li>40 km de port\u00e9e<\/li>\n<li>clignotants dynamiques sur le guidon et le marchepied<\/li>\n<\/ul>\n<p><span data-sheets-root=\"1\">Un design innovant et des performances techniques de pointe. Les marchepieds lat\u00e9raux et la stabilisation active de la direction brevet\u00e9e garantissent une conduite en douceur. Le moteur puissant est parfait pour les longs trajets pendulaires et les trajets en montagne.<\/span><\/p>","protected":false},"featured_media":1934,"comment_status":"closed","ping_status":"closed","template":"","meta":{"_acf_changed":true,"css_class_manager_body_classes":"","css_class_manager_use_in_post_loop":false},"wpc-attribute-group":[],"product_brand":[65],"product_cat":[69],"product_tag":[],"class_list":{"0":"post-1141","1":"product","2":"type-product","3":"status-publish","4":"has-post-thumbnail","6":"product_brand-pure","7":"product_cat-e-scooter","8":"product_shipping_class-e-scooter","10":"first","11":"instock","12":"taxable","13":"shipping-taxable","14":"purchasable","15":"product-type-simple"},"acf":[],"_links":{"self":[{"href":"https:\/\/www.microcorner.ch\/fr\/wp-json\/wp\/v2\/product\/1141","targetHints":{"allow":["GET"]}}],"collection":[{"href":"https:\/\/www.microcorner.ch\/fr\/wp-json\/wp\/v2\/product"}],"about":[{"href":"https:\/\/www.microcorner.ch\/fr\/wp-json\/wp\/v2\/types\/product"}],"replies":[{"embeddable":true,"href":"https:\/\/www.microcorner.ch\/fr\/wp-json\/wp\/v2\/comments?post=1141"}],"wp:featuredmedia":[{"embeddable":true,"href":"https:\/\/www.microcorner.ch\/fr\/wp-json\/wp\/v2\/media\/1934"}],"wp:attachment":[{"href":"https:\/\/www.microcorner.ch\/fr\/wp-json\/wp\/v2\/media?parent=1141"}],"wp:term":[{"taxonomy":"wpc-attribute-group","embeddable":true,"href":"https:\/\/www.microcorner.ch\/fr\/wp-json\/wp\/v2\/wpc-attribute-group?post=1141"},{"taxonomy":"product_brand","embeddable":true,"href":"https:\/\/www.microcorner.ch\/fr\/wp-json\/wp\/v2\/product_brand?post=1141"},{"taxonomy":"product_cat","embeddable":true,"href":"https:\/\/www.microcorner.ch\/fr\/wp-json\/wp\/v2\/product_cat?post=1141"},{"taxonomy":"product_tag","embeddable":true,"href":"https:\/\/www.microcorner.ch\/fr\/wp-json\/wp\/v2\/product_tag?post=1141"}],"curies":[{"name":"wp","href":"https:\/\/api.w.org\/{rel}","templated":true}]}}