{"id":1144,"date":"2025-04-11T14:20:02","date_gmt":"2025-04-11T12:20:02","guid":{"rendered":"https:\/\/www.microcorner.ch\/shop\/micro-explorer-ii\/"},"modified":"2026-04-17T09:51:58","modified_gmt":"2026-04-17T07:51:58","slug":"micro-explorer-ii","status":"publish","type":"product","link":"https:\/\/www.microcorner.ch\/fr\/micro-explorer-ii\/","title":{"rendered":"MICRO Explorer II"},"content":{"rendered":"<div class=\"page-width pb100\">\n<h2 data-tab=\"Beschreibung\">MICRO Explorer II<\/h2>\n\n\n\n<p>Mais son plus grand atout est son poids et sa compacit\u00e9. Avec seulement 13 kg, il fait partie des poids plumes parmi les scooters \u00e9lectriques. Et gr\u00e2ce \u00e0 son guidon enti\u00e8rement rabattable et r\u00e9glable en hauteur, extr\u00e9mit\u00e9s comprises, il se glisse sans probl\u00e8me sous le si\u00e8ge d'un train ou dans le coffre d'une petite voiture. Gr\u00e2ce \u00e0 une suspension int\u00e9gr\u00e9e, il offre un bon confort malgr\u00e9 des pneus pleins un peu durs qui ne n\u00e9cessitent en revanche aucun entretien. La s\u00e9curit\u00e9 est assur\u00e9e par trois m\u00e9canismes de freinage, des feux homologu\u00e9s et des r\u00e9flecteurs lat\u00e9raux. Le plaisir de conduire intuitif est renforc\u00e9 par la poign\u00e9e rotative et l'\u00e9cran int\u00e9gr\u00e9.&nbsp;<\/p>\n\n\n\n<p>Avec la Micro App, on garde toujours un \u0153il sur l'autonomie de la batterie et la distance parcourue.<\/p>\n\n\n\n<p><strong>G\u00e9n\u00e9ralit\u00e9s<\/strong><\/p>\n\n\n\n<ul class=\"wp-block-list\">\n<li>Autorisation de circuler en Suisse<\/li>\n\n\n\n<li>Garantie : 2 ans<\/li>\n<\/ul>\n<\/div>","protected":false},"excerpt":{"rendered":"<ul>\n<li>13 kg l\u00e9ger<\/li>\n<li>35 km d'autonomie<\/li>\n<li>petit et compact<\/li>\n<\/ul>\n<p>Avec ses 13 kg, elle est compacte et se glisse facilement sous le si\u00e8ge d'un train ou dans le coffre d'une petite voiture. Les pneus pleins garantissent l'absence de crevaison, la suspension int\u00e9gr\u00e9e assure le confort, et les trois m\u00e9canismes de freinage ainsi que les feux homologu\u00e9s garantissent la s\u00e9curit\u00e9.<\/p>","protected":false},"featured_media":1913,"comment_status":"closed","ping_status":"closed","template":"","meta":{"_acf_changed":true,"css_class_manager_body_classes":"","css_class_manager_use_in_post_loop":false},"wpc-attribute-group":[],"product_brand":[64],"product_cat":[69],"product_tag":[],"class_list":{"0":"post-1144","1":"product","2":"type-product","3":"status-publish","4":"has-post-thumbnail","6":"product_brand-micro","7":"product_cat-e-scooter","8":"product_shipping_class-e-scooter","10":"first","11":"instock","12":"taxable","13":"shipping-taxable","14":"purchasable","15":"product-type-simple"},"acf":[],"_links":{"self":[{"href":"https:\/\/www.microcorner.ch\/fr\/wp-json\/wp\/v2\/product\/1144","targetHints":{"allow":["GET"]}}],"collection":[{"href":"https:\/\/www.microcorner.ch\/fr\/wp-json\/wp\/v2\/product"}],"about":[{"href":"https:\/\/www.microcorner.ch\/fr\/wp-json\/wp\/v2\/types\/product"}],"replies":[{"embeddable":true,"href":"https:\/\/www.microcorner.ch\/fr\/wp-json\/wp\/v2\/comments?post=1144"}],"wp:featuredmedia":[{"embeddable":true,"href":"https:\/\/www.microcorner.ch\/fr\/wp-json\/wp\/v2\/media\/1913"}],"wp:attachment":[{"href":"https:\/\/www.microcorner.ch\/fr\/wp-json\/wp\/v2\/media?parent=1144"}],"wp:term":[{"taxonomy":"wpc-attribute-group","embeddable":true,"href":"https:\/\/www.microcorner.ch\/fr\/wp-json\/wp\/v2\/wpc-attribute-group?post=1144"},{"taxonomy":"product_brand","embeddable":true,"href":"https:\/\/www.microcorner.ch\/fr\/wp-json\/wp\/v2\/product_brand?post=1144"},{"taxonomy":"product_cat","embeddable":true,"href":"https:\/\/www.microcorner.ch\/fr\/wp-json\/wp\/v2\/product_cat?post=1144"},{"taxonomy":"product_tag","embeddable":true,"href":"https:\/\/www.microcorner.ch\/fr\/wp-json\/wp\/v2\/product_tag?post=1144"}],"curies":[{"name":"wp","href":"https:\/\/api.w.org\/{rel}","templated":true}]}}