{"id":1162,"date":"2025-04-11T17:08:47","date_gmt":"2025-04-11T15:08:47","guid":{"rendered":"https:\/\/www.microcorner.ch\/?post_type=product&#038;p=1162"},"modified":"2026-02-05T11:08:31","modified_gmt":"2026-02-05T10:08:31","slug":"ecooter-e2-urban","status":"publish","type":"product","link":"https:\/\/www.microcorner.ch\/fr\/ecooter-e2-urban\/","title":{"rendered":"Ecooter E2 Urban"},"content":{"rendered":"<div>\n<div class=\"col-50 flex flex-center page-width flex-gap pb100 col-inv\">\n<div>\n<figure class=\"wp-block-image size-large img-corn\"><img loading=\"lazy\" decoding=\"async\" width=\"1024\" height=\"819\" src=\"https:\/\/www.microcorner.ch\/data\/Marken\/Ecooter\/E2-Urban\/elektroroller-ecooter-e2-urban-blue-1024x819.jpg\" alt=\"Scooter \u00e9lectrique Ecooter E2 Urban Blue.jpg\" class=\"wp-image-1176\"\/><\/figure>\n<\/div>\n\n\n\n<div>\n<h2>Ecooter E2 Urban<\/h2>\n\n\n\n<p>L'Ecooter E2 Urban est id\u00e9al pour deux personnes et offre un espace surprenant, tant sur le si\u00e8ge que dans l'espace de rangement. Il est parfait pour tous ceux qui appr\u00e9cient le confort plus que la taille imposante.<\/p>\n\n\n\n<p>Et le meilleur : il peut \u00eatre conduit m\u00eame sans permis de conduire - gr\u00e2ce \u00e0 la variante de 25 km\/h pour tous \u00e0 partir de 14 ans.<\/p>\n\n\n\n<div>\n<div><a href=\"#probefahrt\">Essayer maintenant<\/a><\/div>\n<\/div>\n<\/div>\n<\/div>\n\n\n\n<div class=\"pb100 page-width\">\n<figure class=\"wp-block-gallery has-nested-images columns-6 is-cropped wp-block-gallery-1 wp-block-gallery-\">\n<figure class=\"wp-block-image size-full\"><img loading=\"lazy\" decoding=\"async\" width=\"900\" height=\"675\" data-id=\"3811\" src=\"https:\/\/www.microcorner.ch\/data\/Marken\/Ecooter\/E2-Urban\/ecooter-e2-urban-licht-min-900x675-1.jpg\" alt=\"Ecooter E2 Urban lumi\u00e8re Min 900x675\" class=\"wp-image-3811\"\/><\/figure>\n\n\n\n<figure class=\"wp-block-image size-medium\"><img loading=\"lazy\" decoding=\"async\" width=\"300\" height=\"225\" data-id=\"3837\" src=\"https:\/\/www.microcorner.ch\/data\/Marken\/Ecooter\/E2-Urban\/E2U_Steuerung-300x225.jpg\" alt=\"Contr\u00f4le E2u\" class=\"wp-image-3837\"\/><\/figure>\n\n\n\n<figure class=\"wp-block-image size-large\"><img loading=\"lazy\" decoding=\"async\" width=\"1024\" height=\"768\" data-id=\"3825\" src=\"https:\/\/www.microcorner.ch\/data\/Marken\/Ecooter\/E2-Urban\/E2U_Helmfach1-1024x768.jpg\" alt=\"E2u Compartiment pour casque1\" class=\"wp-image-3825\"\/><\/figure>\n\n\n\n<figure class=\"wp-block-image size-large\"><img loading=\"lazy\" decoding=\"async\" width=\"1024\" height=\"768\" data-id=\"3821\" src=\"https:\/\/www.microcorner.ch\/data\/Marken\/Ecooter\/E2-Urban\/E2U_Display2-1024x768.jpg\" alt=\"E2u Display2\" class=\"wp-image-3821\"\/><\/figure>\n\n\n\n<figure class=\"wp-block-image size-large\"><img loading=\"lazy\" decoding=\"async\" width=\"1024\" height=\"1016\" data-id=\"3839\" src=\"https:\/\/www.microcorner.ch\/data\/E2U_blue_rightback-1024x1016.png\" alt=\"E2u Blue Rightback\" class=\"wp-image-3839\" srcset=\"https:\/\/www.microcorner.ch\/data\/E2U_blue_rightback-1024x1016.png 1024w, https:\/\/www.microcorner.ch\/data\/E2U_blue_rightback-300x298.png 300w, https:\/\/www.microcorner.ch\/data\/E2U_blue_rightback-150x150.png 150w, https:\/\/www.microcorner.ch\/data\/E2U_blue_rightback-768x762.png 768w, https:\/\/www.microcorner.ch\/data\/E2U_blue_rightback-1536x1523.png 1536w\" sizes=\"(max-width: 1024px) 100vw, 1024px\" \/><\/figure>\n\n\n\n<figure class=\"wp-block-image size-full\"><img loading=\"lazy\" decoding=\"async\" width=\"900\" height=\"675\" data-id=\"3813\" src=\"https:\/\/www.microcorner.ch\/data\/Marken\/Ecooter\/E2-Urban\/ecooter-e2-urban-seitlich-min-900x675-1.jpg\" alt=\"Ecooter E2 Urban Lat\u00e9ral Min 900x675\" class=\"wp-image-3813\"\/><\/figure>\n\n\n\n<figure class=\"wp-block-image size-large\"><img loading=\"lazy\" decoding=\"async\" width=\"1024\" height=\"768\" data-id=\"3823\" src=\"https:\/\/www.microcorner.ch\/data\/Marken\/Ecooter\/E2-Urban\/E2U_Ecooter-Helmfach1-1024x768.jpg\" alt=\"E2u Ecooter Compartiment pour casque1\" class=\"wp-image-3823\"\/><\/figure>\n\n\n\n<figure class=\"wp-block-image size-large\"><img loading=\"lazy\" decoding=\"async\" width=\"1024\" height=\"768\" data-id=\"3831\" src=\"https:\/\/www.microcorner.ch\/data\/Marken\/Ecooter\/E2-Urban\/E2U_Schalter-1-1024x768.jpg\" alt=\"E2u Interrupteur 1\" class=\"wp-image-3831\"\/><\/figure>\n\n\n\n<figure class=\"wp-block-image size-large\"><img loading=\"lazy\" decoding=\"async\" width=\"1024\" height=\"768\" data-id=\"3835\" src=\"https:\/\/www.microcorner.ch\/data\/Marken\/Ecooter\/E2-Urban\/E2U_Sitz-1024x768.jpg\" alt=\"Si\u00e8ge E2u\" class=\"wp-image-3835\"\/><\/figure>\n\n\n\n<figure class=\"wp-block-image size-large\"><img loading=\"lazy\" decoding=\"async\" width=\"1024\" height=\"769\" data-id=\"3841\" src=\"https:\/\/www.microcorner.ch\/data\/E2U_black_left-1024x769.png\" alt=\"E2u Noir Gauche\" class=\"wp-image-3841\" srcset=\"https:\/\/www.microcorner.ch\/data\/E2U_black_left-1024x769.png 1024w, https:\/\/www.microcorner.ch\/data\/E2U_black_left-300x225.png 300w, https:\/\/www.microcorner.ch\/data\/E2U_black_left-768x577.png 768w, https:\/\/www.microcorner.ch\/data\/E2U_black_left-1536x1154.png 1536w, https:\/\/www.microcorner.ch\/data\/E2U_black_left-2048x1538.png 2048w\" sizes=\"(max-width: 1024px) 100vw, 1024px\" \/><\/figure>\n\n\n\n<figure class=\"wp-block-image size-large\"><img decoding=\"async\" data-id=\"1177\" src=\"https:\/\/www.microcorner.ch\/data\/Marken\/Ecooter\/E2-Urban\/elektroroller-ecooter-e2-urban-black-1024x819.jpg\" alt=\"Scooter \u00e9lectrique Ecooter E2 Urban Black.jpg\" class=\"wp-image-1177\"\/><\/figure>\n\n\n\n<figure class=\"wp-block-image size-large\"><img loading=\"lazy\" decoding=\"async\" width=\"1024\" height=\"768\" data-id=\"3829\" src=\"https:\/\/www.microcorner.ch\/data\/Marken\/Ecooter\/E2-Urban\/E2U_Mit-Karte-Roller-an-machen-1024x768.jpg\" alt=\"E2u Avec Carte Faire Rouler\" class=\"wp-image-3829\"\/><\/figure>\n<\/figure>\n<\/div>\n\n\n\n<div class=\"flex flex-center flex-gap col-50 pb100 page-width\">\n<div>\n<figure class=\"wp-block-image size-full img-corn\"><img loading=\"lazy\" decoding=\"async\" width=\"900\" height=\"675\" src=\"https:\/\/www.microcorner.ch\/data\/Marken\/Ecooter\/E2-Urban\/ecooter-e2-urban-licht-min-900x675-1.jpg\" alt=\"Ecooter E2 Urban lumi\u00e8re Min 900x675\" class=\"wp-image-3811\"\/><figcaption class=\"wp-element-caption\">                                <\/figcaption><\/figure>\n<\/div>\n\n\n\n<div>\n<p class=\"is-style-text-ber-titel\">VOIR ET \u00caTRE VU<\/p>\n\n\n\n<h2>Un \u00e9clairage intelligent<\/h2>\n\n\n\n<p>Le syst\u00e8me d'\u00e9clairage LED \u00e0 faible consommation d'\u00e9nergie assure un \u00e9clairage puissant avec un large faisceau lumineux - pour que tu puisses voir clairement m\u00eame dans l'obscurit\u00e9.<\/p>\n\n\n\n<p>Des feux arri\u00e8re \u00e0 LED clairs et bien visibles augmentent en outre ta s\u00e9curit\u00e9 sur la route - en particulier la nuit et dans des conditions de faible visibilit\u00e9.<\/p>\n<\/div>\n<\/div>\n\n\n\n<div class=\"col-50 flex flex-center page-width flex-gap pb100 col-inv\">\n<div>\n<figure class=\"wp-block-image size-full img-corn\"><img loading=\"lazy\" decoding=\"async\" width=\"900\" height=\"675\" src=\"https:\/\/www.microcorner.ch\/data\/Marken\/Ecooter\/E2-Urban\/ecooter-e2-urban-seitlich-min-900x675-1.jpg\" alt=\"Ecooter E2 Urban Lat\u00e9ral Min 900x675\" class=\"wp-image-3813\"\/><\/figure>\n<\/div>\n\n\n\n<div>\n<p class=\"is-style-text-ber-titel\">STABILIT\u00c9 DE HAUT NIVEAU<\/p>\n\n\n\n<h2>S\u00e9curit\u00e9 maximale<\/h2>\n\n\n\n<p>Le cadre en forme de U en acier alli\u00e9 \u00e0 haute teneur en carbone assure une rigidit\u00e9 exceptionnelle et conf\u00e8re \u00e0 l'Ecooter E2 Urban une stabilit\u00e9 de conduite remarquable - pour plus de s\u00e9curit\u00e9 sur tous les trajets.<\/p>\n<\/div>\n<\/div>\n\n\n\n<figure class=\"wp-block-image alignfull size-full pb100\"><img loading=\"lazy\" decoding=\"async\" width=\"2222\" height=\"1669\" src=\"https:\/\/www.microcorner.ch\/data\/E2U_black_left-scaled.png\" alt=\"E2u Noir Gauche\" class=\"wp-image-3841\" srcset=\"https:\/\/www.microcorner.ch\/data\/E2U_black_left-scaled.png 2222w, https:\/\/www.microcorner.ch\/data\/E2U_black_left-300x225.png 300w, https:\/\/www.microcorner.ch\/data\/E2U_black_left-1024x769.png 1024w, https:\/\/www.microcorner.ch\/data\/E2U_black_left-768x577.png 768w, https:\/\/www.microcorner.ch\/data\/E2U_black_left-1536x1154.png 1536w, https:\/\/www.microcorner.ch\/data\/E2U_black_left-2048x1538.png 2048w\" sizes=\"(max-width: 2222px) 100vw, 2222px\" \/><\/figure>\n\n\n\n<div class=\"col-50 flex flex-center page-width flex-gap pb100\">\n<div>\n<figure class=\"wp-block-image size-full img-corn\"><img loading=\"lazy\" decoding=\"async\" width=\"900\" height=\"493\" src=\"https:\/\/www.microcorner.ch\/data\/Marken\/Ecooter\/E2-Urban\/shock_desktop-1-wpp1642086266425-900x493.png.webp\" alt=\"Shock Desktop 1 Wpp1642086266425 900x493.png\" class=\"wp-image-3819\"\/><\/figure>\n<\/div>\n\n\n\n<div>\n<p class=\"is-style-text-ber-titel\">SPORTIF ET ADAPTABLE<\/p>\n\n\n\n<h2>Un ch\u00e2ssis pour chaque aventure<\/h2>\n\n\n\n<p>L'Ecooter E2 Urban offre un ch\u00e2ssis sportif qui assure un maintien s\u00fbr dans les virages. Gr\u00e2ce aux roues r\u00e9glables <strong>FASTace<\/strong>-La suspension peut \u00eatre adapt\u00e9e aux besoins et au style de conduite du conducteur ou de la conductrice, pour une exp\u00e9rience de conduite personnalis\u00e9e.<\/p>\n\n\n\n<div>\n<div><a href=\"#probefahrt\">Essayer maintenant<\/a><\/div>\n<\/div>\n<\/div>\n<\/div>\n\n\n\n<div class=\"col-50 flex flex-center page-width flex-gap pb100 col-inv\">\n<div>\n<figure class=\"wp-block-image size-full img-corn\"><img loading=\"lazy\" decoding=\"async\" width=\"900\" height=\"675\" src=\"https:\/\/www.microcorner.ch\/data\/Marken\/Ecooter\/E2-Urban\/ecooter-e2-urban-Ablage-min-900x675-1.jpg\" alt=\"Ecooter E2 Urban Rangement Min 900x675\" class=\"wp-image-3807\"\/><\/figure>\n<\/div>\n\n\n\n<div>\n<p class=\"is-style-text-ber-titel\">BEAUCOUP D'ESPACE<\/p>\n\n\n\n<h2>Un espace de rangement pour tout ce qui est important<\/h2>\n\n\n\n<p>L'Ecooter E2 Urban offre un espace de rangement pratique, parfait pour les trajets quotidiens en ville. Sous le si\u00e8ge, il y a suffisamment de place pour un casque et des effets personnels, tandis que le design compact reste n\u00e9anmoins maniable. <\/p>\n\n\n\n<p>Tu peux ainsi ranger tout ce qui est important en toute s\u00e9curit\u00e9, sans pour autant renoncer au confort ou \u00e0 la flexibilit\u00e9.<\/p>\n<\/div>\n<\/div>\n\n\n\n<figure class=\"wp-block-image alignfull size-full pb100\"><img loading=\"lazy\" decoding=\"async\" width=\"900\" height=\"434\" src=\"https:\/\/www.microcorner.ch\/data\/Marken\/Ecooter\/E2-Urban\/ecooter-e2-urban-zuerich-11-min-900x434-1.jpg\" alt=\"Ecooter E2 Urban Zuerich 11 Min 900x434\" class=\"wp-image-3815\"\/><\/figure>\n\n\n\n<div class=\"col-50 flex flex-center page-width flex-gap pb100\">\n<div>\n<figure class=\"wp-block-image size-full img-corn\"><img loading=\"lazy\" decoding=\"async\" width=\"900\" height=\"675\" src=\"https:\/\/www.microcorner.ch\/data\/Marken\/Ecooter\/E2-Urban\/20250328_145957-900x675-1.jpg\" alt=\"20250328 145957 900x675\" class=\"wp-image-3803\"\/><\/figure>\n<\/div>\n\n\n\n<div>\n<p class=\"is-style-text-ber-titel\">AUTONOMIE JUSQU'\u00c0 130 KM<\/p>\n\n\n\n<h2>Efficace et fiable sur la route<\/h2>\n\n\n\n<p>Gr\u00e2ce au syst\u00e8me de batterie au lithium de 2 kWh, tu peux atteindre une autonomie de 130 km avec l'Ecooter E2 Urban - en conduisant de mani\u00e8re \u00e9conomique.<\/p>\n\n\n\n<p>La batterie portable peut \u00eatre facilement recharg\u00e9e sur n'importe quelle prise \u00e9lectrique classique \u00e0 l'aide du chargeur fourni, de sorte que tu sois toujours pr\u00eat pour ta prochaine sortie.<\/p>\n<\/div>\n<\/div>\n\n\n\n<div class=\"col-50 flex flex-center page-width flex-gap pb100 col-inv\">\n<div>\n<figure class=\"wp-block-image size-full img-corn\"><img loading=\"lazy\" decoding=\"async\" width=\"900\" height=\"675\" src=\"https:\/\/www.microcorner.ch\/data\/Marken\/Ecooter\/E2-Urban\/ecooter-e2-urban-karten-schluessel-2-min-900x675-1.jpg\" alt=\"Ecooter E2 Urban Cartes Cl\u00e9s 2 Min 900x675\" class=\"wp-image-3809\"\/><\/figure>\n<\/div>\n\n\n\n<div>\n<p class=\"is-style-text-ber-titel\">INTELLIGENT ET CONFORTABLE<\/p>\n\n\n\n<h2 id=\"my-silence-app\">D\u00e9marrage sans fil<\/h2>\n\n\n\n<p>L'Ecooter E2 Urban est \u00e9quip\u00e9 d'une Smart Key qui permet non seulement de d\u00e9marrer le scooter, mais qui facilite \u00e9galement l'ouverture du compartiment de la selle et la commande du syst\u00e8me d'alarme - pour un maximum de confort et de s\u00e9curit\u00e9...&nbsp;<\/p>\n\n\n\n<div>\n<div><a href=\"#probefahrt\">Essayer maintenant<\/a><\/div>\n<\/div>\n<\/div>\n<\/div>\n\n\n\n<figure class=\"wp-block-image alignfull size-full pb100\"><img loading=\"lazy\" decoding=\"async\" width=\"2222\" height=\"2204\" src=\"https:\/\/www.microcorner.ch\/data\/E2U_blue_rightback-scaled.png\" alt=\"E2u Blue Rightback\" class=\"wp-image-3839\" srcset=\"https:\/\/www.microcorner.ch\/data\/E2U_blue_rightback-scaled.png 2222w, https:\/\/www.microcorner.ch\/data\/E2U_blue_rightback-300x298.png 300w, https:\/\/www.microcorner.ch\/data\/E2U_blue_rightback-1024x1016.png 1024w, https:\/\/www.microcorner.ch\/data\/E2U_blue_rightback-150x150.png 150w, https:\/\/www.microcorner.ch\/data\/E2U_blue_rightback-768x762.png 768w, https:\/\/www.microcorner.ch\/data\/E2U_blue_rightback-1536x1523.png 1536w\" sizes=\"(max-width: 2222px) 100vw, 2222px\" \/><\/figure>\n\n\n\n<p><\/p>\n<\/div>","protected":false},"excerpt":{"rendered":"<ul>\n<li>environ 130 km d'autonomie (WMTC)<\/li>\n<li>25 km\/h Vitesse de pointe<\/li>\n<li>2300 watts de puissance de cr\u00eate<\/li>\n<li>Application Ecooter<\/li>\n<\/ul>\n<p><span data-sheets-root=\"1\">Le petit scooter urbain parfait. Confortable, avec suffisamment de place sur et dans le si\u00e8ge.Un succ\u00e8s pour tous ceux qui privil\u00e9gient le confort \u00e0 la taille. Ici, dans la version 25 km\/h, qui peut \u00eatre conduite sans permis \u00e0 partir de 16 ans.<\/span><\/p>","protected":false},"featured_media":1176,"comment_status":"closed","ping_status":"closed","template":"","meta":{"_acf_changed":false,"css_class_manager_body_classes":"","css_class_manager_use_in_post_loop":false},"wpc-attribute-group":[],"product_brand":[60],"product_cat":[19,1269],"product_tag":[137],"class_list":{"0":"post-1162","1":"product","2":"type-product","3":"status-publish","4":"has-post-thumbnail","6":"product_brand-ecooter","7":"product_cat-e-roller","8":"product_cat-aktionen-plus","9":"product_tag-e-roller-markt","10":"product_shipping_class-roller-versand-ohne-optionen","12":"first","13":"instock","14":"sale","15":"taxable","16":"shipping-taxable","17":"purchasable","18":"product-type-variable"},"acf":[],"_links":{"self":[{"href":"https:\/\/www.microcorner.ch\/fr\/wp-json\/wp\/v2\/product\/1162","targetHints":{"allow":["GET"]}}],"collection":[{"href":"https:\/\/www.microcorner.ch\/fr\/wp-json\/wp\/v2\/product"}],"about":[{"href":"https:\/\/www.microcorner.ch\/fr\/wp-json\/wp\/v2\/types\/product"}],"replies":[{"embeddable":true,"href":"https:\/\/www.microcorner.ch\/fr\/wp-json\/wp\/v2\/comments?post=1162"}],"wp:featuredmedia":[{"embeddable":true,"href":"https:\/\/www.microcorner.ch\/fr\/wp-json\/wp\/v2\/media\/1176"}],"wp:attachment":[{"href":"https:\/\/www.microcorner.ch\/fr\/wp-json\/wp\/v2\/media?parent=1162"}],"wp:term":[{"taxonomy":"wpc-attribute-group","embeddable":true,"href":"https:\/\/www.microcorner.ch\/fr\/wp-json\/wp\/v2\/wpc-attribute-group?post=1162"},{"taxonomy":"product_brand","embeddable":true,"href":"https:\/\/www.microcorner.ch\/fr\/wp-json\/wp\/v2\/product_brand?post=1162"},{"taxonomy":"product_cat","embeddable":true,"href":"https:\/\/www.microcorner.ch\/fr\/wp-json\/wp\/v2\/product_cat?post=1162"},{"taxonomy":"product_tag","embeddable":true,"href":"https:\/\/www.microcorner.ch\/fr\/wp-json\/wp\/v2\/product_tag?post=1162"}],"curies":[{"name":"wp","href":"https:\/\/api.w.org\/{rel}","templated":true}]}}