{"id":1179,"date":"2025-04-13T15:48:21","date_gmt":"2025-04-13T13:48:21","guid":{"rendered":"https:\/\/www.microcorner.ch\/?post_type=product&#038;p=1179"},"modified":"2026-02-05T11:10:30","modified_gmt":"2026-02-05T10:10:30","slug":"silence-s01-plus","status":"publish","type":"product","link":"https:\/\/www.microcorner.ch\/fr\/silence-s01-plus\/","title":{"rendered":"Silence S01+"},"content":{"rendered":"<div class=\"col-50 flex flex-center page-width flex-gap pb100 col-inv\">\n<div>\n<figure class=\"wp-block-image size-large img-corn\"><img loading=\"lazy\" decoding=\"async\" width=\"1024\" height=\"683\" src=\"https:\/\/www.microcorner.ch\/data\/Marken\/Silence\/S01Plus\/Mehr-erfahren\/microcorner-elektroroller-grey-silence-s01-plus-weiss-2-1024x683.jpg\" alt=\"Scooter \u00e9lectrique Microcorner Grey Silence S01 Plus Blanc 2\" class=\"wp-image-1560\"\/><\/figure>\n<\/div>\n\n\n\n<div>\n<h2>Notre meilleur test<\/h2>\n\n\n\n<p>Le scooter \u00e9lectrique S01+ dynamique et \u00e9l\u00e9gant du fabricant espagnol Silence convainc par ses performances \u00e9lev\u00e9es et ses nombreuses caract\u00e9ristiques exceptionnelles. Au cours des deux derni\u00e8res ann\u00e9es, il a remport\u00e9 le test TCS et le test ADAC.<\/p>\n\n\n\n<div>\n<div><a href=\"#probefahrt\">Essayer maintenant<\/a><\/div>\n<\/div>\n<\/div>\n<\/div>\n\n\n\n<div class=\"pb100 page-width\">\n<figure class=\"wp-block-gallery has-nested-images columns-6 is-cropped wp-block-gallery-1 wp-block-gallery-\">\n<figure class=\"wp-block-image size-large\"><img loading=\"lazy\" decoding=\"async\" width=\"677\" height=\"1024\" data-id=\"1121\" src=\"https:\/\/www.microcorner.ch\/data\/Marken\/Silence\/S01Plus\/Mehr-erfahren\/s01-stossdaempfer-microcorner-677x1024.jpeg\" alt=\"S01 Amortisseur de chocs Microcorner\" class=\"wp-image-1121\"\/><\/figure>\n\n\n\n<figure class=\"wp-block-image size-medium\"><img loading=\"lazy\" decoding=\"async\" width=\"300\" height=\"300\" data-id=\"1123\" src=\"https:\/\/www.microcorner.ch\/data\/Marken\/Silence\/S01Plus\/Mehr-erfahren\/S01-lifestyle-low-breit-microcorner-300x300.jpg\" alt=\"S01 Lifestyle Low Large Microcorner\" class=\"wp-image-1123\"\/><\/figure>\n\n\n\n<figure class=\"wp-block-image size-large\"><img loading=\"lazy\" decoding=\"async\" width=\"1024\" height=\"683\" data-id=\"1122\" src=\"https:\/\/www.microcorner.ch\/data\/Marken\/Silence\/S01Plus\/Mehr-erfahren\/silence-batterie-station-microcorner-1024x683.jpeg\" alt=\"Silence Batterie Station Microcorner\" class=\"wp-image-1122\" srcset=\"https:\/\/www.microcorner.ch\/data\/Marken\/Silence\/S01Plus\/Mehr-erfahren\/silence-batterie-station-microcorner-1024x683.jpeg 1024w, https:\/\/www.microcorner.ch\/data\/Marken\/Silence\/S01Plus\/Mehr-erfahren\/silence-batterie-station-microcorner-900x600.jpeg 900w, https:\/\/www.microcorner.ch\/data\/Marken\/Silence\/S01Plus\/Mehr-erfahren\/silence-batterie-station-microcorner-300x200.jpeg 300w, https:\/\/www.microcorner.ch\/data\/Marken\/Silence\/S01Plus\/Mehr-erfahren\/silence-batterie-station-microcorner-768x512.jpeg 768w, https:\/\/www.microcorner.ch\/data\/Marken\/Silence\/S01Plus\/Mehr-erfahren\/silence-batterie-station-microcorner-1536x1024.jpeg 1536w, https:\/\/www.microcorner.ch\/data\/Marken\/Silence\/S01Plus\/Mehr-erfahren\/silence-batterie-station-microcorner.jpeg 2048w\" sizes=\"(max-width: 1024px) 100vw, 1024px\" \/><\/figure>\n\n\n\n<figure class=\"wp-block-image size-large\"><img loading=\"lazy\" decoding=\"async\" width=\"677\" height=\"1024\" data-id=\"1119\" src=\"https:\/\/www.microcorner.ch\/data\/Marken\/Silence\/S01Plus\/Mehr-erfahren\/s01-scheibenbremse-microcorner-677x1024.jpeg\" alt=\"S01 Frein \u00e0 disque Microcorner\" class=\"wp-image-1119\"\/><\/figure>\n\n\n\n<figure class=\"wp-block-image size-large\"><img loading=\"lazy\" decoding=\"async\" width=\"683\" height=\"1024\" data-id=\"1120\" src=\"https:\/\/www.microcorner.ch\/data\/Marken\/Silence\/S01Plus\/Mehr-erfahren\/s01-stossdaempfer-einstellen-microcorner-683x1024.jpeg\" alt=\"S01 R\u00e9glage des amortisseurs Microcorner\" class=\"wp-image-1120\"\/><\/figure>\n\n\n\n<figure class=\"wp-block-image size-large\"><img loading=\"lazy\" decoding=\"async\" width=\"707\" height=\"1024\" data-id=\"1118\" src=\"https:\/\/www.microcorner.ch\/data\/Marken\/Silence\/S01Plus\/Mehr-erfahren\/s01-helm-microcorner-707x1024.jpeg\" alt=\"S01 Casque Microcorner\" class=\"wp-image-1118\"\/><\/figure>\n\n\n\n<figure class=\"wp-block-image size-large\"><img loading=\"lazy\" decoding=\"async\" width=\"683\" height=\"1024\" data-id=\"1111\" src=\"https:\/\/www.microcorner.ch\/data\/Marken\/Silence\/S01Plus\/Mehr-erfahren\/s01-display-microcorner-683x1024.jpeg\" alt=\"S01 Pr\u00e9sentoir Microcorner\" class=\"wp-image-1111\"\/><\/figure>\n\n\n\n<figure class=\"wp-block-image size-large\"><img loading=\"lazy\" decoding=\"async\" width=\"753\" height=\"1024\" data-id=\"1112\" src=\"https:\/\/www.microcorner.ch\/data\/Marken\/Silence\/S01Plus\/Mehr-erfahren\/s01-front-microcorner-753x1024.jpeg\" alt=\"S01 Front Microcorner\" class=\"wp-image-1112\"\/><\/figure>\n\n\n\n<figure class=\"wp-block-image size-large\"><img loading=\"lazy\" decoding=\"async\" width=\"722\" height=\"1024\" data-id=\"1113\" src=\"https:\/\/www.microcorner.ch\/data\/Marken\/Silence\/S01Plus\/Mehr-erfahren\/s01-frontlicht-microcorner-722x1024.jpeg\" alt=\"S01 \u00c9clairage avant Microcorner\" class=\"wp-image-1113\"\/><\/figure>\n\n\n\n<figure class=\"wp-block-image size-large\"><img loading=\"lazy\" decoding=\"async\" width=\"683\" height=\"1024\" data-id=\"1114\" src=\"https:\/\/www.microcorner.ch\/data\/Marken\/Silence\/S01Plus\/Mehr-erfahren\/s01-frontscheibe-microcorner-683x1024.jpeg\" alt=\"S01 Pare-brise Microcorner\" class=\"wp-image-1114\"\/><\/figure>\n\n\n\n<figure class=\"wp-block-image size-large\"><img loading=\"lazy\" decoding=\"async\" width=\"677\" height=\"1024\" data-id=\"1115\" src=\"https:\/\/www.microcorner.ch\/data\/Marken\/Silence\/S01Plus\/Mehr-erfahren\/s01-fussbrett-microcorner-677x1024.jpeg\" alt=\"S01 Planche \u00e0 pied Microcorner\" class=\"wp-image-1115\"\/><\/figure>\n\n\n\n<figure class=\"wp-block-image size-large\"><img loading=\"lazy\" decoding=\"async\" width=\"677\" height=\"1024\" data-id=\"1117\" src=\"https:\/\/www.microcorner.ch\/data\/Marken\/Silence\/S01Plus\/Mehr-erfahren\/s01-heck-microcorner-677x1024.jpeg\" alt=\"S01 Arri\u00e8re Microcorner\" class=\"wp-image-1117\"\/><\/figure>\n<\/figure>\n<\/div>\n\n\n\n<div class=\"flex flex-center flex-gap col-50 pb100 page-width\">\n<div>\n<figure class=\"wp-block-image size-full img-corn\"><img loading=\"lazy\" decoding=\"async\" width=\"1800\" height=\"1800\" src=\"https:\/\/www.microcorner.ch\/data\/Marken\/Silence\/S01Plus\/Mehr-erfahren\/S01-lifestyle-low-breit-microcorner.jpg\" alt=\"S01 Lifestyle Low Large Microcorner\" class=\"wp-image-1123\"\/><figcaption class=\"wp-element-caption\">                                <\/figcaption><\/figure>\n<\/div>\n\n\n\n<div><h2 class=\"wp-block-post-title\">Silence S01+<\/h2>\n\n\n<p>Le site <strong>Silence S01+<\/strong> Dans sa derni\u00e8re version, le scooter \u00e9lectrique \u00e9tablit de nouveaux crit\u00e8res ! Dot\u00e9 des technologies les plus modernes et de fonctions intelligentes, il est encore plus performant et plus convivial.<\/p>\n\n\n\n<p>Silencieux en fonctionnement, avec un accent clair sur le confort et le design, le <strong>Silence S01+<\/strong> une conduite sans \u00e9missions et un entretien minimal.<\/p>\n\n\n\n<p>Son acc\u00e9l\u00e9ration laisse m\u00eame un scooter \u00e0 essence 125cc derri\u00e8re lui.<\/p>\n<\/div>\n<\/div>\n\n\n\n<div class=\"col-50 flex flex-center page-width flex-gap pb100 col-inv\">\n<div>\n<figure class=\"wp-block-image size-full img-corn\"><img loading=\"lazy\" decoding=\"async\" width=\"2000\" height=\"1333\" src=\"https:\/\/www.microcorner.ch\/data\/Marken\/Silence\/S01Plus\/Mehr-erfahren\/microcorner-elektroroller-app-silence-s01-plus-min.jpg\" alt=\"Scooter \u00e9lectrique Microcorner App Silence S01 Plus Min\" class=\"wp-image-1543\"\/><\/figure>\n<\/div>\n\n\n\n<div>\n<p class=\"is-style-text-ber-titel\">TOUT CONNECT\u00c9<\/p>\n\n\n\n<h2 id=\"my-silence-app\">Application My Silence<\/h2>\n\n\n\n<p>Avec l'application My Silence, tu peux <strong>Silence S01+<\/strong> se connectent tr\u00e8s facilement.<\/p>\n\n\n\n<p>Tu peux ainsi d\u00e9bloquer rapidement et facilement le scooter \u00e9lectrique pour des amis ou des membres de ta famille - sans la cl\u00e9 traditionnelle.<\/p>\n\n\n\n<p>L'\u00e9tat de la batterie ou les \u00e9missions de CO2 du scooter peuvent \u00e9galement \u00eatre facilement surveill\u00e9s via l'application.<\/p>\n<\/div>\n<\/div>\n\n\n\n<figure class=\"wp-block-image alignfull size-full pb100\"><img loading=\"lazy\" decoding=\"async\" width=\"1800\" height=\"816\" src=\"https:\/\/www.microcorner.ch\/data\/Marken\/Silence\/S01Plus\/Mehr-erfahren\/microcorner-elektroroller-grey-silence-s01-plus.jpg\" alt=\"Scooter \u00e9lectrique Microcorner Grey Silence S01 Plus\" class=\"wp-image-1541\"\/><\/figure>\n\n\n\n<div class=\"col-50 flex flex-center page-width flex-gap pb100\">\n<div>\n<figure class=\"wp-block-image size-large img-corn\"><img loading=\"lazy\" decoding=\"async\" width=\"683\" height=\"1024\" src=\"https:\/\/www.microcorner.ch\/data\/Marken\/Silence\/S01Plus\/Mehr-erfahren\/s01-display-microcorner-683x1024.jpeg\" alt=\"S01 Pr\u00e9sentoir Microcorner\" class=\"wp-image-1111\"\/><\/figure>\n<\/div>\n\n\n\n<div>\n<p class=\"is-style-text-ber-titel\">3 MODES DE CONDUITE POUR PLUS DE DYNAMISME<\/p>\n\n\n\n<h2 id=\"my-silence-app\">Sport, City et Eco Silence S01+ <\/h2>\n\n\n\n<p>Les diff\u00e9rents modes de conduite permettent d'adapter au mieux la conduite aux conditions du moment.<\/p>\n\n\n\n<p><strong>Mode sport :<\/strong> Puissance et vitesse maximales jusqu'\u00e0 110 km\/h (S01+).<\/p>\n\n\n\n<p><strong>Mode ville :<\/strong> Id\u00e9al pour des trajets d\u00e9contract\u00e9s en ville, avec une autonomie de 130 km.<\/p>\n\n\n\n<p><strong>Ecomodus :<\/strong> R\u00e9cup\u00e9ration maximale et puissance r\u00e9duite pour l'autonomie la plus longue, jusqu'\u00e0 200 km.<\/p>\n\n\n\n<p>La consommation ainsi que la r\u00e9cup\u00e9ration sont directement affich\u00e9es sur l'\u00e9cran.<\/p>\n\n\n\n<div>\n<div><a href=\"#probefahrt\">Essayer maintenant<\/a><\/div>\n<\/div>\n<\/div>\n<\/div>\n\n\n\n<div class=\"col-50 flex flex-center page-width flex-gap pb100 col-inv\">\n<div>\n<figure class=\"wp-block-image size-large img-corn\"><img loading=\"lazy\" decoding=\"async\" width=\"1024\" height=\"1024\" src=\"https:\/\/www.microcorner.ch\/data\/Marken\/Silence\/S01Plus\/Mehr-erfahren\/silence-s01-zuerich-microcorner-akku-laden-1024x1024.jpg\" alt=\"Silence S01 Zuerich Chargement de la batterie Microcorner\" class=\"wp-image-1518\"\/><\/figure>\n<\/div>\n\n\n\n<div>\n<p class=\"is-style-text-ber-titel\">SOLUTION INTELLIGENTE POUR LES BATTERIES<\/p>\n\n\n\n<h2 id=\"my-silence-app\">Recharger partout, une mobilit\u00e9 sans limite<\/h2>\n\n\n\n<p>Les v\u00e9hicules Silence sont \u00e9quip\u00e9s d'un syst\u00e8me de batterie ultramoderne qui est \u00e0 la pointe en mati\u00e8re de durabilit\u00e9, d'interchangeabilit\u00e9 et de transport.<\/p>\n\n\n\n<p>La solution intelligente : la batterie peut \u00eatre emport\u00e9e comme une valise \u00e0 roulettes et recharg\u00e9e sur n'importe quelle prise de courant normale.<\/p>\n<\/div>\n<\/div>\n\n\n\n<figure class=\"wp-block-image alignfull size-full pb100\"><img loading=\"lazy\" decoding=\"async\" width=\"2048\" height=\"1365\" src=\"https:\/\/www.microcorner.ch\/data\/Marken\/Silence\/S01Plus\/Mehr-erfahren\/microcorner-elektroroller-grey-silence-s01-plus-grey-weiss-1.jpg\" alt=\"Microcorner Scooter \u00e9lectrique Grey Silence S01 Plus Grey Blanc 1\" class=\"wp-image-1558\"\/><\/figure>\n\n\n\n<div class=\"col-50 flex flex-center page-width flex-gap pb100\">\n<div>\n<figure class=\"wp-block-image size-large img-corn\"><img loading=\"lazy\" decoding=\"async\" width=\"707\" height=\"1024\" src=\"https:\/\/www.microcorner.ch\/data\/Marken\/Silence\/S01Plus\/Mehr-erfahren\/s01-helm-microcorner-707x1024.jpeg\" alt=\"S01 Casque Microcorner\" class=\"wp-image-1118\"\/><\/figure>\n<\/div>\n\n\n\n<div>\n<p class=\"is-style-text-ber-titel\">place pour 2 casques<\/p>\n\n\n\n<h2 id=\"Viel-Stauraum-im-Silence-S01plus\">L'espace dans le Silence S01+<\/h2>\n\n\n\n<p>Le Silence S01+ offre un espace de rangement exceptionnellement grand sous le si\u00e8ge - plus d'espace que la plupart des autres scooters \u00e9lectriques.<\/p>\n\n\n\n<p>Il offre de la place pour deux casques int\u00e9graux ou tes achats. Pour encore plus d'espace de rangement, le S01+ peut \u00eatre \u00e9quip\u00e9 en option d'un top-case suppl\u00e9mentaire.<\/p>\n\n\n\n<div>\n<div><a href=\"#probefahrt\">Essayer maintenant<\/a><\/div>\n<\/div>\n<\/div>\n<\/div>\n\n\n\n<div class=\"col-50 flex flex-center page-width flex-gap pb100 col-inv\">\n<div>\n<figure class=\"wp-block-image size-large img-corn\"><img loading=\"lazy\" decoding=\"async\" width=\"677\" height=\"1024\" src=\"https:\/\/www.microcorner.ch\/data\/Marken\/Silence\/S01Plus\/Mehr-erfahren\/s01-stossdaempfer-microcorner-677x1024.jpeg\" alt=\"S01 Amortisseur de chocs Microcorner\" class=\"wp-image-1121\"\/><\/figure>\n<\/div>\n\n\n\n<div>\n<p class=\"is-style-text-ber-titel\">FORT ET RENTABLE&nbsp;<\/p>\n\n\n\n<h2 id=\"my-silence-app\">Des performances de haut niveau<\/h2>\n\n\n\n<p>Le S01+ offre une fonction \"Push to Pass\" qui permet au scooter \u00e9lectrique d'atteindre 110 km\/h pendant 30 secondes. Avec un temps de seulement 2,9 secondes pour passer de 0 \u00e0 50 km\/h, le Silence est imbattable dans sa cat\u00e9gorie.<\/p>\n\n\n\n<p>Gr\u00e2ce \u00e0 son moteur de 7 kW, qui peut atteindre des pointes de 11 kW, la S01+ entre dans la cat\u00e9gorie de permis de conduire d'une moto classique de 125 cm3. En termes de performances, elle se rapproche toutefois d'une moto de 300 cm3.<\/p>\n<\/div>\n<\/div>\n\n\n\n<figure class=\"wp-block-image alignfull size-full pb100\"><img loading=\"lazy\" decoding=\"async\" width=\"2048\" height=\"1365\" src=\"https:\/\/www.microcorner.ch\/data\/Marken\/Silence\/S01Plus\/Mehr-erfahren\/microcorner-elektroroller-grey-silence-s01-plus-grey-5.jpg\" alt=\"Scooter \u00e9lectrique Microcorner Grey Silence S01 Plus Grey 5\" class=\"wp-image-1550\"\/><\/figure>\n\n\n\n<div class=\"col-50 flex flex-center page-width flex-gap pb100\">\n<div>\n<figure class=\"wp-block-image size-large img-corn\"><img loading=\"lazy\" decoding=\"async\" width=\"1024\" height=\"683\" src=\"https:\/\/www.microcorner.ch\/data\/Marken\/Silence\/S01Plus\/Mehr-erfahren\/silence-batterie-station-microcorner-1024x683.jpeg\" alt=\"Silence Batterie Station Microcorner\" class=\"wp-image-1122\" srcset=\"https:\/\/www.microcorner.ch\/data\/Marken\/Silence\/S01Plus\/Mehr-erfahren\/silence-batterie-station-microcorner-1024x683.jpeg 1024w, https:\/\/www.microcorner.ch\/data\/Marken\/Silence\/S01Plus\/Mehr-erfahren\/silence-batterie-station-microcorner-900x600.jpeg 900w, https:\/\/www.microcorner.ch\/data\/Marken\/Silence\/S01Plus\/Mehr-erfahren\/silence-batterie-station-microcorner-300x200.jpeg 300w, https:\/\/www.microcorner.ch\/data\/Marken\/Silence\/S01Plus\/Mehr-erfahren\/silence-batterie-station-microcorner-768x512.jpeg 768w, https:\/\/www.microcorner.ch\/data\/Marken\/Silence\/S01Plus\/Mehr-erfahren\/silence-batterie-station-microcorner-1536x1024.jpeg 1536w, https:\/\/www.microcorner.ch\/data\/Marken\/Silence\/S01Plus\/Mehr-erfahren\/silence-batterie-station-microcorner.jpeg 2048w\" sizes=\"(max-width: 1024px) 100vw, 1024px\" \/><\/figure>\n<\/div>\n\n\n\n<div>\n<p class=\"is-style-text-ber-titel\">POINTS DE CHARGE \u00c9LECTRIQUES&nbsp;<\/p>\n\n\n\n<h2 id=\"my-silence-app\">Des stations de recharge pour tous<\/h2>\n\n\n\n<p>Silence propose des stations de recharge fixes qui peuvent \u00eatre utilis\u00e9es par plusieurs utilisateurs - id\u00e9al par exemple dans les grands ensembles o\u00f9 plusieurs personnes conduisent des v\u00e9hicules Silence.<\/p>\n\n\n\n<p>Bien s\u00fbr, une personne seule peut aussi installer une telle station. L'avantage : la batterie se recharge trois fois plus vite \u00e0 la station qu'\u00e0 une prise de courant normale.<\/p>\n\n\n\n<div>\n<div><a href=\"#probefahrt\">Essayer maintenant<\/a><\/div>\n<\/div>\n<\/div>\n<\/div>\n\n\n\n<div class=\"col-50 flex flex-center page-width flex-gap pb100 col-inv\">\n<div>\n<figure class=\"wp-block-image size-large img-corn\"><img loading=\"lazy\" decoding=\"async\" width=\"995\" height=\"1024\" src=\"https:\/\/www.microcorner.ch\/data\/Marken\/Silence\/S01\/Mehr-erfahren\/microcorner-elektroroller-rueckwaertsgang-silence-s01-plus-995x1024.jpg\" alt=\"Microcorner Scooter \u00e9lectrique marche arri\u00e8re Silence S01 Plus\" class=\"wp-image-1545\"\/><\/figure>\n<\/div>\n\n\n\n<div>\n<p class=\"is-style-text-ber-titel\">SE GARER FACILEMENT<\/p>\n\n\n\n<h2 id=\"my-silence-app\">Marche arri\u00e8re pour plus de flexibilit\u00e9<\/h2>\n\n\n\n<p>La marche arri\u00e8re du scooter \u00e9lectrique assure une man\u0153uvrabilit\u00e9 maximale.<\/p>\n\n\n\n<p>Il suffit d'appuyer sur le bouton vert du guidon pour que le S01+ recule - id\u00e9al pour sortir sans effort des places de parking \u00e9troites.<\/p>\n\n\n\n<p>La marche arri\u00e8re est particuli\u00e8rement pratique pour se garer.<\/p>\n<\/div>\n<\/div>\n\n\n\n<figure class=\"wp-block-image alignfull size-full pb100\"><img loading=\"lazy\" decoding=\"async\" width=\"2048\" height=\"1365\" src=\"https:\/\/www.microcorner.ch\/data\/Marken\/Silence\/S01Plus\/Mehr-erfahren\/microcorner-elektroroller-grey-silence-s01-plus-grey-1.jpg\" alt=\"Scooter \u00e9lectrique Microcorner Grey Silence S01 Plus Grey 1\" class=\"wp-image-1546\"\/><\/figure>","protected":false},"excerpt":{"rendered":"<ul>\n<li>137 km d'autonomie<\/li>\n<li>110 km\/h vitesse de pointe<\/li>\n<li>11 kW de puissance de cr\u00eate<\/li>\n<li>Batterie de valise \u00e0 roulettes amovible<\/li>\n<\/ul>\n<p>Le scooter sportif et \u00e9l\u00e9gant de Barcelone convainc par ses performances et ses nombreuses fonctionnalit\u00e9s. Il a remport\u00e9 deux ann\u00e9es de suite le grand test du TCS ainsi que le test de l'ADAC.<\/p>","protected":false},"featured_media":123,"comment_status":"closed","ping_status":"closed","template":"","meta":{"_acf_changed":false,"css_class_manager_body_classes":"","css_class_manager_use_in_post_loop":false},"wpc-attribute-group":[],"product_brand":[59],"product_cat":[19],"product_tag":[],"class_list":{"0":"post-1179","1":"product","2":"type-product","3":"status-publish","4":"has-post-thumbnail","6":"product_brand-silence","7":"product_cat-e-roller","8":"product_shipping_class-roller-versand","10":"first","11":"instock","12":"taxable","13":"shipping-taxable","14":"purchasable","15":"product-type-variable","16":"has-default-attributes"},"acf":[],"_links":{"self":[{"href":"https:\/\/www.microcorner.ch\/fr\/wp-json\/wp\/v2\/product\/1179","targetHints":{"allow":["GET"]}}],"collection":[{"href":"https:\/\/www.microcorner.ch\/fr\/wp-json\/wp\/v2\/product"}],"about":[{"href":"https:\/\/www.microcorner.ch\/fr\/wp-json\/wp\/v2\/types\/product"}],"replies":[{"embeddable":true,"href":"https:\/\/www.microcorner.ch\/fr\/wp-json\/wp\/v2\/comments?post=1179"}],"wp:featuredmedia":[{"embeddable":true,"href":"https:\/\/www.microcorner.ch\/fr\/wp-json\/wp\/v2\/media\/123"}],"wp:attachment":[{"href":"https:\/\/www.microcorner.ch\/fr\/wp-json\/wp\/v2\/media?parent=1179"}],"wp:term":[{"taxonomy":"wpc-attribute-group","embeddable":true,"href":"https:\/\/www.microcorner.ch\/fr\/wp-json\/wp\/v2\/wpc-attribute-group?post=1179"},{"taxonomy":"product_brand","embeddable":true,"href":"https:\/\/www.microcorner.ch\/fr\/wp-json\/wp\/v2\/product_brand?post=1179"},{"taxonomy":"product_cat","embeddable":true,"href":"https:\/\/www.microcorner.ch\/fr\/wp-json\/wp\/v2\/product_cat?post=1179"},{"taxonomy":"product_tag","embeddable":true,"href":"https:\/\/www.microcorner.ch\/fr\/wp-json\/wp\/v2\/product_tag?post=1179"}],"curies":[{"name":"wp","href":"https:\/\/api.w.org\/{rel}","templated":true}]}}