{"id":1245,"date":"2025-04-15T13:58:53","date_gmt":"2025-04-15T11:58:53","guid":{"rendered":"https:\/\/www.microcorner.ch\/?post_type=product&#038;p=1245"},"modified":"2026-04-17T09:49:15","modified_gmt":"2026-04-17T07:49:15","slug":"vmax-vx2-par-gt-b","status":"publish","type":"product","link":"https:\/\/www.microcorner.ch\/fr\/vmax-vx2-pro-gt-b\/","title":{"rendered":"VMAX VX2 Pro GT-B"},"content":{"rendered":"<div class=\"page-width pb100\">\n<h2 data-tab=\"Beschreibung\">VMAX VX2 Pro GT-B<\/h2>\n\n\n\n<p>Le VMAX VX2 Pro avec clignotants offre une s\u00e9curit\u00e9 suppl\u00e9mentaire dans la puissante s\u00e9rie de scooters \u00e9lectriques VX2. Les feux clignotants lumineux de chaque c\u00f4t\u00e9 du guidon et \u00e0 l'arri\u00e8re assurent une meilleure visibilit\u00e9 dans le trafic. Avec 500 watts, un syst\u00e8me de 48 volts et une puissance de pointe de 1 300 watts, il acc\u00e9l\u00e8re sans effort et gravit des pentes jusqu'\u00e0 28 %. Sa construction robuste garantit une s\u00e9curit\u00e9 maximale et, gr\u00e2ce aux clignotants, vous pouvez garder les mains sur le guidon lorsque vous tournez.<\/p>\n\n\n\n<p><strong>\u00a0G\u00e9n\u00e9ralit\u00e9s<\/strong><\/p>\n\n\n\n<ul class=\"wp-block-list\">\n<li>Autorisation de circuler en Suisse<\/li>\n\n\n\n<li>Garantie 2 ans<\/li>\n<\/ul>\n<\/div>","protected":false},"excerpt":{"rendered":"<ul>\n<li>20.4 kg<\/li>\n<li>1'300 watts de puissance de cr\u00eate<\/li>\n<li>60 km d'autonomie<\/li>\n<li>Clignotants LED avant et arri\u00e8re<\/li>\n<\/ul>\n<p>S\u00e9curit\u00e9 suppl\u00e9mentaire gr\u00e2ce aux clignotants lumineux sur le guidon et \u00e0 l'arri\u00e8re. Avec un moteur de 500 W et une puissance de pointe de 1300 W, il vient \u00e0 bout de pentes allant jusqu'\u00e0 28% sans effort. Sa construction robuste assure une s\u00e9curit\u00e9 maximale et les clignotants permettent de tourner en toute s\u00e9curit\u00e9 sans enlever les mains du guidon.<\/p>","protected":false},"featured_media":4831,"comment_status":"closed","ping_status":"closed","template":"","meta":{"_acf_changed":true,"css_class_manager_body_classes":"","css_class_manager_use_in_post_loop":false},"wpc-attribute-group":[],"product_brand":[62],"product_cat":[69,1269],"product_tag":[],"class_list":{"0":"post-1245","1":"product","2":"type-product","3":"status-publish","4":"has-post-thumbnail","6":"product_brand-vmax","7":"product_cat-e-scooter","8":"product_cat-aktionen-plus","9":"product_shipping_class-e-scooter","11":"first","12":"instock","13":"sale","14":"taxable","15":"shipping-taxable","16":"purchasable","17":"product-type-simple"},"acf":[],"_links":{"self":[{"href":"https:\/\/www.microcorner.ch\/fr\/wp-json\/wp\/v2\/product\/1245","targetHints":{"allow":["GET"]}}],"collection":[{"href":"https:\/\/www.microcorner.ch\/fr\/wp-json\/wp\/v2\/product"}],"about":[{"href":"https:\/\/www.microcorner.ch\/fr\/wp-json\/wp\/v2\/types\/product"}],"replies":[{"embeddable":true,"href":"https:\/\/www.microcorner.ch\/fr\/wp-json\/wp\/v2\/comments?post=1245"}],"wp:featuredmedia":[{"embeddable":true,"href":"https:\/\/www.microcorner.ch\/fr\/wp-json\/wp\/v2\/media\/4831"}],"wp:attachment":[{"href":"https:\/\/www.microcorner.ch\/fr\/wp-json\/wp\/v2\/media?parent=1245"}],"wp:term":[{"taxonomy":"wpc-attribute-group","embeddable":true,"href":"https:\/\/www.microcorner.ch\/fr\/wp-json\/wp\/v2\/wpc-attribute-group?post=1245"},{"taxonomy":"product_brand","embeddable":true,"href":"https:\/\/www.microcorner.ch\/fr\/wp-json\/wp\/v2\/product_brand?post=1245"},{"taxonomy":"product_cat","embeddable":true,"href":"https:\/\/www.microcorner.ch\/fr\/wp-json\/wp\/v2\/product_cat?post=1245"},{"taxonomy":"product_tag","embeddable":true,"href":"https:\/\/www.microcorner.ch\/fr\/wp-json\/wp\/v2\/product_tag?post=1245"}],"curies":[{"name":"wp","href":"https:\/\/api.w.org\/{rel}","templated":true}]}}