{"id":1249,"date":"2025-04-15T18:29:31","date_gmt":"2025-04-15T16:29:31","guid":{"rendered":"https:\/\/www.microcorner.ch\/?post_type=product&#038;p=1249"},"modified":"2026-02-05T10:43:34","modified_gmt":"2026-02-05T09:43:34","slug":"tcs-volks-e-scooter-package-power-runner","status":"publish","type":"product","link":"https:\/\/www.microcorner.ch\/fr\/tcs-volks-e-scooter-package-power-runner\/","title":{"rendered":"Package TCS Volks-E-Scooter POWER RUNNER"},"content":{"rendered":"<div class=\"page-wide pb100\">\n<h2>Package TCS Volks-E-Scooter POWER RUNNER<\/h2>\n\n\n\n<p>La micro-mobilit\u00e9 pour chaque m\u00e9nage ! C'est l'id\u00e9e des packs Volks-E-Scooter du TCS. Ceux-ci ont \u00e9t\u00e9 test\u00e9s et s\u00e9lectionn\u00e9s par des experts du TCS et sont livr\u00e9s avec un support pour t\u00e9l\u00e9phone portable, un sac et un cadenas dans un pack pr\u00eat \u00e0 l'emploi. Tous les scooters \u00e9lectriques populaires disposent d'une propulsion arri\u00e8re s\u00fbre, de pneus pneumatiques confortables et de clignotants ! Et bien entendu, ces v\u00e9hicules peuvent circuler l\u00e9galement sur les routes suisses.<\/p>\n\n\n\n<div class=\"box-light width-62 bor-radius p40\">\n<p>Dans le scooter \u00e9lectrique populaire du TCS&nbsp;<strong>POWER RUNNER&nbsp;<\/strong>paquet que vous recevrez :<\/p>\n\n\n\n<ul class=\"wp-block-list\">\n<li>Scooter \u00e9lectrique VMAX VX2 PRO GT-B (60 km d'autonomie)<\/li>\n\n\n\n<li>Serrure de menottes Master Lock Street Cuff<\/li>\n\n\n\n<li>Sac de guidon VMAX<\/li>\n\n\n\n<li>Support de t\u00e9l\u00e9phone portable VMAX<\/li>\n\n\n\n<li>Kit de colle TCS<\/li>\n<\/ul>\n<\/div>\n\n\n\n<p>Le site&nbsp;<strong>VMAX VX2 PRO GT-B<\/strong>&nbsp;dispose d'une puissante cha\u00eene cin\u00e9matique de 500 W, d'un syst\u00e8me 48 V et d'une puissance de pointe de 1'300 W. Il acc\u00e9l\u00e8re ainsi sans effort et gravit facilement toutes les collines et les pentes jusqu'\u00e0 28%. Gr\u00e2ce aux clignotants clairs et bien visibles des deux c\u00f4t\u00e9s du guidon et en plus \u00e0 l'arri\u00e8re, il navigue facilement et en toute s\u00e9curit\u00e9 dans le trafic. La construction stable et robuste assure une s\u00e9curit\u00e9 et une qualit\u00e9 maximales.<\/p>\n\n\n\n<ul class=\"wp-block-list\">\n<li><strong>G\u00e9n\u00e9ralit\u00e9s<\/strong><\/li>\n\n\n\n<li>Autorisation de circuler en Suisse<\/li>\n\n\n\n<li>Garantie : 2 ans<\/li>\n<\/ul>\n<\/div>","protected":false},"excerpt":{"rendered":"<ul>\n<li>Scooter \u00e9lectrique VMAX VX2 PRO GT-B<\/li>\n<li>Serrure de menottes Master Lock Street Cuff<\/li>\n<li>Sac de guidon VMAX<\/li>\n<li>Support de t\u00e9l\u00e9phone portable VMAX<\/li>\n<li>Kit de colle TCS<\/li>\n<\/ul>\n<p>La micro-mobilit\u00e9 pour chaque m\u00e9nage ! Ce sont les packs de scooters \u00e9lectriques populaires TCS. Ici avec le VMAX VX2 PRO GT-B. Puissance impressionnante, clignotants lumineux au guidon et \u00e0 l'arri\u00e8re pour une navigation s\u00fbre dans le trafic, robustesse. S\u00e9curit\u00e9 et qualit\u00e9 maximales.<\/p>","protected":false},"featured_media":1946,"comment_status":"closed","ping_status":"closed","template":"","meta":{"_acf_changed":false,"css_class_manager_body_classes":"","css_class_manager_use_in_post_loop":false},"wpc-attribute-group":[],"product_brand":[62],"product_cat":[69,1269],"product_tag":[],"class_list":{"0":"post-1249","1":"product","2":"type-product","3":"status-publish","4":"has-post-thumbnail","6":"product_brand-vmax","7":"product_cat-e-scooter","8":"product_cat-aktionen-plus","9":"product_shipping_class-e-scooter","11":"first","12":"instock","13":"sale","14":"taxable","15":"shipping-taxable","16":"purchasable","17":"product-type-simple"},"acf":[],"_links":{"self":[{"href":"https:\/\/www.microcorner.ch\/fr\/wp-json\/wp\/v2\/product\/1249","targetHints":{"allow":["GET"]}}],"collection":[{"href":"https:\/\/www.microcorner.ch\/fr\/wp-json\/wp\/v2\/product"}],"about":[{"href":"https:\/\/www.microcorner.ch\/fr\/wp-json\/wp\/v2\/types\/product"}],"replies":[{"embeddable":true,"href":"https:\/\/www.microcorner.ch\/fr\/wp-json\/wp\/v2\/comments?post=1249"}],"wp:featuredmedia":[{"embeddable":true,"href":"https:\/\/www.microcorner.ch\/fr\/wp-json\/wp\/v2\/media\/1946"}],"wp:attachment":[{"href":"https:\/\/www.microcorner.ch\/fr\/wp-json\/wp\/v2\/media?parent=1249"}],"wp:term":[{"taxonomy":"wpc-attribute-group","embeddable":true,"href":"https:\/\/www.microcorner.ch\/fr\/wp-json\/wp\/v2\/wpc-attribute-group?post=1249"},{"taxonomy":"product_brand","embeddable":true,"href":"https:\/\/www.microcorner.ch\/fr\/wp-json\/wp\/v2\/product_brand?post=1249"},{"taxonomy":"product_cat","embeddable":true,"href":"https:\/\/www.microcorner.ch\/fr\/wp-json\/wp\/v2\/product_cat?post=1249"},{"taxonomy":"product_tag","embeddable":true,"href":"https:\/\/www.microcorner.ch\/fr\/wp-json\/wp\/v2\/product_tag?post=1249"}],"curies":[{"name":"wp","href":"https:\/\/api.w.org\/{rel}","templated":true}]}}