{"id":139,"date":"2025-02-24T01:27:28","date_gmt":"2025-02-24T00:27:28","guid":{"rendered":"https:\/\/www.microcorner.ch\/?post_type=product&#038;p=139"},"modified":"2026-03-10T10:08:57","modified_gmt":"2026-03-10T09:08:57","slug":"ecooter-m1","status":"publish","type":"product","link":"https:\/\/www.microcorner.ch\/fr\/ecooter-m1\/","title":{"rendered":"Ecooter M1"},"content":{"rendered":"<div class=\"col-50 flex flex-center page-width flex-gap pb100 col-inv\">\n<div>\n<figure class=\"wp-block-image size-full img-corn\"><img loading=\"lazy\" decoding=\"async\" width=\"960\" height=\"1280\" src=\"https:\/\/www.microcorner.ch\/data\/Marken\/Ecooter\/M1\/ecooter-M1-Sitz-elektroroller-microcorner.jpeg\" alt=\"Ecooter M1 si\u00e8ge scooter \u00e9lectrique Microcorner\" class=\"wp-image-4231\" srcset=\"https:\/\/www.microcorner.ch\/data\/Marken\/Ecooter\/M1\/ecooter-M1-Sitz-elektroroller-microcorner.jpeg 960w, https:\/\/www.microcorner.ch\/data\/Marken\/Ecooter\/M1\/ecooter-M1-Sitz-elektroroller-microcorner-900x1200.jpeg 900w, https:\/\/www.microcorner.ch\/data\/Marken\/Ecooter\/M1\/ecooter-M1-Sitz-elektroroller-microcorner-225x300.jpeg 225w, https:\/\/www.microcorner.ch\/data\/Marken\/Ecooter\/M1\/ecooter-M1-Sitz-elektroroller-microcorner-768x1024.jpeg 768w\" sizes=\"(max-width: 960px) 100vw, 960px\" \/><\/figure>\n<\/div>\n\n\n\n<div>\n<h2>Ecooter M1<\/h2>\n\n\n\n<p>La nouvelle mobilit\u00e9 \u00e0 partir de 14 ans - l'alternative intelligente au cyclomoteur. L'Ecooter M1 est l'entr\u00e9e parfaite dans la mobilit\u00e9 \u00e9lectrique : il peut \u00eatre conduit \u00e0 partir de 14 ans avec un examen de cyclomoteur ou \u00e0 partir de 16 ans sans aucun permis de conduire.<\/p>\n\n\n\n<p>L\u00e9gal sur les bandes et pistes cyclables, il offre une option \u00e9cologique et styl\u00e9e aux jeunes cyclistes. Le casque est recommand\u00e9, mais pas (encore) obligatoire.<\/p>\n\n\n\n<div>\n<div><a href=\"#probefahrt\">Essayer maintenant<\/a><\/div>\n<\/div>\n<\/div>\n<\/div>\n\n\n\n<div class=\"flex flex-center flex-gap col-50 pb100 page-width\">\n<div>\n<figure class=\"wp-block-image size-full img-corn\"><img loading=\"lazy\" decoding=\"async\" width=\"1280\" height=\"960\" src=\"https:\/\/www.microcorner.ch\/data\/Marken\/Ecooter\/M1\/ecooter-M1-TopCase-schwarz-elektroroller-microcorner.jpeg\" alt=\"Ecooter M1 Topcase Noir Scooter \u00e9lectrique Microcorner\" class=\"wp-image-4235\" srcset=\"https:\/\/www.microcorner.ch\/data\/Marken\/Ecooter\/M1\/ecooter-M1-TopCase-schwarz-elektroroller-microcorner.jpeg 1280w, https:\/\/www.microcorner.ch\/data\/Marken\/Ecooter\/M1\/ecooter-M1-TopCase-schwarz-elektroroller-microcorner-900x675.jpeg 900w, https:\/\/www.microcorner.ch\/data\/Marken\/Ecooter\/M1\/ecooter-M1-TopCase-schwarz-elektroroller-microcorner-300x225.jpeg 300w, https:\/\/www.microcorner.ch\/data\/Marken\/Ecooter\/M1\/ecooter-M1-TopCase-schwarz-elektroroller-microcorner-1024x768.jpeg 1024w, https:\/\/www.microcorner.ch\/data\/Marken\/Ecooter\/M1\/ecooter-M1-TopCase-schwarz-elektroroller-microcorner-768x576.jpeg 768w\" sizes=\"(max-width: 1280px) 100vw, 1280px\" \/><figcaption class=\"wp-element-caption\">                                <\/figcaption><\/figure>\n<\/div>\n\n\n\n<div>\n<p class=\"is-style-text-ber-titel\">LA NOUVELLE M1<\/p>\n\n\n\n<h2>Voyager avec style - Top Case inclus<\/h2>\n\n\n\n<p>L'Ecooter M1 est disponible en quatre couleurs tendance et est \u00e9quip\u00e9 de s\u00e9rie d'un top case peint et d'un porte-bagages en aluminium de haute qualit\u00e9. <\/p>\n\n\n\n<p>Ainsi, tu ne te d\u00e9places pas seulement de mani\u00e8re pratique, mais aussi avec style - quelle que soit la couleur que tu choisis.<\/p>\n<\/div>\n<\/div>\n\n\n\n<div class=\"col-50 flex flex-center page-width flex-gap pb100 col-inv\">\n<div>\n<figure class=\"wp-block-image size-full img-corn\"><img loading=\"lazy\" decoding=\"async\" width=\"1280\" height=\"960\" src=\"https:\/\/www.microcorner.ch\/data\/Marken\/Ecooter\/M1\/ecooter-M1-Scheibenbremse-elektroroller-microcorner.jpeg\" alt=\"Ecooter M1 Frein \u00e0 disque Scooter \u00e9lectrique Microcorner\" class=\"wp-image-4221\" srcset=\"https:\/\/www.microcorner.ch\/data\/Marken\/Ecooter\/M1\/ecooter-M1-Scheibenbremse-elektroroller-microcorner.jpeg 1280w, https:\/\/www.microcorner.ch\/data\/Marken\/Ecooter\/M1\/ecooter-M1-Scheibenbremse-elektroroller-microcorner-900x675.jpeg 900w, https:\/\/www.microcorner.ch\/data\/Marken\/Ecooter\/M1\/ecooter-M1-Scheibenbremse-elektroroller-microcorner-300x225.jpeg 300w, https:\/\/www.microcorner.ch\/data\/Marken\/Ecooter\/M1\/ecooter-M1-Scheibenbremse-elektroroller-microcorner-1024x768.jpeg 1024w, https:\/\/www.microcorner.ch\/data\/Marken\/Ecooter\/M1\/ecooter-M1-Scheibenbremse-elektroroller-microcorner-768x576.jpeg 768w\" sizes=\"(max-width: 1280px) 100vw, 1280px\" \/><\/figure>\n<\/div>\n\n\n\n<div>\n<p class=\"is-style-text-ber-titel\">S\u00dbR ET FACILE \u00c0 ENTRETENIR<\/p>\n\n\n\n<h2>Freins \u00e0 disque \u00e0 l'avant et \u00e0 l'arri\u00e8re<\/h2>\n\n\n\n<p>Au lieu d'un frein \u00e0 tambour traditionnel, l'Ecooter M1 est \u00e9quip\u00e9 de freins \u00e0 disque \u00e0 l'avant et \u00e0 l'arri\u00e8re. Cela assure une plus grande s\u00e9curit\u00e9 lors du freinage et r\u00e9duit en m\u00eame temps les frais d'entretien - de mani\u00e8re fiable et \u00e9conomique.<\/p>\n<\/div>\n<\/div>\n\n\n\n<figure class=\"wp-block-image alignfull size-full pb100\"><img loading=\"lazy\" decoding=\"async\" width=\"1750\" height=\"1135\" src=\"https:\/\/www.microcorner.ch\/data\/Marken\/Ecooter\/M1\/ecooter-M1-Titel-elektroroller-microcorner.jpg\" alt=\"Ecooter M1 Titre scooter \u00e9lectrique Microcorner\" class=\"wp-image-4233\" srcset=\"https:\/\/www.microcorner.ch\/data\/Marken\/Ecooter\/M1\/ecooter-M1-Titel-elektroroller-microcorner.jpg 1750w, https:\/\/www.microcorner.ch\/data\/Marken\/Ecooter\/M1\/ecooter-M1-Titel-elektroroller-microcorner-900x584.jpg 900w, https:\/\/www.microcorner.ch\/data\/Marken\/Ecooter\/M1\/ecooter-M1-Titel-elektroroller-microcorner-300x195.jpg 300w, https:\/\/www.microcorner.ch\/data\/Marken\/Ecooter\/M1\/ecooter-M1-Titel-elektroroller-microcorner-1024x664.jpg 1024w, https:\/\/www.microcorner.ch\/data\/Marken\/Ecooter\/M1\/ecooter-M1-Titel-elektroroller-microcorner-768x498.jpg 768w, https:\/\/www.microcorner.ch\/data\/Marken\/Ecooter\/M1\/ecooter-M1-Titel-elektroroller-microcorner-1536x996.jpg 1536w, https:\/\/www.microcorner.ch\/data\/Marken\/Ecooter\/M1\/ecooter-M1-Titel-elektroroller-microcorner-1320x856.jpg 1320w\" sizes=\"(max-width: 1750px) 100vw, 1750px\" \/><\/figure>\n\n\n\n<div class=\"col-50 flex flex-center page-width flex-gap pb100\">\n<div>\n<figure class=\"wp-block-image size-full img-corn\"><img loading=\"lazy\" decoding=\"async\" width=\"960\" height=\"1280\" src=\"https:\/\/www.microcorner.ch\/data\/Marken\/Ecooter\/M1\/ecooter-M1-Ruecklehne-elektroroller-microcorner.jpeg\" alt=\"Ecooter M1 Dossier scooter \u00e9lectrique Microcorner\" class=\"wp-image-4219\" srcset=\"https:\/\/www.microcorner.ch\/data\/Marken\/Ecooter\/M1\/ecooter-M1-Ruecklehne-elektroroller-microcorner.jpeg 960w, https:\/\/www.microcorner.ch\/data\/Marken\/Ecooter\/M1\/ecooter-M1-Ruecklehne-elektroroller-microcorner-900x1200.jpeg 900w, https:\/\/www.microcorner.ch\/data\/Marken\/Ecooter\/M1\/ecooter-M1-Ruecklehne-elektroroller-microcorner-225x300.jpeg 225w, https:\/\/www.microcorner.ch\/data\/Marken\/Ecooter\/M1\/ecooter-M1-Ruecklehne-elektroroller-microcorner-768x1024.jpeg 768w\" sizes=\"(max-width: 960px) 100vw, 960px\" \/><\/figure>\n<\/div>\n\n\n\n<div>\n<p class=\"is-style-text-ber-titel\">LE CONFORT \u00c0 CHAQUE VOYAGE<\/p>\n\n\n\n<h2>Banquette g\u00e9n\u00e9reuse &amp; chargement flexible<\/h2>\n\n\n\n<p>Avec sa longue et confortable banquette en cuir et ses amortisseurs hydrauliques, l'Ecooter M1 offre un confort de conduite agr\u00e9able, m\u00eame sur de longs trajets.<\/p>\n\n\n\n<p>La batterie peut \u00eatre charg\u00e9e de mani\u00e8re flexible - soit directement dans le scooter, soit \u00e0 l'ext\u00e9rieur avec le chargeur fourni.<\/p>\n\n\n\n<div>\n<div><a href=\"#probefahrt\">Essayer maintenant<\/a><\/div>\n<\/div>\n<\/div>\n<\/div>\n\n\n\n<div class=\"col-50 flex flex-center page-width flex-gap pb100 col-inv\">\n<div>\n<figure class=\"wp-block-image size-full img-corn\"><img loading=\"lazy\" decoding=\"async\" width=\"1900\" height=\"1900\" src=\"https:\/\/www.microcorner.ch\/data\/Marken\/Ecooter\/M1\/ecooter-M1-Display-elektroroller-microcorner.jpg\" alt=\"Ecooter M1 Display scooter \u00e9lectrique Microcorner\" class=\"wp-image-4217\" srcset=\"https:\/\/www.microcorner.ch\/data\/Marken\/Ecooter\/M1\/ecooter-M1-Display-elektroroller-microcorner.jpg 1900w, https:\/\/www.microcorner.ch\/data\/Marken\/Ecooter\/M1\/ecooter-M1-Display-elektroroller-microcorner-600x600.jpg 600w, https:\/\/www.microcorner.ch\/data\/Marken\/Ecooter\/M1\/ecooter-M1-Display-elektroroller-microcorner-100x100.jpg 100w, https:\/\/www.microcorner.ch\/data\/Marken\/Ecooter\/M1\/ecooter-M1-Display-elektroroller-microcorner-900x900.jpg 900w, https:\/\/www.microcorner.ch\/data\/Marken\/Ecooter\/M1\/ecooter-M1-Display-elektroroller-microcorner-300x300.jpg 300w, https:\/\/www.microcorner.ch\/data\/Marken\/Ecooter\/M1\/ecooter-M1-Display-elektroroller-microcorner-1024x1024.jpg 1024w, https:\/\/www.microcorner.ch\/data\/Marken\/Ecooter\/M1\/ecooter-M1-Display-elektroroller-microcorner-150x150.jpg 150w, https:\/\/www.microcorner.ch\/data\/Marken\/Ecooter\/M1\/ecooter-M1-Display-elektroroller-microcorner-768x768.jpg 768w, https:\/\/www.microcorner.ch\/data\/Marken\/Ecooter\/M1\/ecooter-M1-Display-elektroroller-microcorner-1536x1536.jpg 1536w, https:\/\/www.microcorner.ch\/data\/Marken\/Ecooter\/M1\/ecooter-M1-Display-elektroroller-microcorner-1320x1320.jpg 1320w, https:\/\/www.microcorner.ch\/data\/Marken\/Ecooter\/M1\/ecooter-M1-Display-elektroroller-microcorner-460x460.jpg 460w\" sizes=\"(max-width: 1900px) 100vw, 1900px\" \/><\/figure>\n<\/div>\n\n\n\n<div>\n<p class=\"is-style-text-ber-titel\">UNE VISION CLAIRE<\/p>\n\n\n\n<h2>\u00c9cran LED haute r\u00e9solution<\/h2>\n\n\n\n<p>Le grand \u00e9cran couleur de l'Ecooter M1 convainc par sa haute r\u00e9solution et sa lisibilit\u00e9 - toutes les informations importantes comme la vitesse, le statut du v\u00e9hicule et le kilom\u00e9trage sont visibles en un coup d'\u0153il.<\/p>\n\n\n\n<p>Avec la t\u00e9l\u00e9commande, tu peux d\u00e9marrer le scooter sans cl\u00e9 et activer ou d\u00e9sactiver facilement le syst\u00e8me d'alarme.<\/p>\n<\/div>\n<\/div>","protected":false},"excerpt":{"rendered":"<ul>\n<li>60 km d'autonomie<\/li>\n<li>25 km\/h Vitesse de pointe<\/li>\n<li>1400 watts de puissance de cr\u00eate<\/li>\n<li>Top Case<\/li>\n<\/ul>\n<p>L'alternative \u00e9cologique et cool aux motos traditionnelles. Peut \u00eatre conduit \u00e0 partir de 14 ans avec un examen de cyclomoteur ou \u00e0 partir de 16 ans sans permis de conduire. Le scooter peut \u00eatre conduit l\u00e9galement sur les bandes et pistes cyclables.<\/p>","protected":false},"featured_media":4242,"comment_status":"closed","ping_status":"closed","template":"","meta":{"_acf_changed":false,"css_class_manager_body_classes":"","css_class_manager_use_in_post_loop":false},"wpc-attribute-group":[],"product_brand":[60],"product_cat":[19],"product_tag":[],"class_list":{"0":"post-139","1":"product","2":"type-product","3":"status-publish","4":"has-post-thumbnail","6":"product_brand-ecooter","7":"product_cat-e-roller","8":"product_shipping_class-roller-versand-ohne-optionen","10":"first","11":"instock","12":"taxable","13":"shipping-taxable","14":"purchasable","15":"product-type-variable","16":"has-default-attributes"},"acf":[],"_links":{"self":[{"href":"https:\/\/www.microcorner.ch\/fr\/wp-json\/wp\/v2\/product\/139","targetHints":{"allow":["GET"]}}],"collection":[{"href":"https:\/\/www.microcorner.ch\/fr\/wp-json\/wp\/v2\/product"}],"about":[{"href":"https:\/\/www.microcorner.ch\/fr\/wp-json\/wp\/v2\/types\/product"}],"replies":[{"embeddable":true,"href":"https:\/\/www.microcorner.ch\/fr\/wp-json\/wp\/v2\/comments?post=139"}],"wp:featuredmedia":[{"embeddable":true,"href":"https:\/\/www.microcorner.ch\/fr\/wp-json\/wp\/v2\/media\/4242"}],"wp:attachment":[{"href":"https:\/\/www.microcorner.ch\/fr\/wp-json\/wp\/v2\/media?parent=139"}],"wp:term":[{"taxonomy":"wpc-attribute-group","embeddable":true,"href":"https:\/\/www.microcorner.ch\/fr\/wp-json\/wp\/v2\/wpc-attribute-group?post=139"},{"taxonomy":"product_brand","embeddable":true,"href":"https:\/\/www.microcorner.ch\/fr\/wp-json\/wp\/v2\/product_brand?post=139"},{"taxonomy":"product_cat","embeddable":true,"href":"https:\/\/www.microcorner.ch\/fr\/wp-json\/wp\/v2\/product_cat?post=139"},{"taxonomy":"product_tag","embeddable":true,"href":"https:\/\/www.microcorner.ch\/fr\/wp-json\/wp\/v2\/product_tag?post=139"}],"curies":[{"name":"wp","href":"https:\/\/api.w.org\/{rel}","templated":true}]}}