{"id":1884,"date":"2025-04-23T12:05:01","date_gmt":"2025-04-23T10:05:01","guid":{"rendered":"https:\/\/www.microcorner.ch\/?post_type=product&#038;p=1884"},"modified":"2026-03-17T14:31:07","modified_gmt":"2026-03-17T13:31:07","slug":"mc-emoli-380","status":"publish","type":"product","link":"https:\/\/www.microcorner.ch\/fr\/mc-emoli-380\/","title":{"rendered":"MC EMOLI 380"},"content":{"rendered":"<div class=\"flex flex-center flex-gap col-50 pb100 page-width\">\n<div class=\"like-home bor-radius like-emoli-special\">\n<h2 class=\"pt30 like-h1\">Profitez d\u00e8s maintenant de l'offre EMOLI pour les membres du TCS. <br><br>Avec le code promotionnel : emoli10 <br>vous b\u00e9n\u00e9ficiez d'une r\u00e9duction de 10 %<\/h2>\n<\/div>\n\n\n\n<div>\n<h2>Vous pouvez ainsi utiliser votre bon d'achat et profiter directement de votre r\u00e9duction :<\/h2>\n\n\n\n<div class=\"flex home-ul\">\n<div>\n<ul class=\"wp-block-list li-no li-like\">\n<li>S\u00e9lectionnez l'EMOLI de votre choix ainsi que la couleur souhait\u00e9e et ajoutez-le \u00e0 votre panier en cliquant sur \u201eAjouter au panier\u201c en bas \u00e0 droite.<\/li>\n\n\n\n<li>Allez dans le panier ou directement \u00e0 la caisse.<\/li>\n\n\n\n<li>Ajoutez le code du bon <strong>emoli10<\/strong> est ajout\u00e9e. La r\u00e9duction sera automatiquement d\u00e9duite du prix d'achat.<\/li>\n<\/ul>\n<\/div>\n<\/div>\n<\/div>\n<\/div>\n\n\n\n<div class=\"flex flex-center flex-gap col-50 pb100 page-width\">\n<div>\n<figure class=\"wp-block-image size-full img-corn\"><img loading=\"lazy\" decoding=\"async\" width=\"2000\" height=\"2000\" src=\"https:\/\/www.microcorner.ch\/data\/Marken\/MC-E-Moli\/MC-380\/Rot\/Emoli_380_right.jpg\" alt=\"Emoli 380 Right\" class=\"wp-image-4622\"\/><figcaption class=\"wp-element-caption\">                                <\/figcaption><\/figure>\n<\/div>\n\n\n\n<div>\n<p class=\"is-style-text-ber-titel\"><\/p>\n\n\n\n<h2>La vie quotidienne facilit\u00e9e<\/h2>\n\n\n\n<p>Le site <strong>E-mobile MC Emoli 380<\/strong> est votre compagnon fiable pour les courses quotidiennes et les trajets de loisirs. Qu'il s'agisse de faire des courses, de rendre une petite visite \u00e0 des amis ou de faire une excursion \u00e0 la campagne, ce scooter \u00e9lectrique vous am\u00e8ne \u00e0 destination en tout confort et en toute s\u00e9curit\u00e9.<\/p>\n<\/div>\n<\/div>\n\n\n\n<div class=\"col-50 flex flex-center page-width flex-gap pb100 col-inv\">\n<div>\n<figure class=\"wp-block-image size-full img-corn\"><img loading=\"lazy\" decoding=\"async\" width=\"2000\" height=\"2000\" src=\"https:\/\/www.microcorner.ch\/data\/Marken\/MC-E-Moli\/MC-380\/Rot\/Emoli_380_leftside.jpg\" alt=\"Emoli 380 Leftside\" class=\"wp-image-4621\"\/><\/figure>\n<\/div>\n\n\n\n<div>\n<p class=\"is-style-text-ber-titel\"><\/p>\n\n\n\n<h2>Confortable &amp; \u00e9l\u00e9gant<\/h2>\n\n\n\n<p>Avec son <strong>si\u00e8ge robuste<\/strong>Gr\u00e2ce au dossier et aux accoudoirs, vous profitez \u00e0 tout moment d'un grand confort de conduite. Gr\u00e2ce \u00e0 son design \u00e9l\u00e9gant, l'Emoli 380 fait toujours bonne figure.<\/p>\n<\/div>\n<\/div>\n\n\n\n<figure class=\"wp-block-image alignfull size-full pb100\"><img loading=\"lazy\" decoding=\"async\" width=\"2000\" height=\"2000\" src=\"https:\/\/www.microcorner.ch\/data\/Marken\/MC-E-Moli\/MC-380\/Rot\/Emoli_380_right.jpg\" alt=\"Emoli 380 Right\" class=\"wp-image-4622\"\/><\/figure>\n\n\n\n<div class=\"col-50 flex flex-center page-width flex-gap pb100\">\n<div>\n<figure class=\"wp-block-image size-full img-corn\"><img loading=\"lazy\" decoding=\"async\" width=\"2000\" height=\"2000\" src=\"https:\/\/www.microcorner.ch\/data\/Marken\/MC-E-Moli\/MC-380\/Rot\/Emoli_380_front.jpg\" alt=\"Emoli 380 Front\" class=\"wp-image-4619\"\/><\/figure>\n<\/div>\n\n\n\n<div>\n<p class=\"is-style-text-ber-titel\">MONTER EN VOITURE ET PARTIR<\/p>\n\n\n\n<h2>Pratique &amp; bien pens\u00e9<\/h2>\n\n\n\n<p>Gr\u00e2ce \u00e0 la <strong>bo\u00eete arri\u00e8re int\u00e9gr\u00e9e<\/strong> transportez vos achats ou vos effets personnels en toute s\u00e9curit\u00e9 et \u00e0 port\u00e9e de main. Vous aurez ainsi l'esprit libre et pourrez vous concentrer pleinement sur le trajet.<\/p>\n\n\n\n<div>\n<div><a href=\"#probefahrt\">Essayer maintenant<\/a><\/div>\n<\/div>\n<\/div>\n<\/div>\n\n\n\n<div class=\"col-50 flex flex-center page-width flex-gap pb100 col-inv\">\n<div>\n<figure class=\"wp-block-image size-large img-corn\"><img loading=\"lazy\" decoding=\"async\" width=\"1024\" height=\"1024\" src=\"https:\/\/www.microcorner.ch\/data\/Marken\/MC-E-Moli\/MC-380\/Rot\/Emoli_380_rightside-1024x1024.jpg\" alt=\"Emoli 380 Rightside\" class=\"wp-image-4623\"\/><\/figure>\n<\/div>\n\n\n\n<div>\n<p class=\"is-style-text-ber-titel\">DE L'\u00c9LECTRICIT\u00c9 \u00c0 EMPORTER<\/p>\n\n\n\n<h2>S\u00fbr et \u00e9cologique<\/h2>\n\n\n\n<p>\u00c9quip\u00e9 d'un <strong>Syst\u00e8me de freinage multiple<\/strong> et une construction stable, l'Emoli 380 convainc par sa s\u00e9curit\u00e9 et sa fiabilit\u00e9. Vous vous d\u00e9placez <strong>sans \u00e9missions, silencieux et respectueux du climat<\/strong> - id\u00e9al aussi pour des trajets d\u00e9tendus dans la nature.<\/p>\n<\/div>\n<\/div>","protected":false},"excerpt":{"rendered":"<ul>\n<li>10\/20\/25 km\/h Niveaux de vitesse<\/li>\n<li>40-60 km de port\u00e9e<\/li>\n<li>Pile amovible<\/li>\n<li>\u00c9l\u00e9gant, confortable et s\u00fbr<\/li>\n<\/ul>\n<p>L'ind\u00e9pendance \u00e0 tout \u00e2ge ! Le E-Moli sportif et \u00e9l\u00e9gant pour les jeunes et les moins jeunes. Il se conduit comme un scooter et est nettement plus stable gr\u00e2ce \u00e0 ses 3 roues ! Un si\u00e8ge confortable, de la place pour les bagages et une allure puissante. L\u00e9gal sur les routes suisses.<\/p>","protected":false},"featured_media":4623,"comment_status":"open","ping_status":"closed","template":"","meta":{"_acf_changed":false,"css_class_manager_body_classes":"","css_class_manager_use_in_post_loop":false},"wpc-attribute-group":[],"product_brand":[603],"product_cat":[73,1269],"product_tag":[],"class_list":{"0":"post-1884","1":"product","2":"type-product","3":"status-publish","4":"has-post-thumbnail","6":"product_brand-mc","7":"product_cat-e-moli","8":"product_cat-aktionen-plus","9":"product_shipping_class-e-moli","11":"first","12":"instock","13":"taxable","14":"shipping-taxable","15":"purchasable","16":"product-type-variable","17":"has-default-attributes"},"acf":[],"_links":{"self":[{"href":"https:\/\/www.microcorner.ch\/fr\/wp-json\/wp\/v2\/product\/1884","targetHints":{"allow":["GET"]}}],"collection":[{"href":"https:\/\/www.microcorner.ch\/fr\/wp-json\/wp\/v2\/product"}],"about":[{"href":"https:\/\/www.microcorner.ch\/fr\/wp-json\/wp\/v2\/types\/product"}],"replies":[{"embeddable":true,"href":"https:\/\/www.microcorner.ch\/fr\/wp-json\/wp\/v2\/comments?post=1884"}],"wp:featuredmedia":[{"embeddable":true,"href":"https:\/\/www.microcorner.ch\/fr\/wp-json\/wp\/v2\/media\/4623"}],"wp:attachment":[{"href":"https:\/\/www.microcorner.ch\/fr\/wp-json\/wp\/v2\/media?parent=1884"}],"wp:term":[{"taxonomy":"wpc-attribute-group","embeddable":true,"href":"https:\/\/www.microcorner.ch\/fr\/wp-json\/wp\/v2\/wpc-attribute-group?post=1884"},{"taxonomy":"product_brand","embeddable":true,"href":"https:\/\/www.microcorner.ch\/fr\/wp-json\/wp\/v2\/product_brand?post=1884"},{"taxonomy":"product_cat","embeddable":true,"href":"https:\/\/www.microcorner.ch\/fr\/wp-json\/wp\/v2\/product_cat?post=1884"},{"taxonomy":"product_tag","embeddable":true,"href":"https:\/\/www.microcorner.ch\/fr\/wp-json\/wp\/v2\/product_tag?post=1884"}],"curies":[{"name":"wp","href":"https:\/\/api.w.org\/{rel}","templated":true}]}}