{"id":1901,"date":"2025-04-23T12:07:22","date_gmt":"2025-04-23T10:07:22","guid":{"rendered":"https:\/\/www.microcorner.ch\/?post_type=product&#038;p=1901"},"modified":"2026-03-10T11:09:53","modified_gmt":"2026-03-10T10:09:53","slug":"mc-emoli-420","status":"publish","type":"product","link":"https:\/\/www.microcorner.ch\/fr\/mc-emoli-420\/","title":{"rendered":"MC EMOLI 420"},"content":{"rendered":"<div class=\"flex flex-center flex-gap col-50 pb100 page-width\">\n<div>\n<figure class=\"wp-block-image size-full img-corn\"><img loading=\"lazy\" decoding=\"async\" width=\"2000\" height=\"2000\" src=\"https:\/\/www.microcorner.ch\/data\/Marken\/MC-E-Moli\/MC-420\/Grau\/Emoli_420_grau_right.jpg\" alt=\"Emoli 420 Gris Right\" class=\"wp-image-4630\"\/><figcaption class=\"wp-element-caption\">                                <\/figcaption><\/figure>\n<\/div>\n\n\n\n<div>\n<p class=\"is-style-text-ber-titel\"><\/p>\n\n\n\n<h2>Compact &amp; adapt\u00e9 \u00e0 la vie quotidienne<\/h2>\n\n\n\n<p>Le site <strong>E-mobile MC Emoli 420<\/strong> est le compagnon id\u00e9al pour les courts trajets et les d\u00e9placements quotidiens. Qu'il s'agisse de faire des courses, d'aller chez le m\u00e9decin ou de rendre visite \u00e0 un voisin, sa taille pratique et sa simplicit\u00e9 d'utilisation vous permettront d'arriver \u00e0 destination en toute confiance.<\/p>\n<\/div>\n<\/div>\n\n\n\n<div class=\"col-50 flex flex-center page-width flex-gap pb100 col-inv\">\n<div>\n<figure class=\"wp-block-image size-full img-corn\"><img loading=\"lazy\" decoding=\"async\" width=\"2000\" height=\"2000\" src=\"https:\/\/www.microcorner.ch\/data\/Marken\/MC-E-Moli\/MC-420\/Weiss\/Emoli_420_weiss_front.jpg\" alt=\"Emoli 420 Blanc Fa\u00e7ade\" class=\"wp-image-4634\"\/><\/figure>\n<\/div>\n\n\n\n<div>\n<p class=\"is-style-text-ber-titel\"><\/p>\n\n\n\n<h2>Confortable &amp; facile \u00e0 utiliser<\/h2>\n\n\n\n<p>Avec seulement <strong>61 kg Poids<\/strong> (sans batterie), l'Emoli 420 est particuli\u00e8rement l\u00e9ger et maniable. Le <strong>si\u00e8ge ergonomique<\/strong> assure une conduite confortable, tandis que le design convivial convient aussi parfaitement aux personnes \u00e0 mobilit\u00e9 r\u00e9duite.<\/p>\n<\/div>\n<\/div>\n\n\n\n<figure class=\"wp-block-image alignfull size-full pb100\"><img loading=\"lazy\" decoding=\"async\" width=\"2000\" height=\"2000\" src=\"https:\/\/www.microcorner.ch\/data\/Marken\/MC-E-Moli\/MC-420\/Weiss\/Emoli_420_weiss_left.jpg\" alt=\"Emoli 420 Blanc Left\" class=\"wp-image-4635\"\/><\/figure>\n\n\n\n<div class=\"col-50 flex flex-center page-width flex-gap pb100\">\n<div>\n<figure class=\"wp-block-image size-full img-corn\"><img loading=\"lazy\" decoding=\"async\" width=\"2000\" height=\"2000\" src=\"https:\/\/www.microcorner.ch\/data\/Marken\/MC-E-Moli\/MC-420\/Weiss\/Emoli_420_weiss_leftside.jpg\" alt=\"Emoli 420 Blanc Leftside\" class=\"wp-image-4636\"\/><\/figure>\n<\/div>\n\n\n\n<div>\n<p class=\"is-style-text-ber-titel\">PARTIR IMM\u00c9DIATEMENT<\/p>\n\n\n\n<h2>Puissant &amp; efficace<\/h2>\n\n\n\n<p>Propuls\u00e9 par un <strong>moteur de 500 watts<\/strong> l'Emoli 420 atteint une vitesse de <strong>10 km\/h<\/strong>. Le site <strong>batterie au lithium (48 V \/ 20 Ah, 960 Wh)<\/strong> offre une port\u00e9e de <strong>40-60 km<\/strong> et est disponible en seulement <strong>6-8 heures<\/strong> compl\u00e8tement charg\u00e9s. Le site <strong>charge utile de 100 kg<\/strong> le rend \u00e9galement pratique pour le transport quotidien.<\/p>\n\n\n\n<div>\n<div><a href=\"#probefahrt\">Essayer maintenant<\/a><\/div>\n<\/div>\n<\/div>\n<\/div>\n\n\n\n<div class=\"col-50 flex flex-center page-width flex-gap pb100 col-inv\">\n<div>\n<figure class=\"wp-block-image size-large img-corn\"><img loading=\"lazy\" decoding=\"async\" width=\"1024\" height=\"1024\" src=\"https:\/\/www.microcorner.ch\/data\/Marken\/MC-E-Moli\/MC-420\/Grau\/Emoli_420_grau_front-1024x1024.jpg\" alt=\"Emoli 420 Gris avant\" class=\"wp-image-4628\"\/><\/figure>\n<\/div>\n\n\n\n<div>\n<p class=\"is-style-text-ber-titel\">DE L'\u00c9LECTRICIT\u00c9 \u00c0 EMPORTER<\/p>\n\n\n\n<h2>S\u00fbr et moderne<\/h2>\n\n\n\n<p>Le site <strong>syst\u00e8me de freinage \u00e9lectrique<\/strong> assure un contr\u00f4le fiable, tandis que la <strong>pneus 6 pouces sans chambre \u00e0 air<\/strong> stabilit\u00e9 sur diff\u00e9rentes surfaces. Un point fort particulier : la <strong>Fonction NFC<\/strong>Le syst\u00e8me d'acc\u00e8s \u00e0 la voiture est un syst\u00e8me de s\u00e9curit\u00e9 qui vous permet d'utiliser votre v\u00e9hicule de mani\u00e8re confortable et moderne - sans cl\u00e9.<\/p>\n<\/div>\n<\/div>\n\n\n\n<p><\/p>","protected":false},"excerpt":{"rendered":"<ul>\n<li>10 km\/h Vitesse maximale<\/li>\n<li>40-60 km de port\u00e9e<\/li>\n<li>Pile amovible<\/li>\n<li>Fonction NFC<\/li>\n<\/ul>\n<p>\u00c9l\u00e9gant, confortable et s\u00fbr ! Le E-moli robuste et confortable pour les personnes \u00e0 mobilit\u00e9 r\u00e9duite qui veulent \u00eatre ind\u00e9pendantes. Un si\u00e8ge confortable, de la place pour les bagages et une allure puissante. L\u00e9gale sur les routes suisses.<\/p>","protected":false},"featured_media":4631,"comment_status":"open","ping_status":"closed","template":"","meta":{"_acf_changed":false,"css_class_manager_body_classes":"","css_class_manager_use_in_post_loop":false},"wpc-attribute-group":[],"product_brand":[603],"product_cat":[73,1269],"product_tag":[],"class_list":{"0":"post-1901","1":"product","2":"type-product","3":"status-publish","4":"has-post-thumbnail","6":"product_brand-mc","7":"product_cat-e-moli","8":"product_cat-aktionen-plus","9":"product_shipping_class-e-moli","11":"first","12":"instock","13":"sale","14":"taxable","15":"shipping-taxable","16":"purchasable","17":"product-type-variable","18":"has-default-attributes"},"acf":[],"_links":{"self":[{"href":"https:\/\/www.microcorner.ch\/fr\/wp-json\/wp\/v2\/product\/1901","targetHints":{"allow":["GET"]}}],"collection":[{"href":"https:\/\/www.microcorner.ch\/fr\/wp-json\/wp\/v2\/product"}],"about":[{"href":"https:\/\/www.microcorner.ch\/fr\/wp-json\/wp\/v2\/types\/product"}],"replies":[{"embeddable":true,"href":"https:\/\/www.microcorner.ch\/fr\/wp-json\/wp\/v2\/comments?post=1901"}],"wp:featuredmedia":[{"embeddable":true,"href":"https:\/\/www.microcorner.ch\/fr\/wp-json\/wp\/v2\/media\/4631"}],"wp:attachment":[{"href":"https:\/\/www.microcorner.ch\/fr\/wp-json\/wp\/v2\/media?parent=1901"}],"wp:term":[{"taxonomy":"wpc-attribute-group","embeddable":true,"href":"https:\/\/www.microcorner.ch\/fr\/wp-json\/wp\/v2\/wpc-attribute-group?post=1901"},{"taxonomy":"product_brand","embeddable":true,"href":"https:\/\/www.microcorner.ch\/fr\/wp-json\/wp\/v2\/product_brand?post=1901"},{"taxonomy":"product_cat","embeddable":true,"href":"https:\/\/www.microcorner.ch\/fr\/wp-json\/wp\/v2\/product_cat?post=1901"},{"taxonomy":"product_tag","embeddable":true,"href":"https:\/\/www.microcorner.ch\/fr\/wp-json\/wp\/v2\/product_tag?post=1901"}],"curies":[{"name":"wp","href":"https:\/\/api.w.org\/{rel}","templated":true}]}}