{"id":1902,"date":"2025-04-23T12:08:49","date_gmt":"2025-04-23T10:08:49","guid":{"rendered":"https:\/\/www.microcorner.ch\/?post_type=product&#038;p=1902"},"modified":"2026-02-12T19:22:00","modified_gmt":"2026-02-12T18:22:00","slug":"mc-emoli-440","status":"publish","type":"product","link":"https:\/\/www.microcorner.ch\/fr\/mc-emoli-440\/","title":{"rendered":"MC EMOLI 440"},"content":{"rendered":"<div class=\"flex flex-center flex-gap col-50 pb100 page-width\">\n<div>\n<figure class=\"wp-block-image size-full img-corn\"><img loading=\"lazy\" decoding=\"async\" width=\"2000\" height=\"2000\" src=\"https:\/\/www.microcorner.ch\/data\/Marken\/MC-E-Moli\/MC-440\/Rot\/Emoli_440_rot_right.jpg\" alt=\"Emoli 440 Rouge Right\" class=\"wp-image-4608\"\/><figcaption class=\"wp-element-caption\">                                <\/figcaption><\/figure>\n<\/div>\n\n\n\n<div>\n<p class=\"is-style-text-ber-titel\"><\/p>\n\n\n\n<h2>Votre compagnon id\u00e9al<\/h2>\n\n\n\n<p>D\u00e9couvrez le <strong>MC EMOLI 440<\/strong> - compact, maniable et fiable. Ce scooter \u00e9lectrique \u00e0 4 roues est sp\u00e9cialement con\u00e7u pour une mobilit\u00e9 quotidienne confortable et vous offre le m\u00e9lange parfait de flexibilit\u00e9, de s\u00e9curit\u00e9 et de l\u00e9g\u00e8ret\u00e9.<\/p>\n<\/div>\n<\/div>\n\n\n\n<div class=\"col-50 flex flex-center page-width flex-gap pb100 col-inv\">\n<div>\n<figure class=\"wp-block-image size-full img-corn\"><img loading=\"lazy\" decoding=\"async\" width=\"2222\" height=\"1666\" src=\"https:\/\/www.microcorner.ch\/data\/Marken\/MC-E-Moli\/MC-440\/Outdoor\/Emoli_440_Stockhalter-scaled.jpg\" alt=\"Emoli 440 Porte-canne\" class=\"wp-image-4612\"\/><\/figure>\n<\/div>\n\n\n\n<div>\n<p class=\"is-style-text-ber-titel\"><\/p>\n\n\n\n<h2>Le confort en d\u00e9tail<\/h2>\n\n\n\n<p>Le site <strong>Si\u00e8ge pivotant<\/strong> avec accoudoirs adaptables permet de s'installer et de conduire en toute s\u00e9r\u00e9nit\u00e9 - enti\u00e8rement personnalis\u00e9 selon vos besoins. Gr\u00e2ce au <strong>des designs l\u00e9gers et faciles \u00e0 utiliser<\/strong> l'EMOLI 440 est particuli\u00e8rement facile \u00e0 utiliser, m\u00eame pour les personnes \u00e0 mobilit\u00e9 r\u00e9duite.<\/p>\n<\/div>\n<\/div>\n\n\n\n<figure class=\"wp-block-image alignfull size-full pb100\"><img loading=\"lazy\" decoding=\"async\" width=\"2000\" height=\"2000\" src=\"https:\/\/www.microcorner.ch\/data\/Marken\/MC-E-Moli\/MC-440\/Braun\/Emoli_440_braun_left.jpg\" alt=\"Emoli 440 Marron Left\" class=\"wp-image-4601\"\/><\/figure>\n\n\n\n<div class=\"col-50 flex flex-center page-width flex-gap pb100\">\n<div>\n<figure class=\"wp-block-image size-full img-corn\"><img loading=\"lazy\" decoding=\"async\" width=\"2000\" height=\"2000\" src=\"https:\/\/www.microcorner.ch\/data\/Marken\/MC-E-Moli\/MC-440\/Rot\/Emoli_440_rot_rightside.jpg\" alt=\"Emoli 440 Rouge Rightside\" class=\"wp-image-4609\"\/><\/figure>\n<\/div>\n\n\n\n<div>\n<p class=\"is-style-text-ber-titel\"><\/p>\n\n\n\n<h2>Efficace &amp; puissant<\/h2>\n\n\n\n<p>Avec son <strong>moteur de 500 watts<\/strong> et d'une <strong>vitesse maximale de 25 km\/h<\/strong> vous vous d\u00e9placez rapidement et en \u00e9conomisant de l'\u00e9nergie. Qu'il s'agisse de faire des courses, d'un rendez-vous chez le m\u00e9decin ou d'une excursion dans la nature, l'EMOLI 440 vous am\u00e8ne \u00e0 destination en toute fiabilit\u00e9.<\/p>\n\n\n\n<div>\n<div><a href=\"#probefahrt\">Essayer maintenant<\/a><\/div>\n<\/div>\n<\/div>\n<\/div>\n\n\n\n<div class=\"col-50 flex flex-center page-width flex-gap pb100 col-inv\">\n<div>\n<figure class=\"wp-block-image size-large img-corn\"><img loading=\"lazy\" decoding=\"async\" width=\"1024\" height=\"1024\" src=\"https:\/\/www.microcorner.ch\/data\/Marken\/MC-E-Moli\/MC-440\/Blau\/Emoli_440_blau_left-1024x1024.jpg\" alt=\"Emoli 440 Bleu Left\" class=\"wp-image-4596\"\/><\/figure>\n<\/div>\n\n\n\n<div>\n<p class=\"is-style-text-ber-titel\"><\/p>\n\n\n\n<h2>S\u00fbr et \u00e9cologique<\/h2>\n\n\n\n<p>Haute qualit\u00e9 <strong>Syst\u00e8mes de freinage<\/strong> et la construction stable garantissent la s\u00e9curit\u00e9 sur tous les chemins. Vous vous d\u00e9placez <strong>silencieux et sans \u00e9missions<\/strong>L'EMOLI 440 est donc non seulement pratique, mais aussi respectueux du climat.<\/p>\n<\/div>\n<\/div>\n\n\n\n<figure class=\"wp-block-image alignfull size-full pb100\"><img loading=\"lazy\" decoding=\"async\" width=\"2000\" height=\"2000\" src=\"https:\/\/www.microcorner.ch\/data\/Marken\/MC-E-Moli\/MC-440\/Rot\/Emoli_440_rot_front.jpg\" alt=\"Emoli 440 Rouge avant\" class=\"wp-image-4605\"\/><\/figure>","protected":false},"excerpt":{"rendered":"<ul>\n<li>40-60 km de port\u00e9e<\/li>\n<li>25 km\/h Vitesse maximale<\/li>\n<li>Porte-canne en option<\/li>\n<li>Topcase pour un espace de rangement personnel suffisant<\/li>\n<\/ul>\n<p>Un design \u00e9l\u00e9gant avec une fonctionnalit\u00e9 pratique - id\u00e9al pour tous ceux qui souhaitent une mobilit\u00e9 sans compromis. Que ce soit pour aller faire des courses, pour rendre visite \u00e0 quelqu'un ou pour une excursion tranquille, ce scooter \u00e9lectrique vous accompagne en toute s\u00e9curit\u00e9, confortablement et avec style.<\/p>","protected":false},"featured_media":4861,"comment_status":"open","ping_status":"closed","template":"","meta":{"_acf_changed":false,"css_class_manager_body_classes":"","css_class_manager_use_in_post_loop":false},"wpc-attribute-group":[],"product_brand":[603],"product_cat":[73,1269],"product_tag":[],"class_list":{"0":"post-1902","1":"product","2":"type-product","3":"status-publish","4":"has-post-thumbnail","6":"product_brand-mc","7":"product_cat-e-moli","8":"product_cat-aktionen-plus","9":"product_shipping_class-e-moli","11":"first","12":"instock","13":"sale","14":"taxable","15":"shipping-taxable","16":"purchasable","17":"product-type-variable","18":"has-default-attributes"},"acf":[],"_links":{"self":[{"href":"https:\/\/www.microcorner.ch\/fr\/wp-json\/wp\/v2\/product\/1902","targetHints":{"allow":["GET"]}}],"collection":[{"href":"https:\/\/www.microcorner.ch\/fr\/wp-json\/wp\/v2\/product"}],"about":[{"href":"https:\/\/www.microcorner.ch\/fr\/wp-json\/wp\/v2\/types\/product"}],"replies":[{"embeddable":true,"href":"https:\/\/www.microcorner.ch\/fr\/wp-json\/wp\/v2\/comments?post=1902"}],"wp:featuredmedia":[{"embeddable":true,"href":"https:\/\/www.microcorner.ch\/fr\/wp-json\/wp\/v2\/media\/4861"}],"wp:attachment":[{"href":"https:\/\/www.microcorner.ch\/fr\/wp-json\/wp\/v2\/media?parent=1902"}],"wp:term":[{"taxonomy":"wpc-attribute-group","embeddable":true,"href":"https:\/\/www.microcorner.ch\/fr\/wp-json\/wp\/v2\/wpc-attribute-group?post=1902"},{"taxonomy":"product_brand","embeddable":true,"href":"https:\/\/www.microcorner.ch\/fr\/wp-json\/wp\/v2\/product_brand?post=1902"},{"taxonomy":"product_cat","embeddable":true,"href":"https:\/\/www.microcorner.ch\/fr\/wp-json\/wp\/v2\/product_cat?post=1902"},{"taxonomy":"product_tag","embeddable":true,"href":"https:\/\/www.microcorner.ch\/fr\/wp-json\/wp\/v2\/product_tag?post=1902"}],"curies":[{"name":"wp","href":"https:\/\/api.w.org\/{rel}","templated":true}]}}