{"id":1903,"date":"2025-04-23T12:11:22","date_gmt":"2025-04-23T10:11:22","guid":{"rendered":"https:\/\/www.microcorner.ch\/?post_type=product&#038;p=1903"},"modified":"2026-02-13T11:23:55","modified_gmt":"2026-02-13T10:23:55","slug":"mc-emoli-460","status":"publish","type":"product","link":"https:\/\/www.microcorner.ch\/fr\/mc-emoli-460\/","title":{"rendered":"MC EMOLI 460"},"content":{"rendered":"<div class=\"flex flex-center flex-gap col-50 pb100 page-width\">\n<div class=\"like-home bor-radius like-emoli-special\">\n<h2 class=\"pt30 like-h1\">Profitez d\u00e8s maintenant de l'offre EMOLI pour les membres du TCS. <br><br>Avec le code promotionnel : emoli10 <br>vous b\u00e9n\u00e9ficiez d'une r\u00e9duction de 10 %<\/h2>\n<\/div>\n\n\n\n<div>\n<h2>Vous pouvez ainsi utiliser votre bon d'achat et profiter directement de votre r\u00e9duction :<\/h2>\n\n\n\n<div class=\"flex home-ul\">\n<div>\n<ul class=\"wp-block-list li-no li-like\">\n<li>S\u00e9lectionnez l'EMOLI de votre choix ainsi que la couleur souhait\u00e9e et ajoutez-le \u00e0 votre panier en cliquant sur \u201eAjouter au panier\u201c en bas \u00e0 droite.<\/li>\n\n\n\n<li>Allez dans le panier ou directement \u00e0 la caisse.<\/li>\n\n\n\n<li>Ajoutez le code du bon <strong>emoli10<\/strong> est ajout\u00e9e. La r\u00e9duction sera automatiquement d\u00e9duite du prix d'achat.<\/li>\n<\/ul>\n<\/div>\n<\/div>\n<\/div>\n<\/div>\n\n\n\n<div class=\"col-50 flex flex-center page-width flex-gap pb100 col-inv\">\n<div>\n<figure class=\"wp-block-image size-full img-corn\"><img loading=\"lazy\" decoding=\"async\" width=\"2000\" height=\"2000\" src=\"https:\/\/www.microcorner.ch\/data\/Marken\/MC-E-Moli\/MC-460\/Weiss\/Emoli_460_weiss_front_2000px.jpeg\" alt=\"Mc 460 Front Microcorner E Emoli\" class=\"wp-image-4570\"\/><\/figure>\n<\/div>\n\n\n\n<div>\n<h2>Votre compagnon au quotidien<\/h2>\n\n\n\n<p>Le site <strong>MC EMOLI 460<\/strong> est un partenaire compact, maniable et fiable pour la mobilit\u00e9 quotidienne. Qu'il s'agisse d'un court trajet pour faire des courses, d'une visite chez des amis ou d'un tour dans la nature, ce v\u00e9hicule \u00e9lectrique rend chaque trajet confortable et facile.<\/p>\n\n\n\n<div>\n<div><a href=\"#probefahrt\">Essayer maintenant<\/a><\/div>\n<\/div>\n<\/div>\n<\/div>\n\n\n\n<div class=\"flex flex-center flex-gap col-50 pb100 page-width\">\n<div>\n<figure class=\"wp-block-image size-full img-corn\"><img loading=\"lazy\" decoding=\"async\" width=\"2000\" height=\"2000\" src=\"https:\/\/www.microcorner.ch\/data\/Marken\/MC-E-Moli\/MC-460\/Weiss\/Emoli_460_weiss_right_2000px.jpeg\" alt=\"Mc 460 Right Microcorner E Emoli\" class=\"wp-image-4573\"\/><figcaption class=\"wp-element-caption\">                                <\/figcaption><\/figure>\n<\/div>\n\n\n\n<div>\n<p class=\"is-style-text-ber-titel\"><\/p>\n\n\n\n<h2>\u00c9cologique &amp; efficace<\/h2>\n\n\n\n<p>Avec son <strong>moteur \u00e9lectrique de 1000W<\/strong> l'Emoli 460 se d\u00e9place silencieusement, sans \u00e9mission et jusqu'\u00e0 <strong>25 km\/h de vitesse<\/strong>. Ainsi, vous vous d\u00e9placez non seulement dans le respect du climat, mais aussi de mani\u00e8re efficace dans les transports urbains et ruraux.<\/p>\n<\/div>\n<\/div>\n\n\n\n<div class=\"col-50 flex flex-center page-width flex-gap pb100 col-inv\">\n<div>\n<figure class=\"wp-block-image size-full img-corn\"><img loading=\"lazy\" decoding=\"async\" width=\"2000\" height=\"2000\" src=\"https:\/\/www.microcorner.ch\/data\/Marken\/MC-E-Moli\/MC-460\/Weiss\/Emoli_460_weiss_left_2000px.jpeg\" alt=\"Mc 460 Left Microcorner E Emoli\" class=\"wp-image-4571\"\/><\/figure>\n<\/div>\n\n\n\n<div>\n<p class=\"is-style-text-ber-titel\">CONTR\u00d4LE MAXIMAL<\/p>\n\n\n\n<h2>Confort et s\u00e9curit\u00e9<\/h2>\n\n\n\n<p>Le site <strong>design l\u00e9ger et convivial<\/strong> est sp\u00e9cialement adapt\u00e9 aux personnes \u00e0 mobilit\u00e9 r\u00e9duite. Pour une conduite en toute s\u00e9curit\u00e9 <strong>Freins \u00e0 double disque avec syst\u00e8me CBS<\/strong> ainsi qu'une <strong>frein \u00e9lectromagn\u00e9tique<\/strong>. Vous b\u00e9n\u00e9ficiez ainsi d'une stabilit\u00e9 et d'un contr\u00f4le maximal - sur n'importe quelle piste.<\/p>\n<\/div>\n<\/div>\n\n\n\n<figure class=\"wp-block-image alignfull size-full pb100\"><img loading=\"lazy\" decoding=\"async\" width=\"2000\" height=\"1500\" src=\"https:\/\/www.microcorner.ch\/data\/Marken\/MC-E-Moli\/MC-460\/Weiss\/Emoli_460_weiss_Display.jpg\" alt=\"Emoli 460 Blanc Pr\u00e9sentoir\" class=\"wp-image-4583\"\/><\/figure>","protected":false},"excerpt":{"rendered":"<ul>\n<li>40-60 km de port\u00e9e<\/li>\n<li>commutateur de vitesse 10\/20\/25 km\/h<\/li>\n<li>Porte-canne en option<\/li>\n<li>Topcase et Front-Box\u00a0<\/li>\n<\/ul>\n<p>Votre compagnon au quotidien avec une touche m\u00e9ridionale ! Le v\u00e9hicule styl\u00e9 pour les personnes \u00e0 mobilit\u00e9 r\u00e9duite a une touche m\u00e9ridionale. Le design rencontre la fonctionnalit\u00e9. Des boxes \u00e0 l'arri\u00e8re et \u00e0 l'avant pour un espace de rangement personnel suffisant.<\/p>","protected":false},"featured_media":4777,"comment_status":"open","ping_status":"closed","template":"","meta":{"_acf_changed":false,"css_class_manager_body_classes":"","css_class_manager_use_in_post_loop":false},"wpc-attribute-group":[],"product_brand":[603],"product_cat":[73,1269],"product_tag":[],"class_list":{"0":"post-1903","1":"product","2":"type-product","3":"status-publish","4":"has-post-thumbnail","6":"product_brand-mc","7":"product_cat-e-moli","8":"product_cat-aktionen-plus","9":"product_shipping_class-e-moli","11":"first","12":"instock","13":"taxable","14":"shipping-taxable","15":"purchasable","16":"product-type-variable","17":"has-default-attributes"},"acf":[],"_links":{"self":[{"href":"https:\/\/www.microcorner.ch\/fr\/wp-json\/wp\/v2\/product\/1903","targetHints":{"allow":["GET"]}}],"collection":[{"href":"https:\/\/www.microcorner.ch\/fr\/wp-json\/wp\/v2\/product"}],"about":[{"href":"https:\/\/www.microcorner.ch\/fr\/wp-json\/wp\/v2\/types\/product"}],"replies":[{"embeddable":true,"href":"https:\/\/www.microcorner.ch\/fr\/wp-json\/wp\/v2\/comments?post=1903"}],"wp:featuredmedia":[{"embeddable":true,"href":"https:\/\/www.microcorner.ch\/fr\/wp-json\/wp\/v2\/media\/4777"}],"wp:attachment":[{"href":"https:\/\/www.microcorner.ch\/fr\/wp-json\/wp\/v2\/media?parent=1903"}],"wp:term":[{"taxonomy":"wpc-attribute-group","embeddable":true,"href":"https:\/\/www.microcorner.ch\/fr\/wp-json\/wp\/v2\/wpc-attribute-group?post=1903"},{"taxonomy":"product_brand","embeddable":true,"href":"https:\/\/www.microcorner.ch\/fr\/wp-json\/wp\/v2\/product_brand?post=1903"},{"taxonomy":"product_cat","embeddable":true,"href":"https:\/\/www.microcorner.ch\/fr\/wp-json\/wp\/v2\/product_cat?post=1903"},{"taxonomy":"product_tag","embeddable":true,"href":"https:\/\/www.microcorner.ch\/fr\/wp-json\/wp\/v2\/product_tag?post=1903"}],"curies":[{"name":"wp","href":"https:\/\/api.w.org\/{rel}","templated":true}]}}