{"id":1904,"date":"2025-04-23T12:13:13","date_gmt":"2025-04-23T10:13:13","guid":{"rendered":"https:\/\/www.microcorner.ch\/?post_type=product&#038;p=1904"},"modified":"2026-03-25T10:43:54","modified_gmt":"2026-03-25T09:43:54","slug":"mc-emoli-480","status":"publish","type":"product","link":"https:\/\/www.microcorner.ch\/fr\/mc-emoli-480\/","title":{"rendered":"MC EMOLI 480"},"content":{"rendered":"<div class=\"pb100 page-width\"><\/div>\n\n\n\n<div class=\"flex flex-center flex-gap col-50 pb100 page-width\">\n<div class=\"like-home bor-radius like-emoli-special\">\n<h2 class=\"pt30 like-h1\">Profitez d\u00e8s maintenant de l'offre EMOLI pour les membres du TCS. <br><br>Avec le code promotionnel : emoli10 <br>vous b\u00e9n\u00e9ficiez d'une r\u00e9duction de 10 %<\/h2>\n<\/div>\n\n\n\n<div>\n<h2>Vous pouvez ainsi utiliser votre bon d'achat et profiter directement de votre r\u00e9duction :<\/h2>\n\n\n\n<div class=\"flex home-ul\">\n<div>\n<ul class=\"wp-block-list li-no li-like\">\n<li>S\u00e9lectionnez l'EMOLI de votre choix ainsi que la couleur souhait\u00e9e et ajoutez-le \u00e0 votre panier en cliquant sur \u201eAjouter au panier\u201c en bas \u00e0 droite.<\/li>\n\n\n\n<li>Allez dans le panier ou directement \u00e0 la caisse.<\/li>\n\n\n\n<li>Ajoutez le code du bon <strong>emoli10<\/strong> est ajout\u00e9e. La r\u00e9duction sera automatiquement d\u00e9duite du prix d'achat.<\/li>\n<\/ul>\n<\/div>\n<\/div>\n<\/div>\n<\/div>\n\n\n\n<div class=\"flex flex-center flex-gap col-50 pb100 page-width\">\n<div>\n<figure class=\"wp-block-image size-full img-corn\"><img loading=\"lazy\" decoding=\"async\" width=\"2000\" height=\"2000\" src=\"https:\/\/www.microcorner.ch\/data\/Marken\/MC-E-Moli\/MC-480\/Silber\/Emoli_480_silber_leftside.jpg\" alt=\"Emoli 480 Argent Leftside\" class=\"wp-image-4658\"\/><figcaption class=\"wp-element-caption\">                                <\/figcaption><\/figure>\n<\/div>\n\n\n\n<div>\n<p class=\"is-style-text-ber-titel\"><\/p>\n\n\n\n<h2>Mobilit\u00e9 et confort<\/h2>\n\n\n\n<p>Le site <strong>E-mobile MC Emoli 480<\/strong> est votre partenaire fiable pour le quotidien et les loisirs. Qu'il s'agisse de faire des courses, d'aller chez le m\u00e9decin ou de faire une excursion - avec ce scooter \u00e9lectrique, vous jouissez d'une nouvelle ind\u00e9pendance tout en b\u00e9n\u00e9ficiant d'un grand confort.<\/p>\n<\/div>\n<\/div>\n\n\n\n<div class=\"col-50 flex flex-center page-width flex-gap pb100 col-inv\">\n<div>\n<figure class=\"wp-block-image size-full img-corn\"><img loading=\"lazy\" decoding=\"async\" width=\"2000\" height=\"2000\" src=\"https:\/\/www.microcorner.ch\/data\/Marken\/MC-E-Moli\/MC-480\/Blau\/Emoli_480_blau_right.jpg\" alt=\"Emoli 480 Bleu Right\" class=\"wp-image-4650\"\/><\/figure>\n<\/div>\n\n\n\n<div>\n<p class=\"is-style-text-ber-titel\"><\/p>\n\n\n\n<h2>S\u00fbr et facile \u00e0 utiliser<\/h2>\n\n\n\n<p>La construction robuste et le <strong>si\u00e8ge confortable<\/strong> avec accoudoirs assurent une conduite d\u00e9tendue. Gr\u00e2ce \u00e0 son <strong>des designs l\u00e9gers et faciles \u00e0 utiliser<\/strong> l'Emoli 480 est \u00e9galement id\u00e9al pour les personnes \u00e0 mobilit\u00e9 r\u00e9duite.<\/p>\n<\/div>\n<\/div>\n\n\n\n<figure class=\"wp-block-image alignfull size-full pb100\"><img loading=\"lazy\" decoding=\"async\" width=\"2000\" height=\"2000\" src=\"https:\/\/www.microcorner.ch\/data\/Marken\/MC-E-Moli\/MC-480\/Rot\/Emoli_480_rot_leftside.jpg\" alt=\"Emoli 480 Rouge Leftside\" class=\"wp-image-4654\"\/><\/figure>\n\n\n\n<div class=\"col-50 flex flex-center page-width flex-gap pb100\">\n<div>\n<figure class=\"wp-block-image size-full img-corn\"><img loading=\"lazy\" decoding=\"async\" width=\"2000\" height=\"2000\" src=\"https:\/\/www.microcorner.ch\/data\/Marken\/MC-E-Moli\/MC-480\/Rot\/Emoli_480_rot_front.jpg\" alt=\"Emoli 480 Rouge avant\" class=\"wp-image-4652\"\/><\/figure>\n<\/div>\n\n\n\n<div>\n<p class=\"is-style-text-ber-titel\"><\/p>\n\n\n\n<h2>Puissant et efficace<\/h2>\n\n\n\n<p>Avec un <strong>moteur de 1000 watts<\/strong> et une vitesse allant jusqu'\u00e0 <strong>25 km\/h<\/strong> l'Emoli 480 vous am\u00e8ne rapidement et efficacement \u00e0 destination. Il vous permet de vous d\u00e9placer agr\u00e9ablement et en toute s\u00e9curit\u00e9, m\u00eame sur de longues distances.<\/p>\n\n\n\n<div>\n<div><a href=\"#probefahrt\">Essayer maintenant<\/a><\/div>\n<\/div>\n<\/div>\n<\/div>\n\n\n\n<div class=\"col-50 flex flex-center page-width flex-gap pb100 col-inv\">\n<div>\n<figure class=\"wp-block-image size-large img-corn\"><img loading=\"lazy\" decoding=\"async\" width=\"1024\" height=\"1024\" src=\"https:\/\/www.microcorner.ch\/data\/Marken\/MC-E-Moli\/MC-480\/Silber\/Emoli_480_silber_rightside-1024x1024.jpg\" alt=\"Emoli 480 Argent Rightside\" class=\"wp-image-4660\"\/><\/figure>\n<\/div>\n\n\n\n<div>\n<p class=\"is-style-text-ber-titel\"><\/p>\n\n\n\n<h2>Stabilit\u00e9 et s\u00e9curit\u00e9<\/h2>\n\n\n\n<p>Pour une s\u00e9curit\u00e9 maximale, le <strong>Syst\u00e8me de freinage \u00e0 double disque CBS<\/strong>Il vous offre un contr\u00f4le total \u00e0 tout moment. Que ce soit en ville ou sur des chemins tranquilles, l'Emoli 480 offre stabilit\u00e9, fiabilit\u00e9 et une bonne sensation de conduite.<\/p>\n<\/div>\n<\/div>","protected":false},"excerpt":{"rendered":"<ul>\n<li>10\/20\/25 km\/h Niveaux de vitesse<\/li>\n<li>40-60 km de port\u00e9e<\/li>\n<li>Pile amovible<\/li>\n<li>Confortable et s\u00fbr<\/li>\n<\/ul>\n<p>Le scooter \u00e9lectrique allie confort, s\u00e9curit\u00e9 et puissance dans un scooter \u00e9lectrique moderne. Avec son si\u00e8ge confortable, son espace de rangement pratique pour les courses ou les bagages et sa construction robuste, il offre tout ce dont vous avez besoin pour votre libert\u00e9 quotidienne - et ce, en toute l\u00e9galit\u00e9 sur les routes suisses.<\/p>","protected":false},"featured_media":4660,"comment_status":"open","ping_status":"closed","template":"","meta":{"_acf_changed":false,"css_class_manager_body_classes":"","css_class_manager_use_in_post_loop":false},"wpc-attribute-group":[],"product_brand":[603],"product_cat":[73,1269],"product_tag":[],"class_list":{"0":"post-1904","1":"product","2":"type-product","3":"status-publish","4":"has-post-thumbnail","6":"product_brand-mc","7":"product_cat-e-moli","8":"product_cat-aktionen-plus","9":"product_shipping_class-e-moli","11":"first","12":"instock","13":"taxable","14":"shipping-taxable","15":"purchasable","16":"product-type-variable","17":"has-default-attributes"},"acf":[],"_links":{"self":[{"href":"https:\/\/www.microcorner.ch\/fr\/wp-json\/wp\/v2\/product\/1904","targetHints":{"allow":["GET"]}}],"collection":[{"href":"https:\/\/www.microcorner.ch\/fr\/wp-json\/wp\/v2\/product"}],"about":[{"href":"https:\/\/www.microcorner.ch\/fr\/wp-json\/wp\/v2\/types\/product"}],"replies":[{"embeddable":true,"href":"https:\/\/www.microcorner.ch\/fr\/wp-json\/wp\/v2\/comments?post=1904"}],"wp:featuredmedia":[{"embeddable":true,"href":"https:\/\/www.microcorner.ch\/fr\/wp-json\/wp\/v2\/media\/4660"}],"wp:attachment":[{"href":"https:\/\/www.microcorner.ch\/fr\/wp-json\/wp\/v2\/media?parent=1904"}],"wp:term":[{"taxonomy":"wpc-attribute-group","embeddable":true,"href":"https:\/\/www.microcorner.ch\/fr\/wp-json\/wp\/v2\/wpc-attribute-group?post=1904"},{"taxonomy":"product_brand","embeddable":true,"href":"https:\/\/www.microcorner.ch\/fr\/wp-json\/wp\/v2\/product_brand?post=1904"},{"taxonomy":"product_cat","embeddable":true,"href":"https:\/\/www.microcorner.ch\/fr\/wp-json\/wp\/v2\/product_cat?post=1904"},{"taxonomy":"product_tag","embeddable":true,"href":"https:\/\/www.microcorner.ch\/fr\/wp-json\/wp\/v2\/product_tag?post=1904"}],"curies":[{"name":"wp","href":"https:\/\/api.w.org\/{rel}","templated":true}]}}