{"id":232,"date":"2025-02-24T08:28:46","date_gmt":"2025-02-24T07:28:46","guid":{"rendered":"https:\/\/www.microcorner.ch\/?post_type=product&#038;p=232"},"modified":"2026-02-12T19:25:45","modified_gmt":"2026-02-12T18:25:45","slug":"vmax-compressor","status":"publish","type":"product","link":"https:\/\/www.microcorner.ch\/fr\/vmax-compressor\/","title":{"rendered":"Compresseur VMAX"},"content":{"rendered":"<p>Une pression de gonflage optimale prot\u00e8ge des crevaisons et am\u00e9liore le confort et l'autonomie. Gr\u00e2ce \u00e0 la pompe \u00e0 air compacte fonctionnant sur batterie, vous pouvez facilement gonfler les pneus VMAX \u00e0 la pression id\u00e9ale \u00e0 tout moment.<\/p>","protected":false},"excerpt":{"rendered":"<p>Une pression de gonflage optimale prot\u00e8ge des crevaisons et am\u00e9liore le confort. Gonflez rapidement vos pneus VMAX o\u00f9 que vous soyez gr\u00e2ce \u00e0 la pompe \u00e0 batterie compacte.<\/p>","protected":false},"featured_media":262,"comment_status":"closed","ping_status":"closed","template":"","meta":{"_acf_changed":false,"css_class_manager_body_classes":"","css_class_manager_use_in_post_loop":false},"wpc-attribute-group":[],"product_brand":[62],"product_cat":[274],"product_tag":[],"class_list":{"0":"post-232","1":"product","2":"type-product","3":"status-publish","4":"has-post-thumbnail","6":"product_brand-vmax","7":"product_cat-e-scooter-zubehoer","9":"first","10":"instock","11":"taxable","12":"shipping-taxable","13":"purchasable","14":"product-type-simple"},"acf":[],"_links":{"self":[{"href":"https:\/\/www.microcorner.ch\/fr\/wp-json\/wp\/v2\/product\/232","targetHints":{"allow":["GET"]}}],"collection":[{"href":"https:\/\/www.microcorner.ch\/fr\/wp-json\/wp\/v2\/product"}],"about":[{"href":"https:\/\/www.microcorner.ch\/fr\/wp-json\/wp\/v2\/types\/product"}],"replies":[{"embeddable":true,"href":"https:\/\/www.microcorner.ch\/fr\/wp-json\/wp\/v2\/comments?post=232"}],"wp:featuredmedia":[{"embeddable":true,"href":"https:\/\/www.microcorner.ch\/fr\/wp-json\/wp\/v2\/media\/262"}],"wp:attachment":[{"href":"https:\/\/www.microcorner.ch\/fr\/wp-json\/wp\/v2\/media?parent=232"}],"wp:term":[{"taxonomy":"wpc-attribute-group","embeddable":true,"href":"https:\/\/www.microcorner.ch\/fr\/wp-json\/wp\/v2\/wpc-attribute-group?post=232"},{"taxonomy":"product_brand","embeddable":true,"href":"https:\/\/www.microcorner.ch\/fr\/wp-json\/wp\/v2\/product_brand?post=232"},{"taxonomy":"product_cat","embeddable":true,"href":"https:\/\/www.microcorner.ch\/fr\/wp-json\/wp\/v2\/product_cat?post=232"},{"taxonomy":"product_tag","embeddable":true,"href":"https:\/\/www.microcorner.ch\/fr\/wp-json\/wp\/v2\/product_tag?post=232"}],"curies":[{"name":"wp","href":"https:\/\/api.w.org\/{rel}","templated":true}]}}