{"id":266,"date":"2025-02-24T08:46:30","date_gmt":"2025-02-24T07:46:30","guid":{"rendered":"https:\/\/www.microcorner.ch\/?post_type=product&#038;p=266"},"modified":"2026-02-05T11:38:28","modified_gmt":"2026-02-05T10:38:28","slug":"zero-xe","status":"publish","type":"product","link":"https:\/\/www.microcorner.ch\/fr\/zero-xe\/","title":{"rendered":"ZERO XE"},"content":{"rendered":"<div class=\"col-50 flex flex-center page-width flex-gap pb100 col-inv\">\n<div>\n<figure class=\"wp-block-image size-large img-corn\"><img loading=\"lazy\" decoding=\"async\" width=\"1024\" height=\"819\" src=\"https:\/\/www.microcorner.ch\/data\/Marken\/Zero\/XE\/Zero-xe-cross-seitlich-1024x819.jpg\" alt=\"Zero Xe Cross Lat\u00e9ral.jpg\" class=\"wp-image-270\" srcset=\"https:\/\/www.microcorner.ch\/data\/Marken\/Zero\/XE\/Zero-xe-cross-seitlich-1024x819.jpg 1024w, https:\/\/www.microcorner.ch\/data\/Marken\/Zero\/XE\/Zero-xe-cross-seitlich-900x720.jpg 900w, https:\/\/www.microcorner.ch\/data\/Marken\/Zero\/XE\/Zero-xe-cross-seitlich-300x240.jpg 300w, https:\/\/www.microcorner.ch\/data\/Marken\/Zero\/XE\/Zero-xe-cross-seitlich-768x614.jpg 768w, https:\/\/www.microcorner.ch\/data\/Marken\/Zero\/XE\/Zero-xe-cross-seitlich-1536x1229.jpg 1536w, https:\/\/www.microcorner.ch\/data\/Marken\/Zero\/XE\/Zero-xe-cross-seitlich.jpg 1920w\" sizes=\"(max-width: 1024px) 100vw, 1024px\" \/><\/figure>\n<\/div>\n\n\n\n<div>\n<h2>ZERO XE<\/h2>\n\n\n\n<p>Le site <strong>Z\u00e9ro XE<\/strong> est dot\u00e9e d'un rapport poids\/puissance exceptionnel qui te permet de labourer sans effort la terre, la boue et le gravier. Avec le couple le plus \u00e9lev\u00e9 de sa cat\u00e9gorie \u00e0 l'arri\u00e8re et un ch\u00e2ssis parfaitement r\u00e9gl\u00e9, elle ravira les fans de tout-terrain comme toi - si tu aimes le couple explosif et l'acc\u00e9l\u00e9ration sans rupture de transmission.<\/p>\n\n\n\n<div>\n<div><a href=\"#probefahrt\">Essayer maintenant<\/a><\/div>\n<\/div>\n<\/div>\n<\/div>\n\n\n\n<div class=\"pb100 page-width\">\n<figure class=\"wp-block-gallery has-nested-images columns-6 is-cropped wp-block-gallery-1 wp-block-gallery-\">\n<figure class=\"wp-block-image size-large\"><img loading=\"lazy\" decoding=\"async\" width=\"1024\" height=\"683\" data-id=\"3960\" src=\"https:\/\/www.microcorner.ch\/data\/Marken\/Zero\/XE\/Zero_2025_XE-9-1024x683.jpg\" alt=\"Moto \u00e9lectrique Zero XE Microcorner E Moto\" class=\"wp-image-3960\" srcset=\"https:\/\/www.microcorner.ch\/data\/Marken\/Zero\/XE\/Zero_2025_XE-9-1024x683.jpg 1024w, https:\/\/www.microcorner.ch\/data\/Marken\/Zero\/XE\/Zero_2025_XE-9-900x600.jpg 900w, https:\/\/www.microcorner.ch\/data\/Marken\/Zero\/XE\/Zero_2025_XE-9-300x200.jpg 300w, https:\/\/www.microcorner.ch\/data\/Marken\/Zero\/XE\/Zero_2025_XE-9-768x512.jpg 768w, https:\/\/www.microcorner.ch\/data\/Marken\/Zero\/XE\/Zero_2025_XE-9-1536x1025.jpg 1536w, https:\/\/www.microcorner.ch\/data\/Marken\/Zero\/XE\/Zero_2025_XE-9-1320x880.jpg 1320w, https:\/\/www.microcorner.ch\/data\/Marken\/Zero\/XE\/Zero_2025_XE-9.jpg 2000w\" sizes=\"(max-width: 1024px) 100vw, 1024px\" \/><\/figure>\n\n\n\n<figure class=\"wp-block-image size-medium\"><img loading=\"lazy\" decoding=\"async\" width=\"300\" height=\"200\" data-id=\"3972\" src=\"https:\/\/www.microcorner.ch\/data\/Marken\/Zero\/XE\/ZeroXB_ZeroXE-2-300x200.jpg\" alt=\"Moto \u00e9lectrique Zero XE Microcorner E Moto\" class=\"wp-image-3972\" srcset=\"https:\/\/www.microcorner.ch\/data\/Marken\/Zero\/XE\/ZeroXB_ZeroXE-2-300x200.jpg 300w, https:\/\/www.microcorner.ch\/data\/Marken\/Zero\/XE\/ZeroXB_ZeroXE-2-900x600.jpg 900w, https:\/\/www.microcorner.ch\/data\/Marken\/Zero\/XE\/ZeroXB_ZeroXE-2-1024x683.jpg 1024w, https:\/\/www.microcorner.ch\/data\/Marken\/Zero\/XE\/ZeroXB_ZeroXE-2-768x512.jpg 768w, https:\/\/www.microcorner.ch\/data\/Marken\/Zero\/XE\/ZeroXB_ZeroXE-2-1536x1025.jpg 1536w, https:\/\/www.microcorner.ch\/data\/Marken\/Zero\/XE\/ZeroXB_ZeroXE-2-1320x880.jpg 1320w, https:\/\/www.microcorner.ch\/data\/Marken\/Zero\/XE\/ZeroXB_ZeroXE-2.jpg 2000w\" sizes=\"(max-width: 300px) 100vw, 300px\" \/><\/figure>\n\n\n\n<figure class=\"wp-block-image size-large\"><img loading=\"lazy\" decoding=\"async\" width=\"1024\" height=\"683\" data-id=\"3956\" src=\"https:\/\/www.microcorner.ch\/data\/Marken\/Zero\/XE\/Zero_2025_XE-7-1024x683.jpg\" alt=\"Moto \u00e9lectrique Zero XE Microcorner E Moto\" class=\"wp-image-3956\" srcset=\"https:\/\/www.microcorner.ch\/data\/Marken\/Zero\/XE\/Zero_2025_XE-7-1024x683.jpg 1024w, https:\/\/www.microcorner.ch\/data\/Marken\/Zero\/XE\/Zero_2025_XE-7-900x600.jpg 900w, https:\/\/www.microcorner.ch\/data\/Marken\/Zero\/XE\/Zero_2025_XE-7-300x200.jpg 300w, https:\/\/www.microcorner.ch\/data\/Marken\/Zero\/XE\/Zero_2025_XE-7-768x512.jpg 768w, https:\/\/www.microcorner.ch\/data\/Marken\/Zero\/XE\/Zero_2025_XE-7-1536x1025.jpg 1536w, https:\/\/www.microcorner.ch\/data\/Marken\/Zero\/XE\/Zero_2025_XE-7-1320x880.jpg 1320w, https:\/\/www.microcorner.ch\/data\/Marken\/Zero\/XE\/Zero_2025_XE-7.jpg 2000w\" sizes=\"(max-width: 1024px) 100vw, 1024px\" \/><\/figure>\n\n\n\n<figure class=\"wp-block-image size-large\"><img loading=\"lazy\" decoding=\"async\" width=\"1024\" height=\"683\" data-id=\"3944\" src=\"https:\/\/www.microcorner.ch\/data\/Marken\/Zero\/XE\/Zero_2025_XE-1-1024x683.jpg\" alt=\"Moto \u00e9lectrique Zero XE Microcorner E Moto\" class=\"wp-image-3944\" srcset=\"https:\/\/www.microcorner.ch\/data\/Marken\/Zero\/XE\/Zero_2025_XE-1-1024x683.jpg 1024w, https:\/\/www.microcorner.ch\/data\/Marken\/Zero\/XE\/Zero_2025_XE-1-900x600.jpg 900w, https:\/\/www.microcorner.ch\/data\/Marken\/Zero\/XE\/Zero_2025_XE-1-300x200.jpg 300w, https:\/\/www.microcorner.ch\/data\/Marken\/Zero\/XE\/Zero_2025_XE-1-768x512.jpg 768w, https:\/\/www.microcorner.ch\/data\/Marken\/Zero\/XE\/Zero_2025_XE-1-1536x1025.jpg 1536w, https:\/\/www.microcorner.ch\/data\/Marken\/Zero\/XE\/Zero_2025_XE-1-1320x880.jpg 1320w, https:\/\/www.microcorner.ch\/data\/Marken\/Zero\/XE\/Zero_2025_XE-1.jpg 2000w\" sizes=\"(max-width: 1024px) 100vw, 1024px\" \/><\/figure>\n\n\n\n<figure class=\"wp-block-image size-large\"><img loading=\"lazy\" decoding=\"async\" width=\"1024\" height=\"683\" data-id=\"3970\" src=\"https:\/\/www.microcorner.ch\/data\/Marken\/Zero\/XE\/ZeroXB_ZeroXE-1-1024x683.jpg\" alt=\"Moto \u00e9lectrique Zero XE Microcorner E Moto\" class=\"wp-image-3970\" srcset=\"https:\/\/www.microcorner.ch\/data\/Marken\/Zero\/XE\/ZeroXB_ZeroXE-1-1024x683.jpg 1024w, https:\/\/www.microcorner.ch\/data\/Marken\/Zero\/XE\/ZeroXB_ZeroXE-1-900x600.jpg 900w, https:\/\/www.microcorner.ch\/data\/Marken\/Zero\/XE\/ZeroXB_ZeroXE-1-300x200.jpg 300w, https:\/\/www.microcorner.ch\/data\/Marken\/Zero\/XE\/ZeroXB_ZeroXE-1-768x512.jpg 768w, https:\/\/www.microcorner.ch\/data\/Marken\/Zero\/XE\/ZeroXB_ZeroXE-1-1536x1025.jpg 1536w, https:\/\/www.microcorner.ch\/data\/Marken\/Zero\/XE\/ZeroXB_ZeroXE-1-1320x880.jpg 1320w, https:\/\/www.microcorner.ch\/data\/Marken\/Zero\/XE\/ZeroXB_ZeroXE-1.jpg 2000w\" sizes=\"(max-width: 1024px) 100vw, 1024px\" \/><\/figure>\n\n\n\n<figure class=\"wp-block-image size-large\"><img loading=\"lazy\" decoding=\"async\" width=\"1024\" height=\"683\" data-id=\"3964\" src=\"https:\/\/www.microcorner.ch\/data\/Marken\/Zero\/XE\/Zero_2025_XE-11-1024x683.jpg\" alt=\"Moto \u00e9lectrique Zero XE Microcorner E Moto\" class=\"wp-image-3964\" srcset=\"https:\/\/www.microcorner.ch\/data\/Marken\/Zero\/XE\/Zero_2025_XE-11-1024x683.jpg 1024w, https:\/\/www.microcorner.ch\/data\/Marken\/Zero\/XE\/Zero_2025_XE-11-900x600.jpg 900w, https:\/\/www.microcorner.ch\/data\/Marken\/Zero\/XE\/Zero_2025_XE-11-300x200.jpg 300w, https:\/\/www.microcorner.ch\/data\/Marken\/Zero\/XE\/Zero_2025_XE-11-768x512.jpg 768w, https:\/\/www.microcorner.ch\/data\/Marken\/Zero\/XE\/Zero_2025_XE-11-1536x1025.jpg 1536w, https:\/\/www.microcorner.ch\/data\/Marken\/Zero\/XE\/Zero_2025_XE-11-1320x880.jpg 1320w, https:\/\/www.microcorner.ch\/data\/Marken\/Zero\/XE\/Zero_2025_XE-11.jpg 2000w\" sizes=\"(max-width: 1024px) 100vw, 1024px\" \/><\/figure>\n\n\n\n<figure class=\"wp-block-image size-large\"><img loading=\"lazy\" decoding=\"async\" width=\"1024\" height=\"683\" data-id=\"3966\" src=\"https:\/\/www.microcorner.ch\/data\/Marken\/Zero\/XE\/Zero_2025_XE-12-1024x683.jpg\" alt=\"Moto \u00e9lectrique Zero XE Microcorner E Moto\" class=\"wp-image-3966\" srcset=\"https:\/\/www.microcorner.ch\/data\/Marken\/Zero\/XE\/Zero_2025_XE-12-1024x683.jpg 1024w, https:\/\/www.microcorner.ch\/data\/Marken\/Zero\/XE\/Zero_2025_XE-12-900x600.jpg 900w, https:\/\/www.microcorner.ch\/data\/Marken\/Zero\/XE\/Zero_2025_XE-12-300x200.jpg 300w, https:\/\/www.microcorner.ch\/data\/Marken\/Zero\/XE\/Zero_2025_XE-12-768x512.jpg 768w, https:\/\/www.microcorner.ch\/data\/Marken\/Zero\/XE\/Zero_2025_XE-12-1536x1025.jpg 1536w, https:\/\/www.microcorner.ch\/data\/Marken\/Zero\/XE\/Zero_2025_XE-12-1320x880.jpg 1320w, https:\/\/www.microcorner.ch\/data\/Marken\/Zero\/XE\/Zero_2025_XE-12.jpg 2000w\" sizes=\"(max-width: 1024px) 100vw, 1024px\" \/><\/figure>\n\n\n\n<figure class=\"wp-block-image size-large\"><img loading=\"lazy\" decoding=\"async\" width=\"1024\" height=\"683\" data-id=\"3968\" src=\"https:\/\/www.microcorner.ch\/data\/Marken\/Zero\/XE\/Zero_2025_XE-13-1024x683.jpg\" alt=\"Moto \u00e9lectrique Zero XE Microcorner E Moto\" class=\"wp-image-3968\" srcset=\"https:\/\/www.microcorner.ch\/data\/Marken\/Zero\/XE\/Zero_2025_XE-13-1024x683.jpg 1024w, https:\/\/www.microcorner.ch\/data\/Marken\/Zero\/XE\/Zero_2025_XE-13-900x600.jpg 900w, https:\/\/www.microcorner.ch\/data\/Marken\/Zero\/XE\/Zero_2025_XE-13-300x200.jpg 300w, https:\/\/www.microcorner.ch\/data\/Marken\/Zero\/XE\/Zero_2025_XE-13-768x512.jpg 768w, https:\/\/www.microcorner.ch\/data\/Marken\/Zero\/XE\/Zero_2025_XE-13-1536x1025.jpg 1536w, https:\/\/www.microcorner.ch\/data\/Marken\/Zero\/XE\/Zero_2025_XE-13-1320x880.jpg 1320w, https:\/\/www.microcorner.ch\/data\/Marken\/Zero\/XE\/Zero_2025_XE-13.jpg 2000w\" sizes=\"(max-width: 1024px) 100vw, 1024px\" \/><\/figure>\n\n\n\n<figure class=\"wp-block-image size-large\"><img loading=\"lazy\" decoding=\"async\" width=\"1024\" height=\"683\" data-id=\"3948\" src=\"https:\/\/www.microcorner.ch\/data\/Marken\/Zero\/XE\/Zero_2025_XE-3-1024x683.jpg\" alt=\"Moto \u00e9lectrique Zero XE Microcorner E Moto\" class=\"wp-image-3948\" srcset=\"https:\/\/www.microcorner.ch\/data\/Marken\/Zero\/XE\/Zero_2025_XE-3-1024x683.jpg 1024w, https:\/\/www.microcorner.ch\/data\/Marken\/Zero\/XE\/Zero_2025_XE-3-900x600.jpg 900w, https:\/\/www.microcorner.ch\/data\/Marken\/Zero\/XE\/Zero_2025_XE-3-300x200.jpg 300w, https:\/\/www.microcorner.ch\/data\/Marken\/Zero\/XE\/Zero_2025_XE-3-768x512.jpg 768w, https:\/\/www.microcorner.ch\/data\/Marken\/Zero\/XE\/Zero_2025_XE-3-1536x1025.jpg 1536w, https:\/\/www.microcorner.ch\/data\/Marken\/Zero\/XE\/Zero_2025_XE-3-1320x880.jpg 1320w, https:\/\/www.microcorner.ch\/data\/Marken\/Zero\/XE\/Zero_2025_XE-3.jpg 2000w\" sizes=\"(max-width: 1024px) 100vw, 1024px\" \/><\/figure>\n\n\n\n<figure class=\"wp-block-image size-large\"><img loading=\"lazy\" decoding=\"async\" width=\"1024\" height=\"683\" data-id=\"3950\" src=\"https:\/\/www.microcorner.ch\/data\/Marken\/Zero\/XE\/Zero_2025_XE-4-1024x683.jpg\" alt=\"Moto \u00e9lectrique Zero XE Microcorner E Moto\" class=\"wp-image-3950\" srcset=\"https:\/\/www.microcorner.ch\/data\/Marken\/Zero\/XE\/Zero_2025_XE-4-1024x683.jpg 1024w, https:\/\/www.microcorner.ch\/data\/Marken\/Zero\/XE\/Zero_2025_XE-4-900x600.jpg 900w, https:\/\/www.microcorner.ch\/data\/Marken\/Zero\/XE\/Zero_2025_XE-4-300x200.jpg 300w, https:\/\/www.microcorner.ch\/data\/Marken\/Zero\/XE\/Zero_2025_XE-4-768x512.jpg 768w, https:\/\/www.microcorner.ch\/data\/Marken\/Zero\/XE\/Zero_2025_XE-4-1536x1025.jpg 1536w, https:\/\/www.microcorner.ch\/data\/Marken\/Zero\/XE\/Zero_2025_XE-4-1320x880.jpg 1320w, https:\/\/www.microcorner.ch\/data\/Marken\/Zero\/XE\/Zero_2025_XE-4.jpg 2000w\" sizes=\"(max-width: 1024px) 100vw, 1024px\" \/><\/figure>\n<\/figure>\n<\/div>\n\n\n\n<div class=\"flex flex-center flex-gap col-50 pb100 page-width\">\n<div>\n<figure class=\"wp-block-image size-full img-corn\"><img loading=\"lazy\" decoding=\"async\" width=\"2000\" height=\"1334\" src=\"https:\/\/www.microcorner.ch\/data\/Marken\/Zero\/XE\/Zero_2025_XE-5.jpg\" alt=\"Moto \u00e9lectrique Zero XE Microcorner E Moto\" class=\"wp-image-3952\" srcset=\"https:\/\/www.microcorner.ch\/data\/Marken\/Zero\/XE\/Zero_2025_XE-5.jpg 2000w, https:\/\/www.microcorner.ch\/data\/Marken\/Zero\/XE\/Zero_2025_XE-5-900x600.jpg 900w, https:\/\/www.microcorner.ch\/data\/Marken\/Zero\/XE\/Zero_2025_XE-5-300x200.jpg 300w, https:\/\/www.microcorner.ch\/data\/Marken\/Zero\/XE\/Zero_2025_XE-5-1024x683.jpg 1024w, https:\/\/www.microcorner.ch\/data\/Marken\/Zero\/XE\/Zero_2025_XE-5-768x512.jpg 768w, https:\/\/www.microcorner.ch\/data\/Marken\/Zero\/XE\/Zero_2025_XE-5-1536x1025.jpg 1536w, https:\/\/www.microcorner.ch\/data\/Marken\/Zero\/XE\/Zero_2025_XE-5-1320x880.jpg 1320w\" sizes=\"(max-width: 2000px) 100vw, 2000px\" \/><figcaption class=\"wp-element-caption\">                                <\/figcaption><\/figure>\n<\/div>\n\n\n\n<div>\n<p class=\"is-style-text-ber-titel\">TON \u00c9L\u00c9MENT : TOUT TERRAIN<\/p>\n\n\n\n<h2>Une coordination pr\u00e9cise<\/h2>\n\n\n\n<p>La XE a \u00e9t\u00e9 con\u00e7ue pour \u00eatre polyvalente. Avec un ch\u00e2ssis r\u00e9gl\u00e9 avec pr\u00e9cision en usine et un contr\u00f4le de traction d\u00e9sactivable, tu gardes le contr\u00f4le \u00e0 tout moment, m\u00eame sur les terrains difficiles et impraticables - peu importe o\u00f9 ton aventure te m\u00e8ne.<\/p>\n<\/div>\n<\/div>\n\n\n\n<div class=\"col-50 flex flex-center page-width flex-gap pb100 col-inv\">\n<div>\n<figure class=\"wp-block-image size-full img-corn\"><img loading=\"lazy\" decoding=\"async\" width=\"2000\" height=\"1334\" src=\"https:\/\/www.microcorner.ch\/data\/Marken\/Zero\/XE\/Zero_2025_XE-7.jpg\" alt=\"Moto \u00e9lectrique Zero XE Microcorner E Moto\" class=\"wp-image-3956\" srcset=\"https:\/\/www.microcorner.ch\/data\/Marken\/Zero\/XE\/Zero_2025_XE-7.jpg 2000w, https:\/\/www.microcorner.ch\/data\/Marken\/Zero\/XE\/Zero_2025_XE-7-900x600.jpg 900w, https:\/\/www.microcorner.ch\/data\/Marken\/Zero\/XE\/Zero_2025_XE-7-300x200.jpg 300w, https:\/\/www.microcorner.ch\/data\/Marken\/Zero\/XE\/Zero_2025_XE-7-1024x683.jpg 1024w, https:\/\/www.microcorner.ch\/data\/Marken\/Zero\/XE\/Zero_2025_XE-7-768x512.jpg 768w, https:\/\/www.microcorner.ch\/data\/Marken\/Zero\/XE\/Zero_2025_XE-7-1536x1025.jpg 1536w, https:\/\/www.microcorner.ch\/data\/Marken\/Zero\/XE\/Zero_2025_XE-7-1320x880.jpg 1320w\" sizes=\"(max-width: 2000px) 100vw, 2000px\" \/><\/figure>\n<\/div>\n\n\n\n<div>\n<p class=\"is-style-text-ber-titel\">DE L'\u00c9NERGIE, QUAND ET O\u00d9 TU VEUX<\/p>\n\n\n\n<h2>Chargement professionnel<\/h2>\n\n\n\n<p>Le XE est aliment\u00e9 par une puissante batterie lithium-ion de 74V-58Ah. Tu peux charger la batterie directement sur le v\u00e9lo ou la retirer en quelques secondes et la recharger facilement en route. Gr\u00e2ce \u00e0 sa capacit\u00e9 de 4,3 kWh, tu peux atteindre 95 % de charge en seulement 5,0 heures avec une prise de courant normale de 220V. Tu veux plus d'autonomie ? Il suffit d'emporter une batterie de rechange enti\u00e8rement charg\u00e9e et de la remplacer en un clin d'\u0153il si n\u00e9cessaire.<\/p>\n<\/div>\n<\/div>\n\n\n\n<figure class=\"wp-block-image alignfull size-full pb100\"><img loading=\"lazy\" decoding=\"async\" width=\"2000\" height=\"1334\" src=\"https:\/\/www.microcorner.ch\/data\/Marken\/Zero\/XE\/ZeroXB_ZeroXE-1.jpg\" alt=\"Moto \u00e9lectrique Zero XE Microcorner E Moto\" class=\"wp-image-3970\" srcset=\"https:\/\/www.microcorner.ch\/data\/Marken\/Zero\/XE\/ZeroXB_ZeroXE-1.jpg 2000w, https:\/\/www.microcorner.ch\/data\/Marken\/Zero\/XE\/ZeroXB_ZeroXE-1-900x600.jpg 900w, https:\/\/www.microcorner.ch\/data\/Marken\/Zero\/XE\/ZeroXB_ZeroXE-1-300x200.jpg 300w, https:\/\/www.microcorner.ch\/data\/Marken\/Zero\/XE\/ZeroXB_ZeroXE-1-1024x683.jpg 1024w, https:\/\/www.microcorner.ch\/data\/Marken\/Zero\/XE\/ZeroXB_ZeroXE-1-768x512.jpg 768w, https:\/\/www.microcorner.ch\/data\/Marken\/Zero\/XE\/ZeroXB_ZeroXE-1-1536x1025.jpg 1536w, https:\/\/www.microcorner.ch\/data\/Marken\/Zero\/XE\/ZeroXB_ZeroXE-1-1320x880.jpg 1320w\" sizes=\"(max-width: 2000px) 100vw, 2000px\" \/><\/figure>\n\n\n\n<div class=\"col-50 flex flex-center page-width flex-gap pb100\">\n<div>\n<figure class=\"wp-block-image size-large img-corn\"><img loading=\"lazy\" decoding=\"async\" width=\"1024\" height=\"683\" src=\"https:\/\/www.microcorner.ch\/data\/Marken\/Zero\/XE\/Zero_2025_XE-13-1024x683.jpg\" alt=\"Moto \u00e9lectrique Zero XE Microcorner E Moto\" class=\"wp-image-3968\" srcset=\"https:\/\/www.microcorner.ch\/data\/Marken\/Zero\/XE\/Zero_2025_XE-13-1024x683.jpg 1024w, https:\/\/www.microcorner.ch\/data\/Marken\/Zero\/XE\/Zero_2025_XE-13-900x600.jpg 900w, https:\/\/www.microcorner.ch\/data\/Marken\/Zero\/XE\/Zero_2025_XE-13-300x200.jpg 300w, https:\/\/www.microcorner.ch\/data\/Marken\/Zero\/XE\/Zero_2025_XE-13-768x512.jpg 768w, https:\/\/www.microcorner.ch\/data\/Marken\/Zero\/XE\/Zero_2025_XE-13-1536x1025.jpg 1536w, https:\/\/www.microcorner.ch\/data\/Marken\/Zero\/XE\/Zero_2025_XE-13-1320x880.jpg 1320w, https:\/\/www.microcorner.ch\/data\/Marken\/Zero\/XE\/Zero_2025_XE-13.jpg 2000w\" sizes=\"(max-width: 1024px) 100vw, 1024px\" \/><\/figure>\n<\/div>\n\n\n\n<div>\n<p class=\"is-style-text-ber-titel\">C'EST AINSI QUE L'ON RESSENT LA PUISSANCE<\/p>\n\n\n\n<h2>Une performance sur mesure<\/h2>\n\n\n\n<p>Au c\u0153ur de l'exp\u00e9rience XE se trouve l'interface utilisateur intuitive qui te permet de personnaliser les performances et la conduite. Trois modes de conduite (ECO, Standard, Sport) ainsi que des fonctionnalit\u00e9s telles que l'aide au d\u00e9marrage en c\u00f4te, la r\u00e9cup\u00e9ration d'\u00e9nergie, le contr\u00f4le de traction, le r\u00e9gulateur de vitesse, la marche arri\u00e8re et un capteur de chute peuvent \u00eatre contr\u00f4l\u00e9s directement depuis le tableau de bord. Pleine puissance \u00e9lectrique ou contr\u00f4le pr\u00e9cis - c'est toi qui d\u00e9cides comment la XE se conduit.<\/p>\n\n\n\n<div>\n<div><a href=\"#probefahrt\">Essayer maintenant<\/a><\/div>\n<\/div>\n<\/div>\n<\/div>\n\n\n\n<div class=\"col-50 flex flex-center page-width flex-gap pb100 col-inv\">\n<div>\n<figure class=\"wp-block-image size-large img-corn\"><img loading=\"lazy\" decoding=\"async\" width=\"1024\" height=\"683\" src=\"https:\/\/www.microcorner.ch\/data\/Marken\/Zero\/XE\/Zero_2025_XE-4-1024x683.jpg\" alt=\"Moto \u00e9lectrique Zero XE Microcorner E Moto\" class=\"wp-image-3950\" srcset=\"https:\/\/www.microcorner.ch\/data\/Marken\/Zero\/XE\/Zero_2025_XE-4-1024x683.jpg 1024w, https:\/\/www.microcorner.ch\/data\/Marken\/Zero\/XE\/Zero_2025_XE-4-900x600.jpg 900w, https:\/\/www.microcorner.ch\/data\/Marken\/Zero\/XE\/Zero_2025_XE-4-300x200.jpg 300w, https:\/\/www.microcorner.ch\/data\/Marken\/Zero\/XE\/Zero_2025_XE-4-768x512.jpg 768w, https:\/\/www.microcorner.ch\/data\/Marken\/Zero\/XE\/Zero_2025_XE-4-1536x1025.jpg 1536w, https:\/\/www.microcorner.ch\/data\/Marken\/Zero\/XE\/Zero_2025_XE-4-1320x880.jpg 1320w, https:\/\/www.microcorner.ch\/data\/Marken\/Zero\/XE\/Zero_2025_XE-4.jpg 2000w\" sizes=\"(max-width: 1024px) 100vw, 1024px\" \/><\/figure>\n<\/div>\n\n\n\n<div>\n<p class=\"is-style-text-ber-titel\">MOTEUR ET ENTRA\u00ceNEMENT<\/p>\n\n\n\n<h2>Force que tu ressens<\/h2>\n\n\n\n<p>Le moteur \u00e0 aimants permanents de 15,5 kW de la Zero XE offre des performances \u00e9lev\u00e9es et une grande efficacit\u00e9. Un r\u00e9ducteur sp\u00e9cialement adapt\u00e9 fournit un couple de 635 Nm \u00e0 la roue arri\u00e8re - pour une acc\u00e9l\u00e9ration explosive et un contr\u00f4le maximal. Cette combinaison bien pens\u00e9e garantit une exp\u00e9rience tout-terrain qui convainc m\u00eame dans les conditions les plus difficiles.<\/p>\n<\/div>\n<\/div>\n\n\n\n<figure class=\"wp-block-image alignfull size-full pb100\"><img loading=\"lazy\" decoding=\"async\" width=\"2000\" height=\"1334\" src=\"https:\/\/www.microcorner.ch\/data\/Marken\/Zero\/XE\/Zero_2025_XE-2.jpg\" alt=\"Moto \u00e9lectrique Zero XE Microcorner E Moto\" class=\"wp-image-3946\" srcset=\"https:\/\/www.microcorner.ch\/data\/Marken\/Zero\/XE\/Zero_2025_XE-2.jpg 2000w, https:\/\/www.microcorner.ch\/data\/Marken\/Zero\/XE\/Zero_2025_XE-2-900x600.jpg 900w, https:\/\/www.microcorner.ch\/data\/Marken\/Zero\/XE\/Zero_2025_XE-2-300x200.jpg 300w, https:\/\/www.microcorner.ch\/data\/Marken\/Zero\/XE\/Zero_2025_XE-2-1024x683.jpg 1024w, https:\/\/www.microcorner.ch\/data\/Marken\/Zero\/XE\/Zero_2025_XE-2-768x512.jpg 768w, https:\/\/www.microcorner.ch\/data\/Marken\/Zero\/XE\/Zero_2025_XE-2-1536x1025.jpg 1536w, https:\/\/www.microcorner.ch\/data\/Marken\/Zero\/XE\/Zero_2025_XE-2-1320x880.jpg 1320w\" sizes=\"(max-width: 2000px) 100vw, 2000px\" \/><\/figure>\n\n\n\n<div class=\"col-50 flex flex-center page-width flex-gap pb100\">\n<div>\n<figure class=\"wp-block-image size-large img-corn\"><img loading=\"lazy\" decoding=\"async\" width=\"1024\" height=\"683\" src=\"https:\/\/www.microcorner.ch\/data\/Marken\/Zero\/XE\/ZeroXB_ZeroXE-2-1024x683.jpg\" alt=\"Moto \u00e9lectrique Zero XE Microcorner E Moto\" class=\"wp-image-3972\" srcset=\"https:\/\/www.microcorner.ch\/data\/Marken\/Zero\/XE\/ZeroXB_ZeroXE-2-1024x683.jpg 1024w, https:\/\/www.microcorner.ch\/data\/Marken\/Zero\/XE\/ZeroXB_ZeroXE-2-900x600.jpg 900w, https:\/\/www.microcorner.ch\/data\/Marken\/Zero\/XE\/ZeroXB_ZeroXE-2-300x200.jpg 300w, https:\/\/www.microcorner.ch\/data\/Marken\/Zero\/XE\/ZeroXB_ZeroXE-2-768x512.jpg 768w, https:\/\/www.microcorner.ch\/data\/Marken\/Zero\/XE\/ZeroXB_ZeroXE-2-1536x1025.jpg 1536w, https:\/\/www.microcorner.ch\/data\/Marken\/Zero\/XE\/ZeroXB_ZeroXE-2-1320x880.jpg 1320w, https:\/\/www.microcorner.ch\/data\/Marken\/Zero\/XE\/ZeroXB_ZeroXE-2.jpg 2000w\" sizes=\"(max-width: 1024px) 100vw, 1024px\" \/><\/figure>\n<\/div>\n\n\n\n<div>\n<p class=\"is-style-text-ber-titel\">EXP\u00c9RIENCE DE CONDUITE OPTIMALE<\/p>\n\n\n\n<h2>Suspension et freinage<\/h2>\n\n\n\n<p>La suspension enti\u00e8rement r\u00e9glable de la Zero XE est parfaitement adapt\u00e9e aux diff\u00e9rents styles de conduite et aux terrains, pour un contr\u00f4le et un confort maximum, quelle que soit la duret\u00e9 du terrain.<\/p>\n\n\n\n<p>Le frein arri\u00e8re est command\u00e9 par la main gauche et permet une force de freinage finement dos\u00e9e. Les freins hydrauliques DOT de haute qualit\u00e9 avec \u00e9triers \u00e0 deux pistons et grands disques assurent s\u00e9curit\u00e9 et pr\u00e9cision dans toutes les situations.<\/p>\n<\/div>\n<\/div>\n\n\n\n<div class=\"col-50 flex flex-center page-width flex-gap pb100 col-inv\">\n<div>\n<figure class=\"wp-block-image size-large img-corn\"><img loading=\"lazy\" decoding=\"async\" width=\"1024\" height=\"578\" src=\"https:\/\/www.microcorner.ch\/data\/Marken\/Zero\/XE\/ZeroXE_EU_RH-1024x578.jpg\" alt=\"Moto \u00e9lectrique Zero XE Microcorner E Moto\" class=\"wp-image-3976\" srcset=\"https:\/\/www.microcorner.ch\/data\/Marken\/Zero\/XE\/ZeroXE_EU_RH-1024x578.jpg 1024w, https:\/\/www.microcorner.ch\/data\/Marken\/Zero\/XE\/ZeroXE_EU_RH-900x508.jpg 900w, https:\/\/www.microcorner.ch\/data\/Marken\/Zero\/XE\/ZeroXE_EU_RH-300x169.jpg 300w, https:\/\/www.microcorner.ch\/data\/Marken\/Zero\/XE\/ZeroXE_EU_RH-768x434.jpg 768w, https:\/\/www.microcorner.ch\/data\/Marken\/Zero\/XE\/ZeroXE_EU_RH-1536x867.jpg 1536w, https:\/\/www.microcorner.ch\/data\/Marken\/Zero\/XE\/ZeroXE_EU_RH-1320x745.jpg 1320w, https:\/\/www.microcorner.ch\/data\/Marken\/Zero\/XE\/ZeroXE_EU_RH.jpg 2000w\" sizes=\"(max-width: 1024px) 100vw, 1024px\" \/><\/figure>\n<\/div>\n\n\n\n<div>\n<p class=\"is-style-text-ber-titel\">CADRE EN ALUMINIUM<\/p>\n\n\n\n<h2 id=\"my-silence-app\">Ch\u00e2ssis<\/h2>\n\n\n\n<p>Le cadre en aluminium 6061 de la Zero XE combine une grande r\u00e9sistance et un faible poids. Il assure une excellente maniabilit\u00e9 et une grande agilit\u00e9, tandis que le bras oscillant stable permet de faire face \u00e0 des conditions offroad extr\u00eames. Cette construction offre un \u00e9quilibre parfait entre performance et contr\u00f4le, m\u00eame lors d'atterrissages difficiles ou de terrains accident\u00e9s.<\/p>\n\n\n\n<div>\n<div><a href=\"#probefahrt\">Essayer maintenant<\/a><\/div>\n<\/div>\n<\/div>\n<\/div>\n\n\n\n<figure class=\"wp-block-image alignfull size-full pb100\"><img loading=\"lazy\" decoding=\"async\" width=\"2000\" height=\"1334\" src=\"https:\/\/www.microcorner.ch\/data\/Marken\/Zero\/XE\/Zero_2025_XE-6.jpg\" alt=\"Moto \u00e9lectrique Zero XE Microcorner E Moto\" class=\"wp-image-3954\" srcset=\"https:\/\/www.microcorner.ch\/data\/Marken\/Zero\/XE\/Zero_2025_XE-6.jpg 2000w, https:\/\/www.microcorner.ch\/data\/Marken\/Zero\/XE\/Zero_2025_XE-6-900x600.jpg 900w, https:\/\/www.microcorner.ch\/data\/Marken\/Zero\/XE\/Zero_2025_XE-6-300x200.jpg 300w, https:\/\/www.microcorner.ch\/data\/Marken\/Zero\/XE\/Zero_2025_XE-6-1024x683.jpg 1024w, https:\/\/www.microcorner.ch\/data\/Marken\/Zero\/XE\/Zero_2025_XE-6-768x512.jpg 768w, https:\/\/www.microcorner.ch\/data\/Marken\/Zero\/XE\/Zero_2025_XE-6-1536x1025.jpg 1536w, https:\/\/www.microcorner.ch\/data\/Marken\/Zero\/XE\/Zero_2025_XE-6-1320x880.jpg 1320w\" sizes=\"(max-width: 2000px) 100vw, 2000px\" \/><\/figure>\n\n\n\n<p><\/p>","protected":false},"excerpt":{"rendered":"<ul>\n<li>85 km\/h Vitesse<\/li>\n<li>100 km d'autonomie<\/li>\n<li>15,5 kW de puissance de cr\u00eate<\/li>\n<li>101 kg l\u00e9ger<\/li>\n<\/ul>\n<p>La Zero XE est ton ticket d'entr\u00e9e dans le monde de la performance tout-terrain sans compromis - puissante, silencieuse et pr\u00eate \u00e0 dominer tous les terrains.<\/p>","protected":false},"featured_media":270,"comment_status":"closed","ping_status":"closed","template":"","meta":{"_acf_changed":false,"css_class_manager_body_classes":"","css_class_manager_use_in_post_loop":false},"wpc-attribute-group":[],"product_brand":[63],"product_cat":[71],"product_tag":[],"class_list":{"0":"post-266","1":"product","2":"type-product","3":"status-publish","4":"has-post-thumbnail","6":"product_brand-zero","7":"product_cat-e-cross","8":"product_shipping_class-roller-versand","10":"first","11":"instock","12":"taxable","13":"shipping-taxable","14":"purchasable","15":"product-type-variable","16":"has-default-attributes"},"acf":[],"_links":{"self":[{"href":"https:\/\/www.microcorner.ch\/fr\/wp-json\/wp\/v2\/product\/266","targetHints":{"allow":["GET"]}}],"collection":[{"href":"https:\/\/www.microcorner.ch\/fr\/wp-json\/wp\/v2\/product"}],"about":[{"href":"https:\/\/www.microcorner.ch\/fr\/wp-json\/wp\/v2\/types\/product"}],"replies":[{"embeddable":true,"href":"https:\/\/www.microcorner.ch\/fr\/wp-json\/wp\/v2\/comments?post=266"}],"wp:featuredmedia":[{"embeddable":true,"href":"https:\/\/www.microcorner.ch\/fr\/wp-json\/wp\/v2\/media\/270"}],"wp:attachment":[{"href":"https:\/\/www.microcorner.ch\/fr\/wp-json\/wp\/v2\/media?parent=266"}],"wp:term":[{"taxonomy":"wpc-attribute-group","embeddable":true,"href":"https:\/\/www.microcorner.ch\/fr\/wp-json\/wp\/v2\/wpc-attribute-group?post=266"},{"taxonomy":"product_brand","embeddable":true,"href":"https:\/\/www.microcorner.ch\/fr\/wp-json\/wp\/v2\/product_brand?post=266"},{"taxonomy":"product_cat","embeddable":true,"href":"https:\/\/www.microcorner.ch\/fr\/wp-json\/wp\/v2\/product_cat?post=266"},{"taxonomy":"product_tag","embeddable":true,"href":"https:\/\/www.microcorner.ch\/fr\/wp-json\/wp\/v2\/product_tag?post=266"}],"curies":[{"name":"wp","href":"https:\/\/api.w.org\/{rel}","templated":true}]}}