{"id":5505,"date":"2026-03-01T11:11:13","date_gmt":"2026-03-01T10:11:13","guid":{"rendered":"https:\/\/www.microcorner.ch\/?post_type=product&#038;p=5505"},"modified":"2026-03-03T17:53:21","modified_gmt":"2026-03-03T16:53:21","slug":"nouveau-hub-vx2","status":"publish","type":"product","link":"https:\/\/www.microcorner.ch\/fr\/new-vx2-hub\/","title":{"rendered":"Hub NEW VX2"},"content":{"rendered":"<div class=\"page-width pb100\">\n<h2>NOUVEAU VMAX VX2 Hub<\/h2>\n\n\n\n<p>Le nouveau VMAX VX2 Hub pose des jalons dans sa cat\u00e9gorie et enthousiasme par son entra\u00eenement direct presque silencieux. Le puissant moteur de moyeu V-Torque R10 atteint une puissance de pointe allant jusqu'\u00e0 1900 W et vient \u00e0 bout des pentes les plus exigeantes, jusqu'\u00e0 35 %, de mani\u00e8re souveraine.<\/p>\n\n\n\n<p>Gr\u00e2ce au contr\u00f4leur innovant V-Core Boost, vous b\u00e9n\u00e9ficiez d'une gestion intelligente de l'\u00e9nergie qui combine de mani\u00e8re optimale efficacit\u00e9 et performance. Avec une autonomie pouvant atteindre 70 km, vous restez flexible et ind\u00e9pendant - id\u00e9al pour les longs trajets en milieu urbain ou au-del\u00e0.<\/p>\n\n\n\n<p>Le frein \u00e0 disque m\u00e9canique sur la roue arri\u00e8re et le frein \u00e0 tambour fiable \u00e0 l'avant assurent une s\u00e9curit\u00e9 maximale. Les suspensions avant et arri\u00e8re confortables garantissent une conduite agr\u00e9able, m\u00eame sur les chemins accident\u00e9s. Un syst\u00e8me d'\u00e9clairage automatique, un \u00e9cran moderne et une connexion pratique \u00e0 l'application font du VX2 Hub un compagnon bien pens\u00e9 pour votre mobilit\u00e9 quotidienne. Et bien s\u00fbr, ce scooter dispose de clignotants clairs et bien visibles \u00e0 l'avant et \u00e0 l'arri\u00e8re.\u00a0<\/p>\n\n\n\n<p><strong>G\u00e9n\u00e9ralit\u00e9s<\/strong><\/p>\n\n\n\n<ul class=\"wp-block-list\">\n<li>Autorisation de circuler en Suisse<\/li>\n\n\n\n<li>Garantie : 2 ans<\/li>\n<\/ul>\n<\/div>","protected":false},"excerpt":{"rendered":"<ul>\n<li>24,4 kg<\/li>\n<li>1\u2019900 watts de puissance de cr\u00eate<\/li>\n<li>70 km d'autonomie<\/li>\n<li>Clignotants LED avant et arri\u00e8re<\/li>\n<\/ul>\n<p><span data-teams=\"true\">Le nouveau VMAX VX2 Hub convainc par son entra\u00eenement direct presque silencieux : le moteur fournit jusqu'\u00e0 1900 W de puissance de cr\u00eate et vient ainsi \u00e0 bout de pentes allant jusqu'\u00e0 35 %. Le frein \u00e0 disque m\u00e9canique \u00e0 l'arri\u00e8re, compl\u00e9t\u00e9 par le frein \u00e0 tambour \u00e0 l'avant, offre un contr\u00f4le suppl\u00e9mentaire - pour une sensation de conduite s\u00fbre dans toutes les situations. La suspension avant et arri\u00e8re, le syst\u00e8me automatique d'\u00e9clairage et d'affichage et la commande par application compl\u00e8tent l'exp\u00e9rience de conduite.\u00a0<\/span><\/p>","protected":false},"featured_media":5535,"comment_status":"closed","ping_status":"closed","template":"","meta":{"_acf_changed":false,"css_class_manager_body_classes":"","css_class_manager_use_in_post_loop":false},"wpc-attribute-group":[],"product_brand":[62],"product_cat":[69],"product_tag":[],"class_list":{"0":"post-5505","1":"product","2":"type-product","3":"status-publish","4":"has-post-thumbnail","6":"product_brand-vmax","7":"product_cat-e-scooter","8":"product_shipping_class-e-scooter","10":"first","11":"instock","12":"taxable","13":"shipping-taxable","14":"purchasable","15":"product-type-simple"},"acf":[],"_links":{"self":[{"href":"https:\/\/www.microcorner.ch\/fr\/wp-json\/wp\/v2\/product\/5505","targetHints":{"allow":["GET"]}}],"collection":[{"href":"https:\/\/www.microcorner.ch\/fr\/wp-json\/wp\/v2\/product"}],"about":[{"href":"https:\/\/www.microcorner.ch\/fr\/wp-json\/wp\/v2\/types\/product"}],"replies":[{"embeddable":true,"href":"https:\/\/www.microcorner.ch\/fr\/wp-json\/wp\/v2\/comments?post=5505"}],"wp:featuredmedia":[{"embeddable":true,"href":"https:\/\/www.microcorner.ch\/fr\/wp-json\/wp\/v2\/media\/5535"}],"wp:attachment":[{"href":"https:\/\/www.microcorner.ch\/fr\/wp-json\/wp\/v2\/media?parent=5505"}],"wp:term":[{"taxonomy":"wpc-attribute-group","embeddable":true,"href":"https:\/\/www.microcorner.ch\/fr\/wp-json\/wp\/v2\/wpc-attribute-group?post=5505"},{"taxonomy":"product_brand","embeddable":true,"href":"https:\/\/www.microcorner.ch\/fr\/wp-json\/wp\/v2\/product_brand?post=5505"},{"taxonomy":"product_cat","embeddable":true,"href":"https:\/\/www.microcorner.ch\/fr\/wp-json\/wp\/v2\/product_cat?post=5505"},{"taxonomy":"product_tag","embeddable":true,"href":"https:\/\/www.microcorner.ch\/fr\/wp-json\/wp\/v2\/product_tag?post=5505"}],"curies":[{"name":"wp","href":"https:\/\/api.w.org\/{rel}","templated":true}]}}