{"id":5513,"date":"2026-03-01T11:41:52","date_gmt":"2026-03-01T10:41:52","guid":{"rendered":"https:\/\/www.microcorner.ch\/?post_type=product&#038;p=5513"},"modified":"2026-03-03T18:12:28","modified_gmt":"2026-03-03T17:12:28","slug":"new-vmax-vx4","status":"publish","type":"product","link":"https:\/\/www.microcorner.ch\/fr\/new-vmax-vx4\/","title":{"rendered":"NEW VMAX VX4"},"content":{"rendered":"<div class=\"page-width pb100\">\n<h2>NEW VMAX VX4<\/h2>\n\n\n\n<p>Der neue VMAX VX4 definiert Fahrkomfort und Performance neu. Ausgestattet mit einer fein dosierbaren \u00d6ldruck-Federgabel an der Front sowie einer selbstnivellierenden Elastomer-Federung am Hinterrad, passt sich dieses Modell m\u00fchelos unterschiedlichen Untergr\u00fcnden an. Ob Stadtverkehr oder anspruchsvolle Strecken \u2013 Sie geniessen jederzeit ein ruhiges und kontrolliertes Fahrgef\u00fchl.<\/p>\n\n\n\n<p>Au c\u0153ur du VX4 se trouve le puissant moteur V-Torque Hub qui, en combinaison avec la commande intelligente V-Core Max, atteint une puissance de cr\u00eate impressionnante allant jusqu'\u00e0 2800 W. Vous pouvez ainsi gravir des pentes allant jusqu'\u00e0 40 % de mani\u00e8re souveraine et puissante.<\/p>\n\n\n\n<p>Avec une autonomie allant jusqu'\u00e0 110 km, vous restez flexible au maximum - id\u00e9al pour les longs trajets pendulaires ou les grandes randonn\u00e9es. Le frein \u00e0 disque m\u00e9canique sur la roue arri\u00e8re assure un freinage fiable, tandis que le m\u00e9canisme de pliage optimis\u00e9 augmente la stabilit\u00e9 et l'aptitude \u00e0 l'utilisation quotidienne.<\/p>\n\n\n\n<p>Gr\u00e2ce \u00e0 la connexion moderne \u00e0 l'application, vous gardez \u00e0 tout moment un \u0153il sur les donn\u00e9es de conduite, les r\u00e9glages et les informations du syst\u00e8me. Le VMAX VX4 n'est donc pas seulement un scooter \u00e9lectrique, mais un concept de mobilit\u00e9 bien pens\u00e9 qui r\u00e9pond aux exigences les plus \u00e9lev\u00e9es.<\/p>\n\n\n\n<p><strong>G\u00e9n\u00e9ralit\u00e9s<\/strong><\/p>\n\n\n\n<ul class=\"wp-block-list\">\n<li>Autorisation de circuler en Suisse<\/li>\n\n\n\n<li>Garantie : 2 ans<\/li>\n<\/ul>\n<\/div>","protected":false},"excerpt":{"rendered":"<ul>\n<li>31.7 kg<\/li>\n<li>2\u2019800 watts de puissance de cr\u00eate<\/li>\n<li>110 km d'autonomie<\/li>\n<li>Suspension int\u00e9grale<\/li>\n<\/ul>\n<p><span data-teams=\"true\">Der neue VMAX VX4 bringt Komfort und Technik auf ein neues Level: Mit einer dosierbaren \u00d6ldruck-Federgabel vorne und nivellierender Elastomer-Federung hinten ist er f\u00fcr jedes Terrain gemacht. Der leistungsstarke Motor erreicht bis zu 2800\u202fW Spitzenleistung und meistert so beeindruckende 40\u202f% Steigungen. Dank bis zu 110\u202fkm Reichweite, mechanischer Scheibenbremse hinten, verbessertem Klappmechanik und smarter App-Steuerung meister er jede Herausforderung.<\/span><\/p>","protected":false},"featured_media":5514,"comment_status":"closed","ping_status":"closed","template":"","meta":{"_acf_changed":true,"css_class_manager_body_classes":"","css_class_manager_use_in_post_loop":false},"wpc-attribute-group":[],"product_brand":[62],"product_cat":[69],"product_tag":[],"class_list":{"0":"post-5513","1":"product","2":"type-product","3":"status-publish","4":"has-post-thumbnail","6":"product_brand-vmax","7":"product_cat-e-scooter","8":"product_shipping_class-e-scooter","10":"first","11":"instock","12":"taxable","13":"shipping-taxable","14":"purchasable","15":"product-type-simple"},"acf":[],"_links":{"self":[{"href":"https:\/\/www.microcorner.ch\/fr\/wp-json\/wp\/v2\/product\/5513","targetHints":{"allow":["GET"]}}],"collection":[{"href":"https:\/\/www.microcorner.ch\/fr\/wp-json\/wp\/v2\/product"}],"about":[{"href":"https:\/\/www.microcorner.ch\/fr\/wp-json\/wp\/v2\/types\/product"}],"replies":[{"embeddable":true,"href":"https:\/\/www.microcorner.ch\/fr\/wp-json\/wp\/v2\/comments?post=5513"}],"wp:featuredmedia":[{"embeddable":true,"href":"https:\/\/www.microcorner.ch\/fr\/wp-json\/wp\/v2\/media\/5514"}],"wp:attachment":[{"href":"https:\/\/www.microcorner.ch\/fr\/wp-json\/wp\/v2\/media?parent=5513"}],"wp:term":[{"taxonomy":"wpc-attribute-group","embeddable":true,"href":"https:\/\/www.microcorner.ch\/fr\/wp-json\/wp\/v2\/wpc-attribute-group?post=5513"},{"taxonomy":"product_brand","embeddable":true,"href":"https:\/\/www.microcorner.ch\/fr\/wp-json\/wp\/v2\/product_brand?post=5513"},{"taxonomy":"product_cat","embeddable":true,"href":"https:\/\/www.microcorner.ch\/fr\/wp-json\/wp\/v2\/product_cat?post=5513"},{"taxonomy":"product_tag","embeddable":true,"href":"https:\/\/www.microcorner.ch\/fr\/wp-json\/wp\/v2\/product_tag?post=5513"}],"curies":[{"name":"wp","href":"https:\/\/api.w.org\/{rel}","templated":true}]}}