{"id":759,"date":"2025-03-26T17:45:46","date_gmt":"2025-03-26T16:45:46","guid":{"rendered":"https:\/\/www.microcorner.ch\/?post_type=product&#038;p=759"},"modified":"2026-02-12T19:18:14","modified_gmt":"2026-02-12T18:18:14","slug":"ixs-casque-jet-hx77-noir","status":"publish","type":"product","link":"https:\/\/www.microcorner.ch\/fr\/ixs-jethelm-hx77-schwarz\/","title":{"rendered":"iXS casque jet HX77 - noir"},"content":{"rendered":"<p>Casque jet HX77<br \/>\ncouleur : noir<\/p>\n<p>Casque jet en polycarbonate<\/p>\n<ul>\n<li>Pare-soleil int\u00e9gr\u00e9 (int\u00e9rieur) \u00e0 rabattre<\/li>\n<li>Fermeture \u00e0 cliquet<\/li>\n<li>Coussinets de joues d\u00e9tachables<\/li>\n<li>scell\u00e9 par un vernis transparent (blanc 001)<\/li>\n<li>Nouvelle technologie de peinture mate - NMT (noir mat M33)<\/li>\n<li>Toit de casque inclus dans la livraison<\/li>\n<\/ul>\n<p>Doublure : 100% polyester<\/p>\n<ul>\n<li>Pour un tour de t\u00eate de 55 \u00e0 56 cm, il est pr\u00e9f\u00e9rable de choisir un casque de taille S.<\/li>\n<li>La taille de t\u00eate de 57 \u00e0 58 cm correspond \u00e0 la taille de casque M.<\/li>\n<li>Pour un tour de t\u00eate de 59 \u00e0 60 cm, un casque de taille L est recommand\u00e9.<\/li>\n<li>Si le tour de t\u00eate est compris entre 61 et 62 cm, cela correspond \u00e0 la taille de casque XL.<\/li>\n<\/ul>","protected":false},"excerpt":{"rendered":"<p>Casque jet en polycarbonate<\/p>","protected":false},"featured_media":789,"comment_status":"closed","ping_status":"closed","template":"","meta":{"_acf_changed":false,"css_class_manager_body_classes":"","css_class_manager_use_in_post_loop":false},"wpc-attribute-group":[],"product_brand":[],"product_cat":[75,319],"product_tag":[320],"class_list":{"0":"post-759","1":"product","2":"type-product","3":"status-publish","4":"has-post-thumbnail","6":"product_cat-zubehoer","7":"product_cat-helme-kleidung","8":"product_tag-helme","10":"first","11":"instock","12":"taxable","13":"shipping-taxable","14":"purchasable","15":"product-type-variable"},"acf":[],"_links":{"self":[{"href":"https:\/\/www.microcorner.ch\/fr\/wp-json\/wp\/v2\/product\/759","targetHints":{"allow":["GET"]}}],"collection":[{"href":"https:\/\/www.microcorner.ch\/fr\/wp-json\/wp\/v2\/product"}],"about":[{"href":"https:\/\/www.microcorner.ch\/fr\/wp-json\/wp\/v2\/types\/product"}],"replies":[{"embeddable":true,"href":"https:\/\/www.microcorner.ch\/fr\/wp-json\/wp\/v2\/comments?post=759"}],"wp:featuredmedia":[{"embeddable":true,"href":"https:\/\/www.microcorner.ch\/fr\/wp-json\/wp\/v2\/media\/789"}],"wp:attachment":[{"href":"https:\/\/www.microcorner.ch\/fr\/wp-json\/wp\/v2\/media?parent=759"}],"wp:term":[{"taxonomy":"wpc-attribute-group","embeddable":true,"href":"https:\/\/www.microcorner.ch\/fr\/wp-json\/wp\/v2\/wpc-attribute-group?post=759"},{"taxonomy":"product_brand","embeddable":true,"href":"https:\/\/www.microcorner.ch\/fr\/wp-json\/wp\/v2\/product_brand?post=759"},{"taxonomy":"product_cat","embeddable":true,"href":"https:\/\/www.microcorner.ch\/fr\/wp-json\/wp\/v2\/product_cat?post=759"},{"taxonomy":"product_tag","embeddable":true,"href":"https:\/\/www.microcorner.ch\/fr\/wp-json\/wp\/v2\/product_tag?post=759"}],"curies":[{"name":"wp","href":"https:\/\/api.w.org\/{rel}","templated":true}]}}