{"id":762,"date":"2025-03-26T17:45:46","date_gmt":"2025-03-26T16:45:46","guid":{"rendered":"https:\/\/www.microcorner.ch\/?post_type=product&#038;p=762"},"modified":"2026-02-12T19:14:56","modified_gmt":"2026-02-12T18:14:56","slug":"givi-top-case-30l","status":"publish","type":"product","link":"https:\/\/www.microcorner.ch\/fr\/givi-top-case-30l\/","title":{"rendered":"GIVI Top Case - 30L"},"content":{"rendered":"<p>Le top case parfait pour ton scooter. Facile \u00e0 monter et \u00e0 d\u00e9monter. Pour certains mod\u00e8les de scooter, il est n\u00e9cessaire d'utiliser un rack de rangement pour le fixer.<\/p>\r\n\r\n\r\n\r\n<p><strong>D\u00e9tails du produit :<\/strong><\/p>\r\n\r\n\r\n\r\n<ul class=\"wp-block-list\">\r\n<li>Topcase avec r\u00e9flecteurs transparents.<\/li>\r\n<li>Volume : 30L<\/li>\r\n<li>Dimensions : 30 x 41 x 40 cm<\/li>\r\n<\/ul>","protected":false},"excerpt":{"rendered":"<p>E300NT2 Dimensions : 30 x 41 x 40 cm<\/p>","protected":false},"featured_media":797,"comment_status":"closed","ping_status":"closed","template":"","meta":{"_acf_changed":false,"css_class_manager_body_classes":"","css_class_manager_use_in_post_loop":false},"wpc-attribute-group":[],"product_brand":[],"product_cat":[75,322,324],"product_tag":[325],"class_list":{"0":"post-762","1":"product","2":"type-product","3":"status-publish","4":"has-post-thumbnail","6":"product_cat-zubehoer","7":"product_cat-ecooter-zubehoer","8":"product_cat-silence-zubehoer","9":"product_tag-box","10":"product_shipping_class-sperrgut","12":"first","13":"instock","14":"taxable","15":"shipping-taxable","16":"purchasable","17":"product-type-simple"},"acf":[],"_links":{"self":[{"href":"https:\/\/www.microcorner.ch\/fr\/wp-json\/wp\/v2\/product\/762","targetHints":{"allow":["GET"]}}],"collection":[{"href":"https:\/\/www.microcorner.ch\/fr\/wp-json\/wp\/v2\/product"}],"about":[{"href":"https:\/\/www.microcorner.ch\/fr\/wp-json\/wp\/v2\/types\/product"}],"replies":[{"embeddable":true,"href":"https:\/\/www.microcorner.ch\/fr\/wp-json\/wp\/v2\/comments?post=762"}],"wp:featuredmedia":[{"embeddable":true,"href":"https:\/\/www.microcorner.ch\/fr\/wp-json\/wp\/v2\/media\/797"}],"wp:attachment":[{"href":"https:\/\/www.microcorner.ch\/fr\/wp-json\/wp\/v2\/media?parent=762"}],"wp:term":[{"taxonomy":"wpc-attribute-group","embeddable":true,"href":"https:\/\/www.microcorner.ch\/fr\/wp-json\/wp\/v2\/wpc-attribute-group?post=762"},{"taxonomy":"product_brand","embeddable":true,"href":"https:\/\/www.microcorner.ch\/fr\/wp-json\/wp\/v2\/product_brand?post=762"},{"taxonomy":"product_cat","embeddable":true,"href":"https:\/\/www.microcorner.ch\/fr\/wp-json\/wp\/v2\/product_cat?post=762"},{"taxonomy":"product_tag","embeddable":true,"href":"https:\/\/www.microcorner.ch\/fr\/wp-json\/wp\/v2\/product_tag?post=762"}],"curies":[{"name":"wp","href":"https:\/\/api.w.org\/{rel}","templated":true}]}}