{"id":763,"date":"2025-03-26T17:45:46","date_gmt":"2025-03-26T16:45:46","guid":{"rendered":"https:\/\/www.microcorner.ch\/?post_type=product&#038;p=763"},"modified":"2026-02-12T19:22:22","modified_gmt":"2026-02-12T18:22:22","slug":"rack-pour-top-case-ecooter-e1","status":"publish","type":"product","link":"https:\/\/www.microcorner.ch\/fr\/rack-fuer-top-case-ecooter-e1\/","title":{"rendered":"Rack pour Top Case - Ecooter E1"},"content":{"rendered":"<p>Pour que l'Ecooter puisse \u00eatre \u00e9quip\u00e9 de tous les top cases, il faut un rack pour fixer le top case. Le rack est facile \u00e0 monter.<\/p>","protected":false},"excerpt":{"rendered":"<p>Rack pour la fixation de diff\u00e9rents top cases<\/p>","protected":false},"featured_media":800,"comment_status":"closed","ping_status":"closed","template":"","meta":{"_acf_changed":false,"css_class_manager_body_classes":"","css_class_manager_use_in_post_loop":false},"wpc-attribute-group":[],"product_brand":[],"product_cat":[75,322],"product_tag":[],"class_list":{"0":"post-763","1":"product","2":"type-product","3":"status-publish","4":"has-post-thumbnail","6":"product_cat-zubehoer","7":"product_cat-ecooter-zubehoer","9":"first","10":"instock","11":"taxable","12":"shipping-taxable","13":"purchasable","14":"product-type-variable"},"acf":[],"_links":{"self":[{"href":"https:\/\/www.microcorner.ch\/fr\/wp-json\/wp\/v2\/product\/763","targetHints":{"allow":["GET"]}}],"collection":[{"href":"https:\/\/www.microcorner.ch\/fr\/wp-json\/wp\/v2\/product"}],"about":[{"href":"https:\/\/www.microcorner.ch\/fr\/wp-json\/wp\/v2\/types\/product"}],"replies":[{"embeddable":true,"href":"https:\/\/www.microcorner.ch\/fr\/wp-json\/wp\/v2\/comments?post=763"}],"wp:featuredmedia":[{"embeddable":true,"href":"https:\/\/www.microcorner.ch\/fr\/wp-json\/wp\/v2\/media\/800"}],"wp:attachment":[{"href":"https:\/\/www.microcorner.ch\/fr\/wp-json\/wp\/v2\/media?parent=763"}],"wp:term":[{"taxonomy":"wpc-attribute-group","embeddable":true,"href":"https:\/\/www.microcorner.ch\/fr\/wp-json\/wp\/v2\/wpc-attribute-group?post=763"},{"taxonomy":"product_brand","embeddable":true,"href":"https:\/\/www.microcorner.ch\/fr\/wp-json\/wp\/v2\/product_brand?post=763"},{"taxonomy":"product_cat","embeddable":true,"href":"https:\/\/www.microcorner.ch\/fr\/wp-json\/wp\/v2\/product_cat?post=763"},{"taxonomy":"product_tag","embeddable":true,"href":"https:\/\/www.microcorner.ch\/fr\/wp-json\/wp\/v2\/product_tag?post=763"}],"curies":[{"name":"wp","href":"https:\/\/api.w.org\/{rel}","templated":true}]}}