{"id":765,"date":"2025-03-26T17:45:47","date_gmt":"2025-03-26T16:45:47","guid":{"rendered":"https:\/\/www.microcorner.ch\/?post_type=product&#038;p=765"},"modified":"2026-02-12T19:12:58","modified_gmt":"2026-02-12T18:12:58","slug":"batterie-ecooter-e1s","status":"publish","type":"product","link":"https:\/\/www.microcorner.ch\/fr\/akku-ecooter-e1s\/","title":{"rendered":"Batterie - Ecooter E1S"},"content":{"rendered":"<h2 id=\"my-silence-app\">ECOOTER BATTERY PACK<\/h2>\n<p>Le scooter \u00e9lectrique E1 utilise une batterie au lithium de 14 kg.<\/p>\n<p>Le syst\u00e8me de batterie portable peut \u00eatre recharg\u00e9 n'importe o\u00f9 sur n'importe quelle prise \u00e9lectrique classique avec le chargeur correspondant ou directement dans le scooter.<\/p>\n<p>Avec le syst\u00e8me moderne de gestion de la batterie et les\u00a0<strong>SAMSUNG<\/strong>\u00a0Les cellules de la pile \u00e0 combustible sont soumises \u00e0 plus de 1000 cycles de d\u00e9charge.<\/p>\n<div class=\"is-layout-flex wp-container-11 wp-block-columns\">\n<div class=\"is-layout-flow wp-block-column\">\n<figure class=\"wp-block-image size-full\"><img loading=\"lazy\" decoding=\"async\" class=\"wp-image-4826 entered lazyloaded\" src=\"https:\/\/www.etrix.ch\/media\/2022\/03\/samsung_500.jpg\" alt=\"Samsung Logo Cellules Batterie Scooter \u00e9lectrique\" width=\"500\" height=\"181\" data-lazy-src=\"https:\/\/www.etrix.ch\/media\/2022\/03\/samsung_500.jpg\" data-ll-status=\"loaded\" \/><\/figure>\n<\/div>\n<div class=\"is-layout-flow wp-block-column\"><\/div>\n<\/div>\n<p>Batterie : lithium-ion<\/p>\n<p>2000Wh - 60V - 32 Ah<\/p>","protected":false},"excerpt":{"rendered":"<p>Batterie : lithium-ion<br \/>\n2000Wh - 60V - 32 Ah<\/p>","protected":false},"featured_media":804,"comment_status":"closed","ping_status":"closed","template":"","meta":{"_acf_changed":false,"css_class_manager_body_classes":"","css_class_manager_use_in_post_loop":false},"wpc-attribute-group":[],"product_brand":[],"product_cat":[75,322],"product_tag":[],"class_list":{"0":"post-765","1":"product","2":"type-product","3":"status-publish","4":"has-post-thumbnail","6":"product_cat-zubehoer","7":"product_cat-ecooter-zubehoer","9":"first","10":"outofstock","11":"taxable","12":"shipping-taxable","13":"purchasable","14":"product-type-simple"},"acf":[],"_links":{"self":[{"href":"https:\/\/www.microcorner.ch\/fr\/wp-json\/wp\/v2\/product\/765","targetHints":{"allow":["GET"]}}],"collection":[{"href":"https:\/\/www.microcorner.ch\/fr\/wp-json\/wp\/v2\/product"}],"about":[{"href":"https:\/\/www.microcorner.ch\/fr\/wp-json\/wp\/v2\/types\/product"}],"replies":[{"embeddable":true,"href":"https:\/\/www.microcorner.ch\/fr\/wp-json\/wp\/v2\/comments?post=765"}],"wp:featuredmedia":[{"embeddable":true,"href":"https:\/\/www.microcorner.ch\/fr\/wp-json\/wp\/v2\/media\/804"}],"wp:attachment":[{"href":"https:\/\/www.microcorner.ch\/fr\/wp-json\/wp\/v2\/media?parent=765"}],"wp:term":[{"taxonomy":"wpc-attribute-group","embeddable":true,"href":"https:\/\/www.microcorner.ch\/fr\/wp-json\/wp\/v2\/wpc-attribute-group?post=765"},{"taxonomy":"product_brand","embeddable":true,"href":"https:\/\/www.microcorner.ch\/fr\/wp-json\/wp\/v2\/product_brand?post=765"},{"taxonomy":"product_cat","embeddable":true,"href":"https:\/\/www.microcorner.ch\/fr\/wp-json\/wp\/v2\/product_cat?post=765"},{"taxonomy":"product_tag","embeddable":true,"href":"https:\/\/www.microcorner.ch\/fr\/wp-json\/wp\/v2\/product_tag?post=765"}],"curies":[{"name":"wp","href":"https:\/\/api.w.org\/{rel}","templated":true}]}}