{"id":771,"date":"2025-03-26T17:45:47","date_gmt":"2025-03-26T16:45:47","guid":{"rendered":"https:\/\/www.microcorner.ch\/?post_type=product&#038;p=771"},"modified":"2026-02-12T19:22:33","modified_gmt":"2026-02-12T18:22:33","slug":"rack-pour-top-case-silence-s01","status":"publish","type":"product","link":"https:\/\/www.microcorner.ch\/fr\/rack-fuer-top-case-silence-s01\/","title":{"rendered":"Rack pour Top Case - Silence S01"},"content":{"rendered":"<p>Pour que le Silence S01 puisse \u00eatre \u00e9quip\u00e9 de tous les top cases, il faut un rack pour fixer le top case. Le rack est facile \u00e0 monter.<\/p>","protected":false},"excerpt":{"rendered":"<p>Pour que le Silence S01 puisse \u00eatre \u00e9quip\u00e9 de tous les top cases, il faut un rack pour fixer le top case. Le rack est facile \u00e0 monter.<\/p>","protected":false},"featured_media":813,"comment_status":"closed","ping_status":"closed","template":"","meta":{"_acf_changed":false,"css_class_manager_body_classes":"","css_class_manager_use_in_post_loop":false},"wpc-attribute-group":[],"product_brand":[],"product_cat":[75,324],"product_tag":[],"class_list":{"0":"post-771","1":"product","2":"type-product","3":"status-publish","4":"has-post-thumbnail","6":"product_cat-zubehoer","7":"product_cat-silence-zubehoer","9":"first","10":"instock","11":"taxable","12":"shipping-taxable","13":"purchasable","14":"product-type-simple"},"acf":[],"_links":{"self":[{"href":"https:\/\/www.microcorner.ch\/fr\/wp-json\/wp\/v2\/product\/771","targetHints":{"allow":["GET"]}}],"collection":[{"href":"https:\/\/www.microcorner.ch\/fr\/wp-json\/wp\/v2\/product"}],"about":[{"href":"https:\/\/www.microcorner.ch\/fr\/wp-json\/wp\/v2\/types\/product"}],"replies":[{"embeddable":true,"href":"https:\/\/www.microcorner.ch\/fr\/wp-json\/wp\/v2\/comments?post=771"}],"wp:featuredmedia":[{"embeddable":true,"href":"https:\/\/www.microcorner.ch\/fr\/wp-json\/wp\/v2\/media\/813"}],"wp:attachment":[{"href":"https:\/\/www.microcorner.ch\/fr\/wp-json\/wp\/v2\/media?parent=771"}],"wp:term":[{"taxonomy":"wpc-attribute-group","embeddable":true,"href":"https:\/\/www.microcorner.ch\/fr\/wp-json\/wp\/v2\/wpc-attribute-group?post=771"},{"taxonomy":"product_brand","embeddable":true,"href":"https:\/\/www.microcorner.ch\/fr\/wp-json\/wp\/v2\/product_brand?post=771"},{"taxonomy":"product_cat","embeddable":true,"href":"https:\/\/www.microcorner.ch\/fr\/wp-json\/wp\/v2\/product_cat?post=771"},{"taxonomy":"product_tag","embeddable":true,"href":"https:\/\/www.microcorner.ch\/fr\/wp-json\/wp\/v2\/product_tag?post=771"}],"curies":[{"name":"wp","href":"https:\/\/api.w.org\/{rel}","templated":true}]}}