{"id":776,"date":"2025-03-26T17:45:47","date_gmt":"2025-03-26T16:45:47","guid":{"rendered":"https:\/\/www.microcorner.ch\/?post_type=product&#038;p=776"},"modified":"2026-02-12T19:15:05","modified_gmt":"2026-02-12T18:15:05","slug":"givi-top-case-47l","status":"publish","type":"product","link":"https:\/\/www.microcorner.ch\/fr\/givi-top-case-47l\/","title":{"rendered":"GIVI Top Case - 47L"},"content":{"rendered":"<p>Le top case parfait pour ton scooter. Facile \u00e0 monter et \u00e0 d\u00e9monter. Pour certains mod\u00e8les de scooter, il est n\u00e9cessaire d'utiliser un rack de rangement pour le fixer.<\/p>\r\n\r\n\r\n\r\n<p><strong>D\u00e9tails du produit<\/strong>:<\/p>\r\n\r\n\r\n\r\n<ul class=\"wp-block-list\">\r\n<li>B47 Blade Tech<\/li>\r\n<li>Topcase avec r\u00e9flecteurs transparents.<\/li>\r\n<li>Volume : 47 litres<\/li>\r\n<li>De la place pour deux casques<\/li>\r\n<li>Dimensions : 34 x 57 x 44,5 cm<\/li>\r\n<\/ul>\r\n\r\n\r\n\r\n<p>&nbsp;<\/p>","protected":false},"excerpt":{"rendered":"<p>B47 Blade Tech Dimensions : 34 x 57 x 44,5 cm<\/p>","protected":false},"featured_media":840,"comment_status":"closed","ping_status":"closed","template":"","meta":{"_acf_changed":false,"css_class_manager_body_classes":"","css_class_manager_use_in_post_loop":false},"wpc-attribute-group":[],"product_brand":[],"product_cat":[75,322,324],"product_tag":[325],"class_list":{"0":"post-776","1":"product","2":"type-product","3":"status-publish","4":"has-post-thumbnail","6":"product_cat-zubehoer","7":"product_cat-ecooter-zubehoer","8":"product_cat-silence-zubehoer","9":"product_tag-box","10":"product_shipping_class-sperrgut","12":"first","13":"instock","14":"taxable","15":"shipping-taxable","16":"purchasable","17":"product-type-simple"},"acf":[],"_links":{"self":[{"href":"https:\/\/www.microcorner.ch\/fr\/wp-json\/wp\/v2\/product\/776","targetHints":{"allow":["GET"]}}],"collection":[{"href":"https:\/\/www.microcorner.ch\/fr\/wp-json\/wp\/v2\/product"}],"about":[{"href":"https:\/\/www.microcorner.ch\/fr\/wp-json\/wp\/v2\/types\/product"}],"replies":[{"embeddable":true,"href":"https:\/\/www.microcorner.ch\/fr\/wp-json\/wp\/v2\/comments?post=776"}],"wp:featuredmedia":[{"embeddable":true,"href":"https:\/\/www.microcorner.ch\/fr\/wp-json\/wp\/v2\/media\/840"}],"wp:attachment":[{"href":"https:\/\/www.microcorner.ch\/fr\/wp-json\/wp\/v2\/media?parent=776"}],"wp:term":[{"taxonomy":"wpc-attribute-group","embeddable":true,"href":"https:\/\/www.microcorner.ch\/fr\/wp-json\/wp\/v2\/wpc-attribute-group?post=776"},{"taxonomy":"product_brand","embeddable":true,"href":"https:\/\/www.microcorner.ch\/fr\/wp-json\/wp\/v2\/product_brand?post=776"},{"taxonomy":"product_cat","embeddable":true,"href":"https:\/\/www.microcorner.ch\/fr\/wp-json\/wp\/v2\/product_cat?post=776"},{"taxonomy":"product_tag","embeddable":true,"href":"https:\/\/www.microcorner.ch\/fr\/wp-json\/wp\/v2\/product_tag?post=776"}],"curies":[{"name":"wp","href":"https:\/\/api.w.org\/{rel}","templated":true}]}}