{"id":777,"date":"2025-03-26T17:45:47","date_gmt":"2025-03-26T16:45:47","guid":{"rendered":"https:\/\/www.microcorner.ch\/?post_type=product&#038;p=777"},"modified":"2026-02-12T19:26:16","modified_gmt":"2026-02-12T18:26:16","slug":"deuxieme-siege-silence-s02","status":"publish","type":"product","link":"https:\/\/www.microcorner.ch\/fr\/zweiter-sitz-silence-s02\/","title":{"rendered":"Deuxi\u00e8me si\u00e8ge - Silence S02"},"content":{"rendered":"<p>La S02 peut aussi \u00eatre transform\u00e9e sans probl\u00e8me en moto \u00e0 deux places. Dans ce cas, il existe un deuxi\u00e8me \u00e9l\u00e9ment de si\u00e8ge pour transformer la S02 en une moto \u00e0 deux places. Le si\u00e8ge est en similicuir confortable et s'accorde parfaitement avec l'\u00e9l\u00e9ment de si\u00e8ge avant.<\/p>","protected":false},"excerpt":{"rendered":"<p>Deuxi\u00e8me si\u00e8ge - Silence S02<\/p>","protected":false},"featured_media":843,"comment_status":"closed","ping_status":"closed","template":"","meta":{"_acf_changed":false,"css_class_manager_body_classes":"","css_class_manager_use_in_post_loop":false},"wpc-attribute-group":[],"product_brand":[],"product_cat":[324],"product_tag":[],"class_list":{"0":"post-777","1":"product","2":"type-product","3":"status-publish","4":"has-post-thumbnail","6":"product_cat-silence-zubehoer","8":"first","9":"instock","10":"taxable","11":"shipping-taxable","12":"purchasable","13":"product-type-simple"},"acf":[],"_links":{"self":[{"href":"https:\/\/www.microcorner.ch\/fr\/wp-json\/wp\/v2\/product\/777","targetHints":{"allow":["GET"]}}],"collection":[{"href":"https:\/\/www.microcorner.ch\/fr\/wp-json\/wp\/v2\/product"}],"about":[{"href":"https:\/\/www.microcorner.ch\/fr\/wp-json\/wp\/v2\/types\/product"}],"replies":[{"embeddable":true,"href":"https:\/\/www.microcorner.ch\/fr\/wp-json\/wp\/v2\/comments?post=777"}],"wp:featuredmedia":[{"embeddable":true,"href":"https:\/\/www.microcorner.ch\/fr\/wp-json\/wp\/v2\/media\/843"}],"wp:attachment":[{"href":"https:\/\/www.microcorner.ch\/fr\/wp-json\/wp\/v2\/media?parent=777"}],"wp:term":[{"taxonomy":"wpc-attribute-group","embeddable":true,"href":"https:\/\/www.microcorner.ch\/fr\/wp-json\/wp\/v2\/wpc-attribute-group?post=777"},{"taxonomy":"product_brand","embeddable":true,"href":"https:\/\/www.microcorner.ch\/fr\/wp-json\/wp\/v2\/product_brand?post=777"},{"taxonomy":"product_cat","embeddable":true,"href":"https:\/\/www.microcorner.ch\/fr\/wp-json\/wp\/v2\/product_cat?post=777"},{"taxonomy":"product_tag","embeddable":true,"href":"https:\/\/www.microcorner.ch\/fr\/wp-json\/wp\/v2\/product_tag?post=777"}],"curies":[{"name":"wp","href":"https:\/\/api.w.org\/{rel}","templated":true}]}}