{"id":783,"date":"2025-03-26T17:45:48","date_gmt":"2025-03-26T16:45:48","guid":{"rendered":"https:\/\/www.microcorner.ch\/?post_type=product&#038;p=783"},"modified":"2026-02-12T19:19:04","modified_gmt":"2026-02-12T18:19:04","slug":"veste-ixs-tour-evans-st-noir","status":"publish","type":"product","link":"https:\/\/www.microcorner.ch\/fr\/ixs-tour-jacke-evans-st-schwarz\/","title":{"rendered":"Veste iXS Tour Evans ST - noir"},"content":{"rendered":"<p>La veste thermique imperm\u00e9able d'IXS vous prot\u00e8ge du froid, car il peut vite faire froid sur le haut du corps. Le pantalon thermique vous prot\u00e8ge \u00e9galement en cas d'accident de la route, car la veste est \u00e9quip\u00e9e de protections aux coudes et aux \u00e9paules. Il est \u00e9galement possible d'ins\u00e9rer un protecteur dorsal, car la veste poss\u00e8de une poche pour un protecteur dorsal.<\/p>\n<ul>\n<li>solto-TEX\u00ae doublure<\/li>\n<li>Doublure en filet polyester avec barri\u00e8re d'eau<\/li>\n<li>Doublure thermique d\u00e9tachable<\/li>\n<li>coude et haut du bras r\u00e9glables en largeur<\/li>\n<li>r\u00e9glage de la largeur au bas des manches<\/li>\n<li>r\u00e9glage de la largeur \u00e0 la taille<\/li>\n<li>R\u00e9glage de la largeur de l'ourlet de la veste avec cordon de serrage \u00e9lastique<\/li>\n<li>4 poches ext\u00e9rieures (veste femme : 2 poches ext\u00e9rieures)<\/li>\n<li>2 poches int\u00e9rieures en filet fixe et 1 poche Napol\u00e9on<\/li>\n<li>4 ouvertures de ventilation<\/li>\n<li>Impressions de transfert r\u00e9fl\u00e9chissantes<\/li>\n<li>Longue fermeture \u00e9clair de liaison<\/li>\n<li>Protecteurs de coude r\u00e9glables en hauteur<\/li>\n<li>Protecteurs d'\u00e9paules et de coudes impacTec (hommes : ETP-02, femmes : ETP-01), mod\u00e8le test\u00e9 selon EN 1621-1:2012, niveau 1<\/li>\n<li>Poche pour protection dorsale (peut \u00eatre ajout\u00e9e en option avec impacTec TP-06 (X99514), mod\u00e8le test\u00e9 selon EN 1621-2:2014, niveau 2)<\/li>\n<\/ul>\n<p>Dessus : 100% polyester<br \/>\nDoublure : 100% polyester<br \/>\nSupport de membrane : 100% polyester<br \/>\nDoublure thermique : 100% polyester<\/p>\n<p>membrane solto-TEX\u00ae 100% enduite de chlorure de polyvinyle<\/p>","protected":false},"excerpt":{"rendered":"<p>Veste textile Touring en polyoxford 600D<\/p>","protected":false},"featured_media":867,"comment_status":"closed","ping_status":"closed","template":"","meta":{"_acf_changed":false,"css_class_manager_body_classes":"","css_class_manager_use_in_post_loop":false},"wpc-attribute-group":[],"product_brand":[],"product_cat":[75,319,328],"product_tag":[331],"class_list":{"0":"post-783","1":"product","2":"type-product","3":"status-publish","4":"has-post-thumbnail","6":"product_cat-zubehoer","7":"product_cat-helme-kleidung","8":"product_cat-wetterschutz","9":"product_tag-jacken","11":"first","12":"instock","13":"taxable","14":"shipping-taxable","15":"purchasable","16":"product-type-variable"},"acf":[],"_links":{"self":[{"href":"https:\/\/www.microcorner.ch\/fr\/wp-json\/wp\/v2\/product\/783","targetHints":{"allow":["GET"]}}],"collection":[{"href":"https:\/\/www.microcorner.ch\/fr\/wp-json\/wp\/v2\/product"}],"about":[{"href":"https:\/\/www.microcorner.ch\/fr\/wp-json\/wp\/v2\/types\/product"}],"replies":[{"embeddable":true,"href":"https:\/\/www.microcorner.ch\/fr\/wp-json\/wp\/v2\/comments?post=783"}],"wp:featuredmedia":[{"embeddable":true,"href":"https:\/\/www.microcorner.ch\/fr\/wp-json\/wp\/v2\/media\/867"}],"wp:attachment":[{"href":"https:\/\/www.microcorner.ch\/fr\/wp-json\/wp\/v2\/media?parent=783"}],"wp:term":[{"taxonomy":"wpc-attribute-group","embeddable":true,"href":"https:\/\/www.microcorner.ch\/fr\/wp-json\/wp\/v2\/wpc-attribute-group?post=783"},{"taxonomy":"product_brand","embeddable":true,"href":"https:\/\/www.microcorner.ch\/fr\/wp-json\/wp\/v2\/product_brand?post=783"},{"taxonomy":"product_cat","embeddable":true,"href":"https:\/\/www.microcorner.ch\/fr\/wp-json\/wp\/v2\/product_cat?post=783"},{"taxonomy":"product_tag","embeddable":true,"href":"https:\/\/www.microcorner.ch\/fr\/wp-json\/wp\/v2\/product_tag?post=783"}],"curies":[{"name":"wp","href":"https:\/\/api.w.org\/{rel}","templated":true}]}}