{"id":784,"date":"2025-03-26T17:45:48","date_gmt":"2025-03-26T16:45:48","guid":{"rendered":"https:\/\/www.microcorner.ch\/?post_type=product&#038;p=784"},"modified":"2026-02-12T19:18:26","modified_gmt":"2026-02-12T18:18:26","slug":"pantalon-de-pluie-ixs-croix-noir","status":"publish","type":"product","link":"https:\/\/www.microcorner.ch\/fr\/ixs-regenhose-croix-schwarz\/","title":{"rendered":"iXS pantalon de pluie Croix - noir"},"content":{"rendered":"<div class=\"\">\n<div class=\"WordSection1\">\n<div class=\"\">\n<p>Pour les jours de pluie, le pantalon de pluie respirant est exactement ce qu'il faut. Le pantalon est tr\u00e8s \u00e9lastique et donc tr\u00e8s pratique pour l'utilisation quotidienne du scooter.<\/p>\n<ul>\n<li>Sac pratique pour un rangement peu encombrant<\/li>\n<li>Dessus \u00e9lastique pour un ajustement sans flottement et un confort maximal<\/li>\n<li>Rev\u00eatement solto-TEX\u00ae respirant<\/li>\n<li>Impressions de transfert r\u00e9fl\u00e9chissantes<\/li>\n<li>Ceinture \u00e9lastique<\/li>\n<li>Bas de jambe avec fermeture \u00e9clair<\/li>\n<li>S'adapte parfaitement \u00e0 la veste de pluie Saint (X79303) ou \u00e0 la veste de pluie Saint 2.0 (X79014)<\/li>\n<\/ul>\n<p>Support de membrane : 100% polyester<\/p>\n<\/div>\n<\/div>\n<\/div>","protected":false},"excerpt":{"rendered":"<p>Pantalon de pluie respirant et \u00e9lastique<\/p>","protected":false},"featured_media":870,"comment_status":"closed","ping_status":"closed","template":"","meta":{"_acf_changed":false,"css_class_manager_body_classes":"","css_class_manager_use_in_post_loop":false},"wpc-attribute-group":[],"product_brand":[],"product_cat":[75,319,328],"product_tag":[332],"class_list":{"0":"post-784","1":"product","2":"type-product","3":"status-publish","4":"has-post-thumbnail","6":"product_cat-zubehoer","7":"product_cat-helme-kleidung","8":"product_cat-wetterschutz","9":"product_tag-hose","11":"first","12":"instock","13":"taxable","14":"shipping-taxable","15":"purchasable","16":"product-type-variable"},"acf":[],"_links":{"self":[{"href":"https:\/\/www.microcorner.ch\/fr\/wp-json\/wp\/v2\/product\/784","targetHints":{"allow":["GET"]}}],"collection":[{"href":"https:\/\/www.microcorner.ch\/fr\/wp-json\/wp\/v2\/product"}],"about":[{"href":"https:\/\/www.microcorner.ch\/fr\/wp-json\/wp\/v2\/types\/product"}],"replies":[{"embeddable":true,"href":"https:\/\/www.microcorner.ch\/fr\/wp-json\/wp\/v2\/comments?post=784"}],"wp:featuredmedia":[{"embeddable":true,"href":"https:\/\/www.microcorner.ch\/fr\/wp-json\/wp\/v2\/media\/870"}],"wp:attachment":[{"href":"https:\/\/www.microcorner.ch\/fr\/wp-json\/wp\/v2\/media?parent=784"}],"wp:term":[{"taxonomy":"wpc-attribute-group","embeddable":true,"href":"https:\/\/www.microcorner.ch\/fr\/wp-json\/wp\/v2\/wpc-attribute-group?post=784"},{"taxonomy":"product_brand","embeddable":true,"href":"https:\/\/www.microcorner.ch\/fr\/wp-json\/wp\/v2\/product_brand?post=784"},{"taxonomy":"product_cat","embeddable":true,"href":"https:\/\/www.microcorner.ch\/fr\/wp-json\/wp\/v2\/product_cat?post=784"},{"taxonomy":"product_tag","embeddable":true,"href":"https:\/\/www.microcorner.ch\/fr\/wp-json\/wp\/v2\/product_tag?post=784"}],"curies":[{"name":"wp","href":"https:\/\/api.w.org\/{rel}","templated":true}]}}