{"id":786,"date":"2025-03-26T17:45:48","date_gmt":"2025-03-26T16:45:48","guid":{"rendered":"https:\/\/www.microcorner.ch\/?post_type=product&#038;p=786"},"modified":"2026-02-12T19:18:00","modified_gmt":"2026-02-12T18:18:00","slug":"ixs-gant-hiver-wp-buran-noir","status":"publish","type":"product","link":"https:\/\/www.microcorner.ch\/fr\/ixs-handschuh-winter-wp-buran-schwarz\/","title":{"rendered":"iXS gants hiver WP Buran - noir"},"content":{"rendered":"<div class=\"page\" title=\"Page 1\">\n<div class=\"layoutArea\">\n<div class=\"column\">\n<p>Le gant en m\u00e9lange cuir\/softshell permet de garder les mains au chaud pendant le temps pass\u00e9 sur votre scooter \u00e9lectrique.<\/p>\n<ul>\n<li>membrane solto-TEX\u00ae avec doublure int\u00e9rieure Tri-Fleece<\/li>\n<li>Isolation Thinsulate<\/li>\n<li>paume en cuir avec doublure en cuir<\/li>\n<li>paume de la main doubl\u00e9e de cuir et rembourr\u00e9e<\/li>\n<li>Doublure en cuir et rembourrage sur le petit doigt<\/li>\n<li>Extension des doigts et rembourrage sur le majeur et l'annulaire<\/li>\n<li>Rembourrage de la cheville<\/li>\n<li>Impression r\u00e9fl\u00e9chissante sur l'index<\/li>\n<li>Poignet extensible avec r\u00e9glage par velcro<\/li>\n<li>Manchettes r\u00e9glables en largeur avec fermeture velcro<\/li>\n<li>S\u00e9curit\u00e9 : r\u00e9pond \u00e0 la norme d'essai EN13594:2015<\/li>\n<\/ul>\n<p>Tissu ext\u00e9rieur : 80% polyester, 10% polyur\u00e9thane, 10% \u00e9lasthanne<br \/>\nDessus cuir : cuir de ch\u00e8vre<br \/>\nPanneau lat\u00e9ral doigts : 85% polyester, 10% polyur\u00e9thane, 5% \u00e9lasthanne<br \/>\nDoublure : 100% polyester<\/p>\n<p>Rembourrage de la cheville : polyur\u00e9thane<br \/>\nmembrane solto-TEX\u00ae 100% polyur\u00e9thane<br \/>\nContient des parties non textiles d'origine animale<\/p>\n<\/div>\n<\/div>\n<\/div>","protected":false},"excerpt":{"rendered":"<p>M\u00e9lange cuir\/softshell<\/p>","protected":false},"featured_media":874,"comment_status":"closed","ping_status":"closed","template":"","meta":{"_acf_changed":false,"css_class_manager_body_classes":"","css_class_manager_use_in_post_loop":false},"wpc-attribute-group":[],"product_brand":[],"product_cat":[75,319,328],"product_tag":[329],"class_list":{"0":"post-786","1":"product","2":"type-product","3":"status-publish","4":"has-post-thumbnail","6":"product_cat-zubehoer","7":"product_cat-helme-kleidung","8":"product_cat-wetterschutz","9":"product_tag-handschuhe","11":"first","12":"outofstock","13":"taxable","14":"shipping-taxable","15":"purchasable","16":"product-type-variable"},"acf":[],"_links":{"self":[{"href":"https:\/\/www.microcorner.ch\/fr\/wp-json\/wp\/v2\/product\/786","targetHints":{"allow":["GET"]}}],"collection":[{"href":"https:\/\/www.microcorner.ch\/fr\/wp-json\/wp\/v2\/product"}],"about":[{"href":"https:\/\/www.microcorner.ch\/fr\/wp-json\/wp\/v2\/types\/product"}],"replies":[{"embeddable":true,"href":"https:\/\/www.microcorner.ch\/fr\/wp-json\/wp\/v2\/comments?post=786"}],"wp:featuredmedia":[{"embeddable":true,"href":"https:\/\/www.microcorner.ch\/fr\/wp-json\/wp\/v2\/media\/874"}],"wp:attachment":[{"href":"https:\/\/www.microcorner.ch\/fr\/wp-json\/wp\/v2\/media?parent=786"}],"wp:term":[{"taxonomy":"wpc-attribute-group","embeddable":true,"href":"https:\/\/www.microcorner.ch\/fr\/wp-json\/wp\/v2\/wpc-attribute-group?post=786"},{"taxonomy":"product_brand","embeddable":true,"href":"https:\/\/www.microcorner.ch\/fr\/wp-json\/wp\/v2\/product_brand?post=786"},{"taxonomy":"product_cat","embeddable":true,"href":"https:\/\/www.microcorner.ch\/fr\/wp-json\/wp\/v2\/product_cat?post=786"},{"taxonomy":"product_tag","embeddable":true,"href":"https:\/\/www.microcorner.ch\/fr\/wp-json\/wp\/v2\/product_tag?post=786"}],"curies":[{"name":"wp","href":"https:\/\/api.w.org\/{rel}","templated":true}]}}