{"id":822,"date":"2025-03-26T17:46:11","date_gmt":"2025-03-26T16:46:11","guid":{"rendered":"https:\/\/www.microcorner.ch\/?post_type=product&#038;p=822"},"modified":"2026-02-12T19:18:07","modified_gmt":"2026-02-12T18:18:07","slug":"ixs-casque-integral-1100-noir-brillant-mat","status":"publish","type":"product","link":"https:\/\/www.microcorner.ch\/fr\/ixs-integralhelm-1100-schwarz-glanz-matt\/","title":{"rendered":"iXS casque int\u00e9gral 1100 - noir brillant\/mat"},"content":{"rendered":"<p>Le casque int\u00e9gral en polycarbonate d'IXS assure une conduite s\u00fbre avec ton scooter \u00e9lectrique. Le casque est dot\u00e9 d'un m\u00e9canisme de fermeture\/ouverture simple pour \u00e9viter toute complication.<\/p>\r\n\r\n\r\n\r\n<ul class=\"wp-block-list\">\r\n<li>A\u00e9rations frontales et au menton<\/li>\r\n<li>Visi\u00e8re claire \u00e0 changement rapide, r\u00e9sistante aux rayures<\/li>\r\n<li>Pinlock\u00ae pr\u00e9par\u00e9<\/li>\r\n<li>Pare-soleil int\u00e9gr\u00e9 (int\u00e9rieur) \u00e0 rabattre<\/li>\r\n<li>Fermeture \u00e0 cliquet<\/li>\r\n<li>Doublure int\u00e9rieure d\u00e9tachable de haute qualit\u00e9<\/li>\r\n<li>D\u00e9flecteur de souffle et de vent<\/li>\r\n<li>Scell\u00e9 par un vernis transparent (blanc 001, noir 003)<\/li>\r\n<li>Technologie du vernis brillant<\/li>\r\n<li>Nouvelle technologie de peinture mate - NMT (noir mat M33)<\/li>\r\n<\/ul>\r\n\r\n\r\n\r\n<p>Doublure : 100% polyester<\/p>","protected":false},"excerpt":{"rendered":"<p>Casque int\u00e9gral en polycarbonate<\/p>","protected":false},"featured_media":888,"comment_status":"closed","ping_status":"closed","template":"","meta":{"_acf_changed":false,"css_class_manager_body_classes":"","css_class_manager_use_in_post_loop":false},"wpc-attribute-group":[],"product_brand":[],"product_cat":[75,319],"product_tag":[320],"class_list":{"0":"post-822","1":"product","2":"type-product","3":"status-publish","4":"has-post-thumbnail","6":"product_cat-zubehoer","7":"product_cat-helme-kleidung","8":"product_tag-helme","10":"first","11":"instock","12":"taxable","13":"shipping-taxable","14":"purchasable","15":"product-type-variable","16":"has-default-attributes"},"acf":[],"_links":{"self":[{"href":"https:\/\/www.microcorner.ch\/fr\/wp-json\/wp\/v2\/product\/822","targetHints":{"allow":["GET"]}}],"collection":[{"href":"https:\/\/www.microcorner.ch\/fr\/wp-json\/wp\/v2\/product"}],"about":[{"href":"https:\/\/www.microcorner.ch\/fr\/wp-json\/wp\/v2\/types\/product"}],"replies":[{"embeddable":true,"href":"https:\/\/www.microcorner.ch\/fr\/wp-json\/wp\/v2\/comments?post=822"}],"wp:featuredmedia":[{"embeddable":true,"href":"https:\/\/www.microcorner.ch\/fr\/wp-json\/wp\/v2\/media\/888"}],"wp:attachment":[{"href":"https:\/\/www.microcorner.ch\/fr\/wp-json\/wp\/v2\/media?parent=822"}],"wp:term":[{"taxonomy":"wpc-attribute-group","embeddable":true,"href":"https:\/\/www.microcorner.ch\/fr\/wp-json\/wp\/v2\/wpc-attribute-group?post=822"},{"taxonomy":"product_brand","embeddable":true,"href":"https:\/\/www.microcorner.ch\/fr\/wp-json\/wp\/v2\/product_brand?post=822"},{"taxonomy":"product_cat","embeddable":true,"href":"https:\/\/www.microcorner.ch\/fr\/wp-json\/wp\/v2\/product_cat?post=822"},{"taxonomy":"product_tag","embeddable":true,"href":"https:\/\/www.microcorner.ch\/fr\/wp-json\/wp\/v2\/product_tag?post=822"}],"curies":[{"name":"wp","href":"https:\/\/api.w.org\/{rel}","templated":true}]}}