{"id":824,"date":"2025-03-26T17:46:11","date_gmt":"2025-03-26T16:46:11","guid":{"rendered":"https:\/\/www.microcorner.ch\/?post_type=product&#038;p=824"},"modified":"2026-02-12T19:25:22","modified_gmt":"2026-02-12T18:25:22","slug":"couverture-thermique-tucano-scooty-r217-silence-s01","status":"publish","type":"product","link":"https:\/\/www.microcorner.ch\/fr\/tucano-thermodecke-scooty-r217-silence-s01\/","title":{"rendered":"Tucano Couverture thermique Scooty R217 - Silence S01"},"content":{"rendered":"<p>La couverture chauffante pour le Sielende S01 en nylon enduit imperm\u00e9able avec une doublure isolante en fibres synth\u00e9tiques vous garde au chaud m\u00eame pendant les jours les plus froids et vous assure une conduite agr\u00e9able. La couverture chauffante se monte facilement sur le scooter \u00e9lectrique \u00e0 l'aide d'une bande velcro.<\/p>\r\n\r\n\r\n\r\n<p><strong>Les caract\u00e9ristiques suivantes distinguent ce prot\u00e8ge-jambes :<\/strong><\/p>\r\n\r\n\r\n\r\n<ul class=\"wp-block-list\">\r\n<li>Housse ext\u00e9rieure \u00e9tanche en nylon extra lourd<\/li>\r\n<li>Doublure int\u00e9rieure tr\u00e8s chaude et douillette<\/li>\r\n<li>S.G.A.S. (syst\u00e8me anti-d\u00e9rapage brevet\u00e9 pour des vitesses plus \u00e9lev\u00e9es)<\/li>\r\n<li>bandes r\u00e9fl\u00e9chissantes int\u00e9gr\u00e9es<\/li>\r\n<li>Couverture de la banquette<\/li>\r\n<li>Sac \u00e9tanche<\/li>\r\n<li>anneau m\u00e9tallique antivol sur les mod\u00e8les sans vissage<\/li>\r\n<\/ul>","protected":false},"excerpt":{"rendered":"<p>Protection des jambes contre le vent et les intemp\u00e9ries Thermoscud<\/p>","protected":false},"featured_media":908,"comment_status":"closed","ping_status":"closed","template":"","meta":{"_acf_changed":false,"css_class_manager_body_classes":"","css_class_manager_use_in_post_loop":false},"wpc-attribute-group":[],"product_brand":[],"product_cat":[75,324,328],"product_tag":[330],"class_list":{"0":"post-824","1":"product","2":"type-product","3":"status-publish","4":"has-post-thumbnail","6":"product_cat-zubehoer","7":"product_cat-silence-zubehoer","8":"product_cat-wetterschutz","9":"product_tag-wetterschutz","11":"first","12":"instock","13":"taxable","14":"shipping-taxable","15":"purchasable","16":"product-type-simple"},"acf":[],"_links":{"self":[{"href":"https:\/\/www.microcorner.ch\/fr\/wp-json\/wp\/v2\/product\/824","targetHints":{"allow":["GET"]}}],"collection":[{"href":"https:\/\/www.microcorner.ch\/fr\/wp-json\/wp\/v2\/product"}],"about":[{"href":"https:\/\/www.microcorner.ch\/fr\/wp-json\/wp\/v2\/types\/product"}],"replies":[{"embeddable":true,"href":"https:\/\/www.microcorner.ch\/fr\/wp-json\/wp\/v2\/comments?post=824"}],"wp:featuredmedia":[{"embeddable":true,"href":"https:\/\/www.microcorner.ch\/fr\/wp-json\/wp\/v2\/media\/908"}],"wp:attachment":[{"href":"https:\/\/www.microcorner.ch\/fr\/wp-json\/wp\/v2\/media?parent=824"}],"wp:term":[{"taxonomy":"wpc-attribute-group","embeddable":true,"href":"https:\/\/www.microcorner.ch\/fr\/wp-json\/wp\/v2\/wpc-attribute-group?post=824"},{"taxonomy":"product_brand","embeddable":true,"href":"https:\/\/www.microcorner.ch\/fr\/wp-json\/wp\/v2\/product_brand?post=824"},{"taxonomy":"product_cat","embeddable":true,"href":"https:\/\/www.microcorner.ch\/fr\/wp-json\/wp\/v2\/product_cat?post=824"},{"taxonomy":"product_tag","embeddable":true,"href":"https:\/\/www.microcorner.ch\/fr\/wp-json\/wp\/v2\/product_tag?post=824"}],"curies":[{"name":"wp","href":"https:\/\/api.w.org\/{rel}","templated":true}]}}