{"id":826,"date":"2025-03-26T17:46:12","date_gmt":"2025-03-26T16:46:12","guid":{"rendered":"https:\/\/www.microcorner.ch\/?post_type=product&#038;p=826"},"modified":"2026-02-12T19:25:17","modified_gmt":"2026-02-12T18:25:17","slug":"tucano-couverture-thermique-scooty-r205-ecooter-e2","status":"publish","type":"product","link":"https:\/\/www.microcorner.ch\/fr\/tucano-thermodecke-scooty-r205-ecooter-e2\/","title":{"rendered":"Tucano Couverture thermique Scooty R205 - Ecooter E2"},"content":{"rendered":"<p>La couverture chauffante pour le scooter Ecooter E2 en nylon enduit imperm\u00e9able avec une doublure isolante en fibres synth\u00e9tiques vous tient au chaud m\u00eame pendant les jours froids et vous assure un trajet agr\u00e9able. La couverture chauffante se monte facilement sur le scooter \u00e9lectrique \u00e0 l'aide d'une bande velcro.<\/p>\r\n\r\n\r\n\r\n<p><strong>Les caract\u00e9ristiques suivantes distinguent ce prot\u00e8ge-jambes :<\/strong><\/p>\r\n\r\n\r\n\r\n<ul class=\"wp-block-list\">\r\n<li>Housse ext\u00e9rieure \u00e9tanche en nylon extra lourd<\/li>\r\n<li>Doublure int\u00e9rieure tr\u00e8s chaude et douillette<\/li>\r\n<li>S.G.A.S. (syst\u00e8me anti-d\u00e9rapage brevet\u00e9 pour des vitesses plus \u00e9lev\u00e9es)<\/li>\r\n<li>bandes r\u00e9fl\u00e9chissantes int\u00e9gr\u00e9es<\/li>\r\n<li>Couverture de la banquette<\/li>\r\n<li>Sac \u00e9tanche<\/li>\r\n<li>anneau m\u00e9tallique antivol sur les mod\u00e8les sans vissage<\/li>\r\n<\/ul>","protected":false},"excerpt":{"rendered":"<p>Avec poches ext\u00e9rieures et bandes r\u00e9fl\u00e9chissantes<\/p>","protected":false},"featured_media":909,"comment_status":"closed","ping_status":"closed","template":"","meta":{"_acf_changed":false,"css_class_manager_body_classes":"","css_class_manager_use_in_post_loop":false},"wpc-attribute-group":[],"product_brand":[],"product_cat":[75,319,322,328],"product_tag":[330],"class_list":{"0":"post-826","1":"product","2":"type-product","3":"status-publish","4":"has-post-thumbnail","6":"product_cat-zubehoer","7":"product_cat-helme-kleidung","8":"product_cat-ecooter-zubehoer","9":"product_cat-wetterschutz","10":"product_tag-wetterschutz","12":"first","13":"instock","14":"taxable","15":"shipping-taxable","16":"purchasable","17":"product-type-simple"},"acf":[],"_links":{"self":[{"href":"https:\/\/www.microcorner.ch\/fr\/wp-json\/wp\/v2\/product\/826","targetHints":{"allow":["GET"]}}],"collection":[{"href":"https:\/\/www.microcorner.ch\/fr\/wp-json\/wp\/v2\/product"}],"about":[{"href":"https:\/\/www.microcorner.ch\/fr\/wp-json\/wp\/v2\/types\/product"}],"replies":[{"embeddable":true,"href":"https:\/\/www.microcorner.ch\/fr\/wp-json\/wp\/v2\/comments?post=826"}],"wp:featuredmedia":[{"embeddable":true,"href":"https:\/\/www.microcorner.ch\/fr\/wp-json\/wp\/v2\/media\/909"}],"wp:attachment":[{"href":"https:\/\/www.microcorner.ch\/fr\/wp-json\/wp\/v2\/media?parent=826"}],"wp:term":[{"taxonomy":"wpc-attribute-group","embeddable":true,"href":"https:\/\/www.microcorner.ch\/fr\/wp-json\/wp\/v2\/wpc-attribute-group?post=826"},{"taxonomy":"product_brand","embeddable":true,"href":"https:\/\/www.microcorner.ch\/fr\/wp-json\/wp\/v2\/product_brand?post=826"},{"taxonomy":"product_cat","embeddable":true,"href":"https:\/\/www.microcorner.ch\/fr\/wp-json\/wp\/v2\/product_cat?post=826"},{"taxonomy":"product_tag","embeddable":true,"href":"https:\/\/www.microcorner.ch\/fr\/wp-json\/wp\/v2\/product_tag?post=826"}],"curies":[{"name":"wp","href":"https:\/\/api.w.org\/{rel}","templated":true}]}}