{"id":828,"date":"2025-03-26T17:46:12","date_gmt":"2025-03-26T16:46:12","guid":{"rendered":"https:\/\/www.microcorner.ch\/?post_type=product&#038;p=828"},"modified":"2026-02-12T19:17:54","modified_gmt":"2026-02-12T18:17:54","slug":"blouson-ixs-classic-eton-st-plus-noir-2","status":"publish","type":"product","link":"https:\/\/www.microcorner.ch\/fr\/ixs-classic-jacke-eton-st-plus-schwarz\/","title":{"rendered":"Blouson iXS Classic Eton-ST-Plus - noir"},"content":{"rendered":"<p><strong>Veste Urban Roller en lamin\u00e9 2 couches<\/strong><\/p>\r\n\r\n\r\n\r\n<h2 id=\"h-folgendes-zeichnet-die-ixs-classic-jacke-eton-st-plus-aus\"><strong>Voici ce qui caract\u00e9rise la veste iXS Classic Eton-ST-Plus :<\/strong><\/h2>\r\n\r\n\r\n\r\n<ul class=\"wp-block-list\">\r\n<li>Imperm\u00e9able, coupe-vent &amp; respirant gr\u00e2ce au lamin\u00e9 solto-TEX\u00ae-Plus<\/li>\r\n<li>Doublure thermique d\u00e9tachable<\/li>\r\n<li>Capuche amovible avec cordon de serrage \u00e9lastique<\/li>\r\n<li>2 grandes ouvertures de ventilation sous les bras avec fermetures \u00e9clair \u00e9tanches<\/li>\r\n<li>Poignets en stretch doux pour un confort maximal<\/li>\r\n<li>r\u00e9glage de la largeur au bas des manches<\/li>\r\n<li>R\u00e9glage de la largeur de l'ourlet de la veste avec cordon de serrage \u00e9lastique<\/li>\r\n<li>fermeture \u00e9clair au niveau des hanches pour une libert\u00e9 de mouvement optimale en position assise<\/li>\r\n<li>2 poches ext\u00e9rieures avec fermeture \u00e9clair<\/li>\r\n<li>2 poches int\u00e9rieures et 1 poche Napol\u00e9on<\/li>\r\n<li>Protecteurs de coude r\u00e9glables en hauteur<\/li>\r\n<li>Protecteurs d'\u00e9paules et de coudes impacTec ETP-02, mod\u00e8le test\u00e9 selon EN 1621-1:2012, niveau 1<\/li>\r\n<li>Poche pour protection dorsale (peut \u00eatre ajout\u00e9e en option avec impacTec TP-06 (X99514-BCK), mod\u00e8le test\u00e9 selon EN 1621-2:2014, niveau 2)<\/li>\r\n<\/ul>\r\n\r\n\r\n\r\n<p>Dessus : 100% polyamide<br \/>Doublure : 100% polyester<br \/>Doublure thermique : 100% polyester<\/p>\r\n\r\n\r\n\r\n<p>membrane solto-TEX\u00ae PLUS lamin\u00e9e en polyur\u00e9thane<\/p>","protected":false},"excerpt":{"rendered":"<p>Urban Roller Jacke aus 2-Lagen-Laminat Folgendes zeichnet die iXS Classic Jacke Eton-ST-Plus aus: Wasserdicht, winddicht &amp; atmungsaktiv durch solto-TEX\u00ae-Plus Laminat Austrennbares Thermofutter Abnehmbare Kapuze mit elastischem Kordelzug 2 grosse Ventilations\u00f6ffnungen unter den Armen mit wasserdichten Reissverschl\u00fcssen Weiche Stretchb\u00fcndchen am Handgelenk f\u00fcr h\u00f6chsten Tragekomfort Weitenverstellung am \u00c4rmelbund Weitenverstellung im Jackensaum mit elastischem Kordelzug Reissverschluss im H\u00fcftbereich [&hellip;]<\/p>\n","protected":false},"featured_media":913,"comment_status":"closed","ping_status":"closed","template":"","meta":{"_acf_changed":false,"css_class_manager_body_classes":"","css_class_manager_use_in_post_loop":false},"wpc-attribute-group":[],"product_brand":[],"product_cat":[75,319,328],"product_tag":[331],"class_list":{"0":"post-828","1":"product","2":"type-product","3":"status-publish","4":"has-post-thumbnail","6":"product_cat-zubehoer","7":"product_cat-helme-kleidung","8":"product_cat-wetterschutz","9":"product_tag-jacken","11":"first","12":"instock","13":"taxable","14":"shipping-taxable","15":"purchasable","16":"product-type-variable","17":"has-default-attributes"},"acf":[],"_links":{"self":[{"href":"https:\/\/www.microcorner.ch\/fr\/wp-json\/wp\/v2\/product\/828","targetHints":{"allow":["GET"]}}],"collection":[{"href":"https:\/\/www.microcorner.ch\/fr\/wp-json\/wp\/v2\/product"}],"about":[{"href":"https:\/\/www.microcorner.ch\/fr\/wp-json\/wp\/v2\/types\/product"}],"replies":[{"embeddable":true,"href":"https:\/\/www.microcorner.ch\/fr\/wp-json\/wp\/v2\/comments?post=828"}],"wp:featuredmedia":[{"embeddable":true,"href":"https:\/\/www.microcorner.ch\/fr\/wp-json\/wp\/v2\/media\/913"}],"wp:attachment":[{"href":"https:\/\/www.microcorner.ch\/fr\/wp-json\/wp\/v2\/media?parent=828"}],"wp:term":[{"taxonomy":"wpc-attribute-group","embeddable":true,"href":"https:\/\/www.microcorner.ch\/fr\/wp-json\/wp\/v2\/wpc-attribute-group?post=828"},{"taxonomy":"product_brand","embeddable":true,"href":"https:\/\/www.microcorner.ch\/fr\/wp-json\/wp\/v2\/product_brand?post=828"},{"taxonomy":"product_cat","embeddable":true,"href":"https:\/\/www.microcorner.ch\/fr\/wp-json\/wp\/v2\/product_cat?post=828"},{"taxonomy":"product_tag","embeddable":true,"href":"https:\/\/www.microcorner.ch\/fr\/wp-json\/wp\/v2\/product_tag?post=828"}],"curies":[{"name":"wp","href":"https:\/\/api.w.org\/{rel}","templated":true}]}}