{"id":829,"date":"2025-03-26T17:46:12","date_gmt":"2025-03-26T16:46:12","guid":{"rendered":"https:\/\/www.microcorner.ch\/?post_type=product&#038;p=829"},"modified":"2026-02-12T19:19:13","modified_gmt":"2026-02-12T18:19:13","slug":"ixs-tour-lt-gant-dhiver-mimba-st-noir","status":"publish","type":"product","link":"https:\/\/www.microcorner.ch\/fr\/ixs-tour-lt-winter-handschuh-mimba-st-schwarz\/","title":{"rendered":"iXS Tour LT gant d'hiver Mimba-ST - noir"},"content":{"rendered":"<p><strong>Gants de randonn\u00e9e d'hiver en textile, amara et poil de ch\u00e8vre<\/strong><\/p>\r\n\r\n\r\n\r\n<p><strong>Les caract\u00e9ristiques suivantes distinguent ces gants :<\/strong><\/p>\r\n\r\n\r\n\r\n<ul class=\"wp-block-list\">\r\n<li>membrane solto-TEX\u00ae avec doublure int\u00e9rieure Tri-Fleece<\/li>\r\n<li>Rembourrage de la cheville en Temperfoam recouvert de Texil<\/li>\r\n<li>paume en amara<\/li>\r\n<li>Paume de la main doubl\u00e9e de cuir<\/li>\r\n<li>rembourrage du poignet avec pression<\/li>\r\n<li>Rembourrage des doigts avec impression r\u00e9fl\u00e9chissante<\/li>\r\n<li>stretch sur le dos de la main et le pouce en n\u00e9opr\u00e8ne gaufr\u00e9<\/li>\r\n<li>Poignet extensible avec r\u00e9glage par velcro<\/li>\r\n<li>Manchettes r\u00e9glables en largeur avec fermeture velcro<\/li>\r\n<li>Barri\u00e8re d'eau \u00e0 l'extr\u00e9mit\u00e9 de la manchette<\/li>\r\n<li>S\u00e9curit\u00e9 : r\u00e9pond \u00e0 la norme d'essai EN13594:2015<\/li>\r\n<\/ul>\r\n\r\n\r\n\r\n<p>Dessus cuir : cuir de ch\u00e8vre<br \/>Dessus textile : 98% polyamide, 2% \u00e9lasthanne<br \/>Dessus stretch : 100% polyester<br \/>paume : 70% polyester, 30% polyamide<\/p>\r\n\r\n\r\n\r\n<p>Rembourrage de la cheville : polyur\u00e9thane<br \/>membrane solto-TEX\u00ae 100% polyur\u00e9thane<br \/>Contient des parties non textiles d'origine animale<\/p>","protected":false},"excerpt":{"rendered":"<p>Gants de randonn\u00e9e d'hiver en textile<\/p>","protected":false},"featured_media":915,"comment_status":"closed","ping_status":"closed","template":"","meta":{"_acf_changed":false,"css_class_manager_body_classes":"","css_class_manager_use_in_post_loop":false},"wpc-attribute-group":[],"product_brand":[],"product_cat":[75,319,328],"product_tag":[329],"class_list":{"0":"post-829","1":"product","2":"type-product","3":"status-publish","4":"has-post-thumbnail","6":"product_cat-zubehoer","7":"product_cat-helme-kleidung","8":"product_cat-wetterschutz","9":"product_tag-handschuhe","11":"first","12":"instock","13":"taxable","14":"shipping-taxable","15":"purchasable","16":"product-type-variable","17":"has-default-attributes"},"acf":[],"_links":{"self":[{"href":"https:\/\/www.microcorner.ch\/fr\/wp-json\/wp\/v2\/product\/829","targetHints":{"allow":["GET"]}}],"collection":[{"href":"https:\/\/www.microcorner.ch\/fr\/wp-json\/wp\/v2\/product"}],"about":[{"href":"https:\/\/www.microcorner.ch\/fr\/wp-json\/wp\/v2\/types\/product"}],"replies":[{"embeddable":true,"href":"https:\/\/www.microcorner.ch\/fr\/wp-json\/wp\/v2\/comments?post=829"}],"wp:featuredmedia":[{"embeddable":true,"href":"https:\/\/www.microcorner.ch\/fr\/wp-json\/wp\/v2\/media\/915"}],"wp:attachment":[{"href":"https:\/\/www.microcorner.ch\/fr\/wp-json\/wp\/v2\/media?parent=829"}],"wp:term":[{"taxonomy":"wpc-attribute-group","embeddable":true,"href":"https:\/\/www.microcorner.ch\/fr\/wp-json\/wp\/v2\/wpc-attribute-group?post=829"},{"taxonomy":"product_brand","embeddable":true,"href":"https:\/\/www.microcorner.ch\/fr\/wp-json\/wp\/v2\/product_brand?post=829"},{"taxonomy":"product_cat","embeddable":true,"href":"https:\/\/www.microcorner.ch\/fr\/wp-json\/wp\/v2\/product_cat?post=829"},{"taxonomy":"product_tag","embeddable":true,"href":"https:\/\/www.microcorner.ch\/fr\/wp-json\/wp\/v2\/product_tag?post=829"}],"curies":[{"name":"wp","href":"https:\/\/api.w.org\/{rel}","templated":true}]}}