{"id":830,"date":"2025-03-26T17:46:12","date_gmt":"2025-03-26T16:46:12","guid":{"rendered":"https:\/\/www.microcorner.ch\/?post_type=product&#038;p=830"},"modified":"2026-02-12T19:19:09","modified_gmt":"2026-02-12T18:19:09","slug":"veste-ixs-tour-evans-st-2-0-noir","status":"publish","type":"product","link":"https:\/\/www.microcorner.ch\/fr\/ixs-tour-jacke-evans-st-2-0-schwarz\/","title":{"rendered":"Veste iXS Tour Evans-ST 2.0 - noir"},"content":{"rendered":"<p><b>Veste textile imperm\u00e9able en polyester 600D<\/b><\/p>\n<ul>\n<li>membrane solto-TEX\u00ae 2 couches Z-Liner<\/li>\n<li>Doublure en maille respirante avec barri\u00e8re d'eau pour un climat corporel optimal<\/li>\n<li>Doublure thermique d\u00e9tachable<\/li>\n<li>R\u00e9glage de la largeur sur le bras, le coude et le bas de la manche<\/li>\n<li>R\u00e9glage de la largeur \u00e0 la taille par velcro<\/li>\n<li>R\u00e9glage de la largeur de l'ourlet de la veste avec cordon de serrage \u00e9lastique<\/li>\n<li>6 poches ext\u00e9rieures, dont 2 poches ext\u00e9rieures \u00e9tanches<\/li>\n<li>2 poches int\u00e9rieures en filet fixe et 1 poche Napol\u00e9on<\/li>\n<li>4 ouvertures de ventilation sur la poitrine et dans le dos<\/li>\n<li>Face avant : tr\u00e8s grande poche combin\u00e9e avec des a\u00e9rations<\/li>\n<li>Fermeture \u00e0 glissi\u00e8re de connexion sur tout le pourtour<\/li>\n<li>Protecteurs de coude r\u00e9glables en hauteur<\/li>\n<li>Veste test\u00e9e selon la norme EN 17092-3:2020 (AA)<\/li>\n<li>Protecteurs d'\u00e9paules et de coudes impacTec ETP-02, mod\u00e8le test\u00e9 selon EN 1621-1:2012, niveau 1<\/li>\n<li>Poche pour protection dorsale (peut \u00eatre ajout\u00e9e en option avec impacTec TP- 06 (X99514-BCK-MST), mod\u00e8le test\u00e9 selon EN 1621-2:2014, niveau 2)<\/li>\n<\/ul>\n<p>&nbsp;<\/p>\n<p>Dessus : 100% polyester<br \/>\nDoublure : 100% polyester<br \/>\nSupport de membrane : 100% polyester<br \/>\nDoublure thermique : 100% polyester<\/p>\n<p>membrane solto-TEX\u00ae 100% lamin\u00e9e en polyur\u00e9thane<\/p>","protected":false},"excerpt":{"rendered":"<p>Veste textile imperm\u00e9able en polyester 600D<\/p>","protected":false},"featured_media":916,"comment_status":"closed","ping_status":"closed","template":"","meta":{"_acf_changed":false,"css_class_manager_body_classes":"","css_class_manager_use_in_post_loop":false},"wpc-attribute-group":[],"product_brand":[],"product_cat":[75,319,328],"product_tag":[331],"class_list":{"0":"post-830","1":"product","2":"type-product","3":"status-publish","4":"has-post-thumbnail","6":"product_cat-zubehoer","7":"product_cat-helme-kleidung","8":"product_cat-wetterschutz","9":"product_tag-jacken","11":"first","12":"instock","13":"taxable","14":"shipping-taxable","15":"purchasable","16":"product-type-variable"},"acf":[],"_links":{"self":[{"href":"https:\/\/www.microcorner.ch\/fr\/wp-json\/wp\/v2\/product\/830","targetHints":{"allow":["GET"]}}],"collection":[{"href":"https:\/\/www.microcorner.ch\/fr\/wp-json\/wp\/v2\/product"}],"about":[{"href":"https:\/\/www.microcorner.ch\/fr\/wp-json\/wp\/v2\/types\/product"}],"replies":[{"embeddable":true,"href":"https:\/\/www.microcorner.ch\/fr\/wp-json\/wp\/v2\/comments?post=830"}],"wp:featuredmedia":[{"embeddable":true,"href":"https:\/\/www.microcorner.ch\/fr\/wp-json\/wp\/v2\/media\/916"}],"wp:attachment":[{"href":"https:\/\/www.microcorner.ch\/fr\/wp-json\/wp\/v2\/media?parent=830"}],"wp:term":[{"taxonomy":"wpc-attribute-group","embeddable":true,"href":"https:\/\/www.microcorner.ch\/fr\/wp-json\/wp\/v2\/wpc-attribute-group?post=830"},{"taxonomy":"product_brand","embeddable":true,"href":"https:\/\/www.microcorner.ch\/fr\/wp-json\/wp\/v2\/product_brand?post=830"},{"taxonomy":"product_cat","embeddable":true,"href":"https:\/\/www.microcorner.ch\/fr\/wp-json\/wp\/v2\/product_cat?post=830"},{"taxonomy":"product_tag","embeddable":true,"href":"https:\/\/www.microcorner.ch\/fr\/wp-json\/wp\/v2\/product_tag?post=830"}],"curies":[{"name":"wp","href":"https:\/\/api.w.org\/{rel}","templated":true}]}}