{"id":831,"date":"2025-03-26T17:46:12","date_gmt":"2025-03-26T16:46:12","guid":{"rendered":"https:\/\/www.microcorner.ch\/?post_type=product&#038;p=831"},"modified":"2026-02-12T19:18:30","modified_gmt":"2026-02-12T18:18:30","slug":"veste-de-pluie-ixs-saint-noir","status":"publish","type":"product","link":"https:\/\/www.microcorner.ch\/fr\/ixs-regenjacke-saint-schwarz\/","title":{"rendered":"Veste de pluie iXS Saint - noir"},"content":{"rendered":"<p>Veste de pluie respirante et \u00e9lastique<\/p>\n<ul>\n<li>Sac pratique pour un rangement peu encombrant<\/li>\n<li>Finition des bras avec velcro, r\u00e9glable individuellement<\/li>\n<li>Dessus \u00e9lastique pour un ajustement sans flottement et un confort maximal<\/li>\n<li>Imperm\u00e9able, coupe-vent et respirant gr\u00e2ce au rev\u00eatement solto-TEX\u00ae.<\/li>\n<li>Impressions de transfert r\u00e9fl\u00e9chissantes<\/li>\n<li>S'adapte parfaitement au pantalon de pluie Croix (X79009)<\/li>\n<\/ul>\n<p>Support de membrane : 100% polyester<\/p>\n<p>Support de membrane en polyur\u00e9thane lamin\u00e9<\/p>","protected":false},"excerpt":{"rendered":"<p>Veste de pluie respirante et \u00e9lastique<\/p>","protected":false},"featured_media":918,"comment_status":"closed","ping_status":"closed","template":"","meta":{"_acf_changed":false,"css_class_manager_body_classes":"","css_class_manager_use_in_post_loop":false},"wpc-attribute-group":[],"product_brand":[],"product_cat":[75,319,328],"product_tag":[331],"class_list":{"0":"post-831","1":"product","2":"type-product","3":"status-publish","4":"has-post-thumbnail","6":"product_cat-zubehoer","7":"product_cat-helme-kleidung","8":"product_cat-wetterschutz","9":"product_tag-jacken","11":"first","12":"instock","13":"taxable","14":"shipping-taxable","15":"purchasable","16":"product-type-variable"},"acf":[],"_links":{"self":[{"href":"https:\/\/www.microcorner.ch\/fr\/wp-json\/wp\/v2\/product\/831","targetHints":{"allow":["GET"]}}],"collection":[{"href":"https:\/\/www.microcorner.ch\/fr\/wp-json\/wp\/v2\/product"}],"about":[{"href":"https:\/\/www.microcorner.ch\/fr\/wp-json\/wp\/v2\/types\/product"}],"replies":[{"embeddable":true,"href":"https:\/\/www.microcorner.ch\/fr\/wp-json\/wp\/v2\/comments?post=831"}],"wp:featuredmedia":[{"embeddable":true,"href":"https:\/\/www.microcorner.ch\/fr\/wp-json\/wp\/v2\/media\/918"}],"wp:attachment":[{"href":"https:\/\/www.microcorner.ch\/fr\/wp-json\/wp\/v2\/media?parent=831"}],"wp:term":[{"taxonomy":"wpc-attribute-group","embeddable":true,"href":"https:\/\/www.microcorner.ch\/fr\/wp-json\/wp\/v2\/wpc-attribute-group?post=831"},{"taxonomy":"product_brand","embeddable":true,"href":"https:\/\/www.microcorner.ch\/fr\/wp-json\/wp\/v2\/product_brand?post=831"},{"taxonomy":"product_cat","embeddable":true,"href":"https:\/\/www.microcorner.ch\/fr\/wp-json\/wp\/v2\/product_cat?post=831"},{"taxonomy":"product_tag","embeddable":true,"href":"https:\/\/www.microcorner.ch\/fr\/wp-json\/wp\/v2\/product_tag?post=831"}],"curies":[{"name":"wp","href":"https:\/\/api.w.org\/{rel}","templated":true}]}}