{"id":862,"date":"2025-03-26T17:46:32","date_gmt":"2025-03-26T16:46:32","guid":{"rendered":"https:\/\/www.microcorner.ch\/?post_type=product&#038;p=862"},"modified":"2026-02-12T19:22:43","modified_gmt":"2026-02-12T18:22:43","slug":"silence-casque-jet-noir-vert","status":"publish","type":"product","link":"https:\/\/www.microcorner.ch\/fr\/silence-jethelm-schwarz-gruen\/","title":{"rendered":"Silence Casque jet - noir\/vert"},"content":{"rendered":"<p>Silence Jethelm - green circle couleur : noir Casque jet en acrylonitrile-butadi\u00e8ne-styr\u00e8ne<\/p>\n<ul class=\"visi\">\n<li>Pare-soleil int\u00e9gr\u00e9 (int\u00e9rieur) \u00e0 rabattre<\/li>\n<li>Fermeture \u00e0 cliquet<\/li>\n<li>Coussinets de joues<\/li>\n<li>Sac\/protection pour casque inclus dans la livraison<\/li>\n<\/ul>\n<p>Doublure : 100% polystyr\u00e8ne expans\u00e9<\/p>\n<ul class=\"visi\">\n<li>Pour un tour de t\u00eate de 55 \u00e0 56 cm, il est pr\u00e9f\u00e9rable de choisir un casque de taille S.<\/li>\n<li>La taille de t\u00eate de 57 \u00e0 58 cm correspond \u00e0 la taille de casque M.<\/li>\n<li>Pour un tour de t\u00eate de 59 cm, un casque de taille L est recommand\u00e9.<\/li>\n<li>Si le tour de t\u00eate est de 60 cm, cela correspond \u00e0 la taille de casque XL.<\/li>\n<\/ul>","protected":false},"excerpt":{"rendered":"<p>Silence Jethelm &#8211; green circle Farbe: schwarz Jethelm aus Acrylnitril-Butadien-Styrol Integrierte Sonnenblende (innen) zum Herunterklappen Ratschenverschluss Wangenpolster Helmtasche\/schutz im Lieferumfang enthalten Futter: 100% expandiertes Polystyrol Bei einem Kopfumfang von 55 bis 56 cm sollte ein Helm in der Gr\u00f6sse S gew\u00e4hlt werden. Die Kopfgr\u00f6sse 57 bis 58 cm entspricht der Helmgr\u00f6sse M. Bei einem Kopfumfang [&hellip;]<\/p>\n","protected":false},"featured_media":926,"comment_status":"open","ping_status":"closed","template":"","meta":{"_acf_changed":false,"css_class_manager_body_classes":"","css_class_manager_use_in_post_loop":false},"wpc-attribute-group":[],"product_brand":[],"product_cat":[319,324],"product_tag":[320],"class_list":{"0":"post-862","1":"product","2":"type-product","3":"status-publish","4":"has-post-thumbnail","6":"product_cat-helme-kleidung","7":"product_cat-silence-zubehoer","8":"product_tag-helme","10":"first","11":"outofstock","12":"taxable","13":"shipping-taxable","14":"purchasable","15":"product-type-variable"},"acf":[],"_links":{"self":[{"href":"https:\/\/www.microcorner.ch\/fr\/wp-json\/wp\/v2\/product\/862","targetHints":{"allow":["GET"]}}],"collection":[{"href":"https:\/\/www.microcorner.ch\/fr\/wp-json\/wp\/v2\/product"}],"about":[{"href":"https:\/\/www.microcorner.ch\/fr\/wp-json\/wp\/v2\/types\/product"}],"replies":[{"embeddable":true,"href":"https:\/\/www.microcorner.ch\/fr\/wp-json\/wp\/v2\/comments?post=862"}],"wp:featuredmedia":[{"embeddable":true,"href":"https:\/\/www.microcorner.ch\/fr\/wp-json\/wp\/v2\/media\/926"}],"wp:attachment":[{"href":"https:\/\/www.microcorner.ch\/fr\/wp-json\/wp\/v2\/media?parent=862"}],"wp:term":[{"taxonomy":"wpc-attribute-group","embeddable":true,"href":"https:\/\/www.microcorner.ch\/fr\/wp-json\/wp\/v2\/wpc-attribute-group?post=862"},{"taxonomy":"product_brand","embeddable":true,"href":"https:\/\/www.microcorner.ch\/fr\/wp-json\/wp\/v2\/product_brand?post=862"},{"taxonomy":"product_cat","embeddable":true,"href":"https:\/\/www.microcorner.ch\/fr\/wp-json\/wp\/v2\/product_cat?post=862"},{"taxonomy":"product_tag","embeddable":true,"href":"https:\/\/www.microcorner.ch\/fr\/wp-json\/wp\/v2\/product_tag?post=862"}],"curies":[{"name":"wp","href":"https:\/\/api.w.org\/{rel}","templated":true}]}}