{"id":863,"date":"2025-03-26T17:46:32","date_gmt":"2025-03-26T16:46:32","guid":{"rendered":"https:\/\/www.microcorner.ch\/?post_type=product&#038;p=863"},"modified":"2026-02-12T19:18:52","modified_gmt":"2026-02-12T18:18:52","slug":"ixs-tour-gant-arctic-gtx-2-0-noir","status":"publish","type":"product","link":"https:\/\/www.microcorner.ch\/fr\/ixs-tour-handschuh-arctic-gtx-2-0-schwarz\/","title":{"rendered":"iXS Tour Gants Arctic-GTX 2.0 - noir"},"content":{"rendered":"<p class=\"visi\"><strong>Gants d'hiver en m\u00e9lange cuir de ch\u00e8vre\/textile<\/strong><\/p>\n<p class=\"visi\"><strong>Les caract\u00e9ristiques suivantes distinguent ces gants :<\/strong><\/p>\n<ul>\n<li>Membrane GORE-TEX\u00ae avec doublure Tri-Fleece<\/li>\n<li>Isolation Primaloft\u00ae (240g)<\/li>\n<li>Rembourrage de la cheville en mousse Impacton\u00ae Visco-Elastan absorbant les chocs et recouvert de cuir<\/li>\n<li>Rembourrage sur le majeur et l'annulaire<\/li>\n<li>insert stretch sur le majeur et l'annulaire<\/li>\n<li>Pointe de l'index avec mat\u00e9riau compatible avec les \u00e9crans tactiles<\/li>\n<li>Impression r\u00e9fl\u00e9chissante sur l'index et les manchettes<\/li>\n<li>paume en cuir avec doublure Clarino<\/li>\n<li>paume de la main doubl\u00e9e de cuir et rembourr\u00e9e<\/li>\n<li>Doublure en cuir sur le petit doigt<\/li>\n<li>L\u00e8vre en caoutchouc sur l'index gauche pour essuyer la visi\u00e8re du casque<\/li>\n<li>Manchettes r\u00e9glables en largeur avec \u00e9lastique<\/li>\n<li>Poignet extensible avec r\u00e9glage par velcro<\/li>\n<li>Barri\u00e8re d'eau \u00e0 l'extr\u00e9mit\u00e9 de la manchette<\/li>\n<li>S\u00e9curit\u00e9 : r\u00e9pond \u00e0 la norme d'essai EN 13594:2015<\/li>\n<\/ul>\n<p>Dessus cuir : cuir de ch\u00e8vre<br \/>\nDessus textile : 100% polyamide<br \/>\nPanneau lat\u00e9ral doigts : 98% polyamide, 2% \u00e9lasthanne<br \/>\nDos de la main : 52% polyur\u00e9thane, 48% coton<br \/>\nDoublure : 100% polyester<br \/>\nDoublure des manchettes : 100% polyamide<\/p>\n<p>Rembourrage de la cheville : 100% polyur\u00e9thane<br \/>\nMembrane GORE-TEX\u00ae : 100% polyt\u00e9trafluoro\u00e9thyl\u00e8ne<br \/>\nContient des parties non textiles d'origine animale<\/p>","protected":false},"excerpt":{"rendered":"<p>Winter-Handschuh aus Ziegenleder\/Textil Mix Folgende Merkmale zeichnen diese Handschuhe aus: GORE-TEX\u00ae Membrane mit Tri-Fleece Innenfutter Primaloft\u00ae Isolation (240g) Kn\u00f6chelpolsterung aus sto\u00dfabsorbierendem Impacton\u00ae Visco-Elastan Schaum mit Leder\u00fcberzug Polsterung an Mittel- und Ringfinger Stretcheinsatz an Mittel- und Ringfinger Zeigfingerspitze mit Touchscreen-tauglichem Material Reflektierender Druck am Zeigefinger und Stulpen Innenhand aus Leder mit Clarino Aufdoppelung Handballen mit Lederaufdoppelung [&hellip;]<\/p>\n","protected":false},"featured_media":928,"comment_status":"closed","ping_status":"closed","template":"","meta":{"_acf_changed":false,"css_class_manager_body_classes":"","css_class_manager_use_in_post_loop":false},"wpc-attribute-group":[],"product_brand":[],"product_cat":[75,319,328],"product_tag":[329],"class_list":{"0":"post-863","1":"product","2":"type-product","3":"status-publish","4":"has-post-thumbnail","6":"product_cat-zubehoer","7":"product_cat-helme-kleidung","8":"product_cat-wetterschutz","9":"product_tag-handschuhe","11":"first","12":"instock","13":"taxable","14":"shipping-taxable","15":"purchasable","16":"product-type-variable"},"acf":[],"_links":{"self":[{"href":"https:\/\/www.microcorner.ch\/fr\/wp-json\/wp\/v2\/product\/863","targetHints":{"allow":["GET"]}}],"collection":[{"href":"https:\/\/www.microcorner.ch\/fr\/wp-json\/wp\/v2\/product"}],"about":[{"href":"https:\/\/www.microcorner.ch\/fr\/wp-json\/wp\/v2\/types\/product"}],"replies":[{"embeddable":true,"href":"https:\/\/www.microcorner.ch\/fr\/wp-json\/wp\/v2\/comments?post=863"}],"wp:featuredmedia":[{"embeddable":true,"href":"https:\/\/www.microcorner.ch\/fr\/wp-json\/wp\/v2\/media\/928"}],"wp:attachment":[{"href":"https:\/\/www.microcorner.ch\/fr\/wp-json\/wp\/v2\/media?parent=863"}],"wp:term":[{"taxonomy":"wpc-attribute-group","embeddable":true,"href":"https:\/\/www.microcorner.ch\/fr\/wp-json\/wp\/v2\/wpc-attribute-group?post=863"},{"taxonomy":"product_brand","embeddable":true,"href":"https:\/\/www.microcorner.ch\/fr\/wp-json\/wp\/v2\/product_brand?post=863"},{"taxonomy":"product_cat","embeddable":true,"href":"https:\/\/www.microcorner.ch\/fr\/wp-json\/wp\/v2\/product_cat?post=863"},{"taxonomy":"product_tag","embeddable":true,"href":"https:\/\/www.microcorner.ch\/fr\/wp-json\/wp\/v2\/product_tag?post=863"}],"curies":[{"name":"wp","href":"https:\/\/api.w.org\/{rel}","templated":true}]}}