{"id":90,"date":"2025-02-24T00:26:14","date_gmt":"2025-02-23T23:26:14","guid":{"rendered":"https:\/\/www.microcorner.ch\/?post_type=product&#038;p=90"},"modified":"2026-04-14T07:27:11","modified_gmt":"2026-04-14T05:27:11","slug":"felo-fw-06","status":"publish","type":"product","link":"https:\/\/www.microcorner.ch\/fr\/felo-fw-06\/","title":{"rendered":"Felo FW-06"},"content":{"rendered":"<div class=\"col-50 flex flex-center page-width flex-gap pb100 col-inv\">\n<div>\n<figure class=\"wp-block-video img-corn\"><video height=\"1080\" style=\"aspect-ratio: 1920 \/ 1080;\" width=\"1920\" autoplay controls loop muted poster=\"https:\/\/www.microcorner.ch\/data\/Marken\/Felo\/FW-06\/mehr-erfahren\/felo-fw-06-elektroroller-microcorner-zuerich-regensdorf-video-cover.gif\" src=\"https:\/\/www.microcorner.ch\/data\/Marken\/Felo\/FW-06\/mehr-erfahren\/felo-fw-06-elektroroller-microcorner-zuerich-regensdorf-video-2.mp4\" playsinline><\/video><\/figure>\n<\/div>\n\n\n\n<div>\n<h2>Felo FW-06<\/h2>\n\n\n\n<p>Le Felo FW-06 est id\u00e9al pour les conducteurs qui souhaitent combiner performance, s\u00e9curit\u00e9 et design moderne dans une moto \u00e9lectrique.<\/p>\n\n\n\n<div>\n<div><a href=\"#probefahrt\">Essayer maintenant<\/a><\/div>\n<\/div>\n<\/div>\n<\/div>\n\n\n\n<div class=\"pb100 page-width\">\n<figure class=\"wp-block-gallery has-nested-images columns-6 is-cropped wp-block-gallery-1 wp-block-gallery-\">\n<figure class=\"wp-block-image size-large\"><img loading=\"lazy\" decoding=\"async\" width=\"1024\" height=\"560\" data-id=\"1670\" src=\"https:\/\/www.microcorner.ch\/data\/Marken\/Felo\/FW-06\/mehr-erfahren\/felo-fw-06-elektroroller-microcorner-zuerich-regensdorf-video-cover-2-1024x560.jpg\" alt=\"Felo Fw 06 Scooter \u00e9lectrique Microcorner Zuerich Regensdorf 137\" class=\"wp-image-1670\"\/><\/figure>\n\n\n\n<figure class=\"wp-block-image size-large\"><img loading=\"lazy\" decoding=\"async\" width=\"1024\" height=\"613\" data-id=\"1668\" src=\"https:\/\/www.microcorner.ch\/data\/Marken\/Felo\/FW-06\/mehr-erfahren\/felo-fw-06-elektroroller-microcorner-zuerich-regensdorf-steuergeraet-1024x613.jpg\" alt=\"Felo Fw 06 Scooter \u00e9lectrique Microcorner Zuerich Regensdorf 13\" class=\"wp-image-1668\"\/><\/figure>\n\n\n\n<figure class=\"wp-block-image size-large\"><img loading=\"lazy\" decoding=\"async\" width=\"1024\" height=\"549\" data-id=\"1666\" src=\"https:\/\/www.microcorner.ch\/data\/Marken\/Felo\/FW-06\/mehr-erfahren\/felo-fw-06-elektroroller-microcorner-zuerich-regensdorf-panel-1024x549.jpg\" alt=\"Felo Fw 06 Scooter \u00e9lectrique Microcorner Zuerich Regensdorf Panel\" class=\"wp-image-1666\"\/><\/figure>\n\n\n\n<figure class=\"wp-block-image size-large\"><img loading=\"lazy\" decoding=\"async\" width=\"1024\" height=\"547\" data-id=\"1658\" src=\"https:\/\/www.microcorner.ch\/data\/Marken\/Felo\/FW-06\/mehr-erfahren\/felo-fw-06-elektroroller-microcorner-zuerich-regensdorf-fahrverhalten-1024x547.jpg\" alt=\"Felo Fw 06 Scooter \u00e9lectrique Microcorner Zuerich Regensdorf 11\" class=\"wp-image-1658\"\/><\/figure>\n\n\n\n<figure class=\"wp-block-image size-large\"><img loading=\"lazy\" decoding=\"async\" width=\"1024\" height=\"576\" data-id=\"1660\" src=\"https:\/\/www.microcorner.ch\/data\/Marken\/Felo\/FW-06\/mehr-erfahren\/felo-fw-06-elektroroller-microcorner-zuerich-regensdorf-full-1024x576.jpg\" alt=\"Felo Fw 06 Scooter \u00e9lectrique Microcorner Zuerich Regensdorf Full\" class=\"wp-image-1660\"\/><\/figure>\n\n\n\n<figure class=\"wp-block-image size-large\"><img loading=\"lazy\" decoding=\"async\" width=\"1024\" height=\"683\" data-id=\"1652\" src=\"https:\/\/www.microcorner.ch\/data\/Marken\/Felo\/FW-06\/mehr-erfahren\/felo-fw-06-elektroroller-microcorner-zuerich-regensdorf-6-1024x683.jpg\" alt=\"Felo Fw 06 Scooter \u00e9lectrique Microcorner Zuerich Regensdorf 6\" class=\"wp-image-1652\"\/><\/figure>\n\n\n\n<figure class=\"wp-block-image size-large\"><img loading=\"lazy\" decoding=\"async\" width=\"1024\" height=\"682\" data-id=\"1657\" src=\"https:\/\/www.microcorner.ch\/data\/Marken\/Felo\/FW-06\/mehr-erfahren\/felo-fw-06-elektroroller-microcorner-zuerich-regensdorf-e-roller-1024x682.jpg\" alt=\"Scooter \u00e9lectrique Felo Fw 06 Microcorner Zuerich Regensdorf E Scooter\" class=\"wp-image-1657\"\/><\/figure>\n\n\n\n<figure class=\"wp-block-image size-large\"><img loading=\"lazy\" decoding=\"async\" width=\"1024\" height=\"728\" data-id=\"1648\" src=\"https:\/\/www.microcorner.ch\/data\/Marken\/Felo\/FW-06\/mehr-erfahren\/felo-fw-06-elektroroller-microcorner-zuerich-regensdorf-2-1024x728.jpg\" alt=\"Felo Fw 06 Scooter \u00e9lectrique Microcorner Zuerich Regensdorf 2\" class=\"wp-image-1648\"\/><\/figure>\n\n\n\n<figure class=\"wp-block-image size-large\"><img loading=\"lazy\" decoding=\"async\" width=\"1024\" height=\"640\" data-id=\"1656\" src=\"https:\/\/www.microcorner.ch\/data\/Marken\/Felo\/FW-06\/mehr-erfahren\/felo-fw-06-elektroroller-microcorner-zuerich-regensdorf-bremsen-1024x640.jpg\" alt=\"Felo Fw 06 Scooter \u00e9lectrique Microcorner Zuerich Regensdorf Freins\" class=\"wp-image-1656\"\/><\/figure>\n\n\n\n<figure class=\"wp-block-image size-large\"><img loading=\"lazy\" decoding=\"async\" width=\"1024\" height=\"601\" data-id=\"1650\" src=\"https:\/\/www.microcorner.ch\/data\/Marken\/Felo\/FW-06\/mehr-erfahren\/felo-fw-06-elektroroller-microcorner-zuerich-regensdorf-4-1024x601.jpg\" alt=\"Felo Fw 06 Scooter \u00e9lectrique Microcorner Zuerich Regensdorf 9\" class=\"wp-image-1650\"\/><\/figure>\n\n\n\n<figure class=\"wp-block-image size-large\"><img loading=\"lazy\" decoding=\"async\" width=\"1024\" height=\"936\" data-id=\"1667\" src=\"https:\/\/www.microcorner.ch\/data\/Marken\/Felo\/FW-06\/mehr-erfahren\/felo-fw-06-elektroroller-microcorner-zuerich-regensdorf-speed-1024x936.jpg\" alt=\"Felo Fw 06 Scooter \u00e9lectrique Microcorner Zuerich Regensdorf 10\" class=\"wp-image-1667\"\/><\/figure>\n\n\n\n<figure class=\"wp-block-image size-large\"><img loading=\"lazy\" decoding=\"async\" width=\"1024\" height=\"807\" data-id=\"1653\" src=\"https:\/\/www.microcorner.ch\/data\/Marken\/Felo\/FW-06\/mehr-erfahren\/felo-fw-06-elektroroller-microcorner-zuerich-regensdorf-batterie-1024x807.jpg\" alt=\"Felo Fw 06 Scooter \u00e9lectrique Microcorner Zuerich Regensdorf Batterie\" class=\"wp-image-1653\"\/><\/figure>\n<\/figure>\n<\/div>\n\n\n\n<div class=\"flex flex-center flex-gap col-50 pb100 page-width\">\n<div>\n<figure class=\"wp-block-image size-full img-corn\"><img loading=\"lazy\" decoding=\"async\" width=\"1996\" height=\"1472\" src=\"https:\/\/www.microcorner.ch\/data\/Marken\/Felo\/FW-06\/mehr-erfahren\/felo-fw-06-elektroroller-microcorner-zuerich-regensdorf-neu-elektromotorrad.jpg\" alt=\"de course, ce qui se refl\u00e8te aujourd&#039;hui dans la FW-06.\" class=\"wp-image-1665\"\/><\/figure>\n<\/div>\n\n\n\n<div>\n<p class=\"is-style-text-ber-titel\">N\u00c9 POUR LA ROUTE&nbsp;<\/p>\n\n\n\n<h2 id=\"my-silence-app\">Fier sponsor de Gresini Racing&nbsp;<\/h2>\n\n\n\n<p>Le design a\u00e9rodynamique et les syst\u00e8mes de refroidissement inspir\u00e9s des voitures de course du Felo FW-06 garantissent des performances exceptionnelles et un plaisir de conduite sans limites. Felo s'est appropri\u00e9 le savoir-faire technique issu du d\u00e9veloppement de motos de course, ce qui se refl\u00e8te dans les performances exceptionnelles du FW-06.<\/p>\n<\/div>\n<\/div>\n\n\n\n<div class=\"col-50 flex flex-center page-width flex-gap pb100 col-inv\">\n<div>\n<figure class=\"wp-block-image size-full img-corn\"><img loading=\"lazy\" decoding=\"async\" width=\"2000\" height=\"1069\" src=\"https:\/\/www.microcorner.ch\/data\/Marken\/Felo\/FW-06\/mehr-erfahren\/felo-fw-06-elektroroller-microcorner-zuerich-regensdorf-fahrverhalten.jpg\" alt=\"felo fw 06 scooter \u00e9lectrique microcorner zuerich regensdorf comportement routier\" class=\"wp-image-1658\"\/><\/figure>\n<\/div>\n\n\n\n<div>\n<p class=\"is-style-text-ber-titel\">EN ROUTE EN TOUTE S\u00c9CURIT\u00c9 ET CONFORTABLEMENT<\/p>\n\n\n\n<h2 id=\"my-silence-app\">Plus de dynamisme, plus de contr\u00f4le<\/h2>\n\n\n\n<p>Gr\u00e2ce \u00e0 une technologie innovante et \u00e0 un design bien pens\u00e9, le Felo FW-06 offre une sensation de conduite qui s\u00e9duit par sa stabilit\u00e9 et son grand confort.<\/p>\n\n\n\n<p>La g\u00e9om\u00e9trie sophistiqu\u00e9e assure une meilleure dynamique de conduite et une exp\u00e9rience de conduite s\u00fbre et agr\u00e9able.<\/p>\n<\/div>\n<\/div>\n\n\n\n<figure class=\"wp-block-image alignfull size-full pb100\"><img loading=\"lazy\" decoding=\"async\" width=\"1600\" height=\"554\" src=\"https:\/\/www.microcorner.ch\/data\/Marken\/Felo\/FW-06\/mehr-erfahren\/felo-fw-06-elektroroller-microcorner-zuerich-regensdorf-5.jpg\" alt=\"Felo Fw 06 Scooter \u00e9lectrique Microcorner Zuerich Regensdorf 5\" class=\"wp-image-1651\"\/><\/figure>\n\n\n\n<div class=\"col-50 flex flex-center page-width flex-gap pb100\">\n<div>\n<figure class=\"wp-block-image size-large img-corn\"><img loading=\"lazy\" decoding=\"async\" width=\"1024\" height=\"807\" src=\"https:\/\/www.microcorner.ch\/data\/Marken\/Felo\/FW-06\/mehr-erfahren\/felo-fw-06-elektroroller-microcorner-zuerich-regensdorf-batterie-1024x807.jpg\" alt=\"Felo Fw 06 Scooter \u00e9lectrique Microcorner Zuerich Regensdorf Batterie\" class=\"wp-image-1653\"\/><\/figure>\n<\/div>\n\n\n\n<div>\n<p class=\"is-style-text-ber-titel\">BATTERIE ET BMS&nbsp;<\/p>\n\n\n\n<h2 id=\"my-silence-app\">5 ans \/ 50'000km de garantie&nbsp;<\/h2>\n\n\n\n<p>Le Felo FW-06 utilise le puissant pack de piles au lithium INP58P Ultra Long-Life en combinaison avec un syst\u00e8me de gestion de batterie (BMS) avanc\u00e9, qui assure une s\u00e9curit\u00e9 maximale et une longue dur\u00e9e de vie. Avec sa gestion thermique sophistiqu\u00e9e et sa classe de protection \u00e9tanche IP67, la batterie garantit une utilisation fiable \u00e0 long terme.<\/p>\n\n\n\n<p>Pour plus de s\u00e9curit\u00e9, le FW-06 offre une garantie \u00e9tendue de 5 ans et prend en charge un grand nombre de connecteurs de charge. De plus, la batterie reste \u00e9tanche jusqu'\u00e0 un m\u00e8tre de profondeur pendant 24 heures.<\/p>\n\n\n\n<div>\n<div><a href=\"#probefahrt\">Essayer maintenant<\/a><\/div>\n<\/div>\n<\/div>\n<\/div>\n\n\n\n<div class=\"col-50 flex flex-center page-width flex-gap pb100 col-inv\">\n<div>\n<figure class=\"wp-block-image size-large img-corn\"><img loading=\"lazy\" decoding=\"async\" width=\"1024\" height=\"549\" src=\"https:\/\/www.microcorner.ch\/data\/Marken\/Felo\/FW-06\/mehr-erfahren\/felo-fw-06-elektroroller-microcorner-zuerich-regensdorf-panel-1024x549.jpg\" alt=\"Felo Fw 06 Scooter \u00e9lectrique Microcorner Zuerich Regensdorf Panel\" class=\"wp-image-1666\"\/><\/figure>\n<\/div>\n\n\n\n<div>\n<p class=\"is-style-text-ber-titel\">TOUT EN UN CLIN D'\u0152IL<\/p>\n\n\n\n<h2>Panneau LCD<\/h2>\n\n\n\n<p>L'\u00e9cran LCD clair du Felo FW-06 permet de lire sans peine toutes les donn\u00e9es du v\u00e9hicule, quelles que soient les conditions d'\u00e9clairage. L'autonomie restante est alors calcul\u00e9e de mani\u00e8re pr\u00e9cise et intelligente, ce qui te permet de profiter \u00e0 tout moment d'une conduite d\u00e9tendue sans te soucier de l'autonomie.<\/p>\n<\/div>\n<\/div>\n\n\n\n<figure class=\"wp-block-image alignfull size-full pb100\"><img loading=\"lazy\" decoding=\"async\" width=\"2000\" height=\"1093\" src=\"https:\/\/www.microcorner.ch\/data\/Marken\/Felo\/FW-06\/mehr-erfahren\/felo-fw-06-elektroroller-microcorner-zuerich-regensdorf-video-cover-2.jpg\" alt=\"Capture d&#039;\u00e9cran\" class=\"wp-image-1670\"\/><figcaption class=\"wp-element-caption\">Capture d'\u00e9cran<\/figcaption><\/figure>\n\n\n\n<div class=\"col-50 flex flex-center page-width flex-gap pb100\">\n<div>\n<figure class=\"wp-block-image size-large img-corn\"><img loading=\"lazy\" decoding=\"async\" width=\"1024\" height=\"640\" src=\"https:\/\/www.microcorner.ch\/data\/Marken\/Felo\/FW-06\/mehr-erfahren\/felo-fw-06-elektroroller-microcorner-zuerich-regensdorf-bremsen-1024x640.jpg\" alt=\"Felo Fw 06 Scooter \u00e9lectrique Microcorner Zuerich Regensdorf Freins\" class=\"wp-image-1656\"\/><\/figure>\n<\/div>\n\n\n\n<div>\n<p class=\"is-style-text-ber-titel\">S\u00c9CURIT\u00c9 MAXIMALE<\/p>\n\n\n\n<h2 id=\"my-silence-app\">TCS : Syst\u00e8me de contr\u00f4le de traction &amp; ABS<\/h2>\n\n\n\n<p>Le Felo FW06 pose de nouveaux jalons dans sa cat\u00e9gorie gr\u00e2ce \u00e0 la combinaison de l'ABS et du TCS (Traction Control System). Le TCS assure une meilleure traction et un meilleur contr\u00f4le de la puissance dans des conditions de route difficiles, ce qui augmente consid\u00e9rablement la stabilit\u00e9 de conduite.<\/p>\n\n\n\n<p>De plus, l'ABS optimise la puissance de freinage des freins \u00e0 disque et garantit ainsi une conduite encore plus s\u00fbre.<\/p>\n\n\n\n<p>Nous ne faisons aucun compromis en mati\u00e8re de s\u00e9curit\u00e9.<\/p>\n<\/div>\n<\/div>\n\n\n\n<div class=\"col-50 flex flex-center page-width flex-gap pb100 col-inv\">\n<div>\n<figure class=\"wp-block-image size-large img-corn\"><img loading=\"lazy\" decoding=\"async\" width=\"1024\" height=\"724\" src=\"https:\/\/www.microcorner.ch\/data\/Marken\/Felo\/FW-06\/mehr-erfahren\/felo-fw-06-elektroroller-microcorner-zuerich-regensdorf-motor-1024x724.jpg\" alt=\"Felo Fw 06 Scooter \u00e9lectrique Microcorner Zuerich Regensdorf Moteur\" class=\"wp-image-1664\"\/><\/figure>\n<\/div>\n\n\n\n<div>\n<p class=\"is-style-text-ber-titel\">*CONTR\u00d4LE AUTOMATIQUE DU COUPLE<\/p>\n\n\n\n<h2 id=\"lorem-ipsum-dolor-sit-amet\">ATS* Contr\u00f4le<\/h2>\n\n\n\n<p>Le syst\u00e8me unique de contr\u00f4le automatique du couple \"ATS\" assure une puissance moteur impressionnante, qui se traduit par une acc\u00e9l\u00e9ration fulgurante et une vitesse maximale en mode de conduite sportive \"S\".<\/p>\n\n\n\n<p>Une acc\u00e9l\u00e9ration optimale, des performances imm\u00e9diates et une vitesse maximale de pointe sont garanties. <\/p>\n\n\n\n<p>Avec un contr\u00f4le pr\u00e9cis des 336 Nm, le syst\u00e8me ATS assure \u00e9galement une augmentation de 9% de l'efficacit\u00e9 \u00e9nerg\u00e9tique.<\/p>\n\n\n\n<div>\n<div><a href=\"#probefahrt\">Essayer maintenant<\/a><\/div>\n<\/div>\n<\/div>\n<\/div>\n\n\n\n<figure class=\"wp-block-image alignfull size-full pb100\"><img loading=\"lazy\" decoding=\"async\" width=\"2000\" height=\"1333\" src=\"https:\/\/www.microcorner.ch\/data\/Marken\/Felo\/FW-06\/mehr-erfahren\/felo-fw-06-elektroroller-microcorner-zuerich-regensdorf-e-roller.jpg\" alt=\"Scooter \u00e9lectrique Felo Fw 06 Microcorner Zuerich Regensdorf E Scooter\" class=\"wp-image-1657\"\/><\/figure>\n\n\n\n<div class=\"col-50 flex flex-center page-width flex-gap pb100\">\n<div>\n<figure class=\"wp-block-image size-large img-corn\"><img loading=\"lazy\" decoding=\"async\" width=\"1024\" height=\"613\" src=\"https:\/\/www.microcorner.ch\/data\/Marken\/Felo\/FW-06\/mehr-erfahren\/felo-fw-06-elektroroller-microcorner-zuerich-regensdorf-steuergeraet-1024x613.jpg\" alt=\"Felo Fw 06 Scooter \u00e9lectrique Microcorner Zuerich Regensdorf Video Cover\" class=\"wp-image-1668\"\/><\/figure>\n<\/div>\n\n\n\n<div>\n<p class=\"is-style-text-ber-titel\">* UNIT\u00c9 DE CONTR\u00d4LE DU V\u00c9HICULE&nbsp;<\/p>\n\n\n\n<h2 id=\"my-silence-app\">VCU - Unit\u00e9 de contr\u00f4le intelligente&nbsp;<\/h2>\n\n\n\n<p>Le VCU (Vehicle Control Unit) intelligent du FW-06 assure la commande centrale de tous les syst\u00e8mes \u00e9lectroniques.<\/p>\n\n\n\n<p>Il permet une communication Canbus isol\u00e9e dans tout le v\u00e9hicule, prend en charge le port OBD, le contr\u00f4le vectoriel FOC, le r\u00e9gulateur de vitesse et les mises \u00e0 jour OTA, et bien d'autres fonctions.<\/p>\n\n\n\n<p>En contr\u00f4lant la puissance du moteur de mani\u00e8re coordonn\u00e9e, le VCU assure une acc\u00e9l\u00e9ration plus rapide et plus puissante, ce qui rend l'exp\u00e9rience de conduite encore plus dynamique et s\u00fbre.<\/p>\n<\/div>\n<\/div>\n\n\n\n<div class=\"col-50 flex flex-center page-width flex-gap pb100 col-inv\">\n<div>\n<figure class=\"wp-block-image size-large img-corn\"><img loading=\"lazy\" decoding=\"async\" width=\"1024\" height=\"724\" src=\"https:\/\/www.microcorner.ch\/data\/Marken\/Felo\/FW-06\/mehr-erfahren\/felo-fw-06-elektroroller-microcorner-zuerich-regensdorf-keyless-app-1024x724.jpg\" alt=\"Felo Fw 06 Scooter \u00e9lectrique Microcorner Zuerich Regensdorf Keyless App\" class=\"wp-image-1663\"\/><\/figure>\n<\/div>\n\n\n\n<div>\n<p class=\"is-style-text-ber-titel\">SYST\u00c8ME DE CL\u00c9<\/p>\n\n\n\n<h2 id=\"my-silence-app\">Application Felo intelligente<\/h2>\n\n\n\n<p>Le FW-06 est livr\u00e9 avec un syst\u00e8me Keyless tr\u00e8s pratique - plus besoin de cl\u00e9. Un simple clic et tu peux d\u00e9marrer imm\u00e9diatement.<\/p>\n\n\n\n<p>Avec l'application Felo, tu gardes \u00e0 tout moment une vue d'ensemble : V\u00e9rifie l'\u00e9tat de ton v\u00e9hicule en temps r\u00e9el directement depuis ton smartphone connect\u00e9 au centre de donn\u00e9es. Tu as ainsi toujours le contr\u00f4le total.<\/p>\n<\/div>\n<\/div>\n\n\n\n<figure class=\"wp-block-image alignfull size-full pb100\"><img loading=\"lazy\" decoding=\"async\" width=\"2000\" height=\"1421\" src=\"https:\/\/www.microcorner.ch\/data\/Marken\/Felo\/FW-06\/mehr-erfahren\/felo-fw-06-elektroroller-microcorner-zuerich-regensdorf-2.jpg\" alt=\"Felo Fw 06 Scooter \u00e9lectrique Microcorner Zuerich Regensdorf 2\" class=\"wp-image-1648\"\/><\/figure>","protected":false},"excerpt":{"rendered":"<ul>\n<li>94 km d'autonomie<\/li>\n<li>Vitesse de pointe de 125 km\/h<\/li>\n<li>11 kW de puissance de cr\u00eate<\/li>\n<li>5 ans ou 50'000km de garantie sur la batterie<\/li>\n<\/ul>\n<p>Un design attrayant rencontre une technologie de pointe. Le puissant moteur central, le design a\u00e9rodynamique et le syst\u00e8me de refroidissement d\u00e9riv\u00e9 de la course permettent des performances de pointe. Le Felo acc\u00e9l\u00e8re de 0 \u00e0 50 km\/h en 2,9 secondes. La s\u00e9curit\u00e9 est assur\u00e9e par l'ABS, un syst\u00e8me de contr\u00f4le de la traction et des freins \u00e0 disque. De plus, un syst\u00e8me Keyless et une Smart App sont embarqu\u00e9s.<\/p>","protected":false},"featured_media":94,"comment_status":"closed","ping_status":"closed","template":"","meta":{"_acf_changed":false,"css_class_manager_body_classes":"","css_class_manager_use_in_post_loop":false},"wpc-attribute-group":[],"product_brand":[58],"product_cat":[19,1269],"product_tag":[],"class_list":{"0":"post-90","1":"product","2":"type-product","3":"status-publish","4":"has-post-thumbnail","6":"product_brand-felo","7":"product_cat-e-roller","8":"product_cat-aktionen-plus","9":"product_shipping_class-roller-versand","11":"first","12":"instock","13":"sale","14":"taxable","15":"shipping-taxable","16":"purchasable","17":"product-type-variable","18":"has-default-attributes"},"acf":[],"_links":{"self":[{"href":"https:\/\/www.microcorner.ch\/fr\/wp-json\/wp\/v2\/product\/90","targetHints":{"allow":["GET"]}}],"collection":[{"href":"https:\/\/www.microcorner.ch\/fr\/wp-json\/wp\/v2\/product"}],"about":[{"href":"https:\/\/www.microcorner.ch\/fr\/wp-json\/wp\/v2\/types\/product"}],"replies":[{"embeddable":true,"href":"https:\/\/www.microcorner.ch\/fr\/wp-json\/wp\/v2\/comments?post=90"}],"wp:featuredmedia":[{"embeddable":true,"href":"https:\/\/www.microcorner.ch\/fr\/wp-json\/wp\/v2\/media\/94"}],"wp:attachment":[{"href":"https:\/\/www.microcorner.ch\/fr\/wp-json\/wp\/v2\/media?parent=90"}],"wp:term":[{"taxonomy":"wpc-attribute-group","embeddable":true,"href":"https:\/\/www.microcorner.ch\/fr\/wp-json\/wp\/v2\/wpc-attribute-group?post=90"},{"taxonomy":"product_brand","embeddable":true,"href":"https:\/\/www.microcorner.ch\/fr\/wp-json\/wp\/v2\/product_brand?post=90"},{"taxonomy":"product_cat","embeddable":true,"href":"https:\/\/www.microcorner.ch\/fr\/wp-json\/wp\/v2\/product_cat?post=90"},{"taxonomy":"product_tag","embeddable":true,"href":"https:\/\/www.microcorner.ch\/fr\/wp-json\/wp\/v2\/product_tag?post=90"}],"curies":[{"name":"wp","href":"https:\/\/api.w.org\/{rel}","templated":true}]}}