{"id":973,"date":"2025-03-26T17:47:25","date_gmt":"2025-03-26T16:47:25","guid":{"rendered":"https:\/\/www.microcorner.ch\/?post_type=product&#038;p=973"},"modified":"2026-02-12T19:19:17","modified_gmt":"2026-02-12T18:19:17","slug":"ixs-gant-dhiver-classic-torino-evo-st-3-0-noir","status":"publish","type":"product","link":"https:\/\/www.microcorner.ch\/fr\/ixs-winter-handschuh-classic-torino-evo-st-3-0-schwarz\/","title":{"rendered":"iXS gants d'hiver Classic Torino-Evo-ST 3.0 - noir"},"content":{"rendered":"<p><strong>Gants d'hiver urbains en m\u00e9lange de cuir de ch\u00e8vre et de textile<\/strong><\/p>\n<p><strong>Les caract\u00e9ristiques suivantes distinguent ces gants :<\/strong><\/p>\n<ul>\n<li>membrane solto-TEX\u00ae et doublure int\u00e9rieure Tri-Fleece<\/li>\n<li>Protecteur de cheville souple Impacton\u00ae (mousse visco\u00e9lastique) dissimul\u00e9<\/li>\n<li>paume en cuir de ch\u00e8vre r\u00e9sistant \u00e0 l'abrasion<\/li>\n<li>Doublure en amara sur la paume et la main<\/li>\n<li>Pointe de l'index avec fonction \u00e9cran tactile<\/li>\n<li>L\u00e8vre en caoutchouc sur l'index gauche pour essuyer la visi\u00e8re du casque<\/li>\n<li>Poignet extensible avec r\u00e9glage par velcro<\/li>\n<li>Barri\u00e8re d'eau \u00e0 l'extr\u00e9mit\u00e9 de la manchette<\/li>\n<li>S\u00e9curit\u00e9 : r\u00e9pond \u00e0 la norme d'essai EN13594:2015<\/li>\n<\/ul>\n<p>Tissu ext\u00e9rieur : 100% polyester<br \/>\npaume : cuir de ch\u00e8vre<br \/>\nDoublure : 100% polyester<br \/>\nDoublure manchettes : 100% polyester<\/p>\n<p>Protecteur de la cheville : 100% polyur\u00e9thane<br \/>\nmembrane solto-TEX\u00ae : polyur\u00e9thane 100%<\/p>\n<p>Contient des parties non textiles d'origine animale<\/p>","protected":false},"excerpt":{"rendered":"<p>Urbaner Winter Handschuh aus Ziegenleder und Textil Mix Folgende Merkmale zeichnen diese Handschuhe aus: solto-TEX\u00ae Membrane und Tri-Fleece Innenfutter Verdeckter Impacton\u00ae (viscoelastischer Schaum) Soft-Kn\u00f6chelprotektor Innenhand aus abriebfesten Ziegenleder Amara-Aufdoppelung auf der Handfl\u00e4che und am Handballen Zeigefingerspitze mit Touchscreen Funktion Gummilippe am linken Zeigefinger zum Abwischen des Helmvisiers Handgelenkstretch mit Klettversteller Wassersperre am Stulpenabschluss Sicherheit: erf\u00fcllt [&hellip;]<\/p>\n","protected":false},"featured_media":985,"comment_status":"closed","ping_status":"closed","template":"","meta":{"_acf_changed":false,"css_class_manager_body_classes":"","css_class_manager_use_in_post_loop":false},"wpc-attribute-group":[],"product_brand":[],"product_cat":[75,319,328],"product_tag":[329],"class_list":{"0":"post-973","1":"product","2":"type-product","3":"status-publish","4":"has-post-thumbnail","6":"product_cat-zubehoer","7":"product_cat-helme-kleidung","8":"product_cat-wetterschutz","9":"product_tag-handschuhe","11":"first","12":"instock","13":"taxable","14":"shipping-taxable","15":"purchasable","16":"product-type-variable"},"acf":[],"_links":{"self":[{"href":"https:\/\/www.microcorner.ch\/fr\/wp-json\/wp\/v2\/product\/973","targetHints":{"allow":["GET"]}}],"collection":[{"href":"https:\/\/www.microcorner.ch\/fr\/wp-json\/wp\/v2\/product"}],"about":[{"href":"https:\/\/www.microcorner.ch\/fr\/wp-json\/wp\/v2\/types\/product"}],"replies":[{"embeddable":true,"href":"https:\/\/www.microcorner.ch\/fr\/wp-json\/wp\/v2\/comments?post=973"}],"wp:featuredmedia":[{"embeddable":true,"href":"https:\/\/www.microcorner.ch\/fr\/wp-json\/wp\/v2\/media\/985"}],"wp:attachment":[{"href":"https:\/\/www.microcorner.ch\/fr\/wp-json\/wp\/v2\/media?parent=973"}],"wp:term":[{"taxonomy":"wpc-attribute-group","embeddable":true,"href":"https:\/\/www.microcorner.ch\/fr\/wp-json\/wp\/v2\/wpc-attribute-group?post=973"},{"taxonomy":"product_brand","embeddable":true,"href":"https:\/\/www.microcorner.ch\/fr\/wp-json\/wp\/v2\/product_brand?post=973"},{"taxonomy":"product_cat","embeddable":true,"href":"https:\/\/www.microcorner.ch\/fr\/wp-json\/wp\/v2\/product_cat?post=973"},{"taxonomy":"product_tag","embeddable":true,"href":"https:\/\/www.microcorner.ch\/fr\/wp-json\/wp\/v2\/product_tag?post=973"}],"curies":[{"name":"wp","href":"https:\/\/api.w.org\/{rel}","templated":true}]}}