{"id":974,"date":"2025-03-26T17:47:25","date_gmt":"2025-03-26T16:47:25","guid":{"rendered":"https:\/\/www.microcorner.ch\/?post_type=product&#038;p=974"},"modified":"2026-02-12T19:23:34","modified_gmt":"2026-02-12T18:23:34","slug":"support-smartphone-s01-s01-support-adhesif-reglable","status":"publish","type":"product","link":"https:\/\/www.microcorner.ch\/fr\/smartphone-halterung-s01-s01-verstellbare-klebehalterung\/","title":{"rendered":"Support pour smartphone S01\/S01+ - support adh\u00e9sif r\u00e9glable"},"content":{"rendered":"<p>Le support stick de la ligne Titan garantit une forte adh\u00e9rence sur les surfaces de la moto gr\u00e2ce \u00e0 sa base adh\u00e9sive 3M. Il est compatible avec toute la gamme de sacs et d'accessoires Optiline dot\u00e9s du syst\u00e8me d'attache rapide brevet\u00e9 Duolock. Le support Stick est \u00e9galement parfaitement adapt\u00e9 \u00e0 l'adaptateur GoPro 90455 .<\/p>\n<ul>\n<li>Amortissement des chocs et des vibrations<\/li>\n<li>360\u00b0 enti\u00e8rement r\u00e9glable, \u00e0 la fois verticalement et horizontalement<\/li>\n<li>corps principal en m\u00e9tal moul\u00e9 sous pression<\/li>\n<li>Adh\u00e9sif r\u00e9sistant et mall\u00e9able<\/li>\n<li>convient pour Silence S01\/S01+<\/li>\n<\/ul>","protected":false},"excerpt":{"rendered":"<p><strong>Support autocollant pour t\u00e9l\u00e9phone portable moto &amp; GoPro<\/strong><\/p>\n<p class=\"h5 mb-3\">Socle adh\u00e9sif, id\u00e9al comme support pour t\u00e9l\u00e9phone portable &amp; moto GoPro en m\u00e9tal.<\/p>","protected":false},"featured_media":987,"comment_status":"closed","ping_status":"closed","template":"","meta":{"_acf_changed":false,"css_class_manager_body_classes":"","css_class_manager_use_in_post_loop":false},"wpc-attribute-group":[],"product_brand":[],"product_cat":[75,324],"product_tag":[],"class_list":{"0":"post-974","1":"product","2":"type-product","3":"status-publish","4":"has-post-thumbnail","6":"product_cat-zubehoer","7":"product_cat-silence-zubehoer","9":"first","10":"instock","11":"taxable","12":"shipping-taxable","13":"purchasable","14":"product-type-simple"},"acf":[],"_links":{"self":[{"href":"https:\/\/www.microcorner.ch\/fr\/wp-json\/wp\/v2\/product\/974","targetHints":{"allow":["GET"]}}],"collection":[{"href":"https:\/\/www.microcorner.ch\/fr\/wp-json\/wp\/v2\/product"}],"about":[{"href":"https:\/\/www.microcorner.ch\/fr\/wp-json\/wp\/v2\/types\/product"}],"replies":[{"embeddable":true,"href":"https:\/\/www.microcorner.ch\/fr\/wp-json\/wp\/v2\/comments?post=974"}],"wp:featuredmedia":[{"embeddable":true,"href":"https:\/\/www.microcorner.ch\/fr\/wp-json\/wp\/v2\/media\/987"}],"wp:attachment":[{"href":"https:\/\/www.microcorner.ch\/fr\/wp-json\/wp\/v2\/media?parent=974"}],"wp:term":[{"taxonomy":"wpc-attribute-group","embeddable":true,"href":"https:\/\/www.microcorner.ch\/fr\/wp-json\/wp\/v2\/wpc-attribute-group?post=974"},{"taxonomy":"product_brand","embeddable":true,"href":"https:\/\/www.microcorner.ch\/fr\/wp-json\/wp\/v2\/product_brand?post=974"},{"taxonomy":"product_cat","embeddable":true,"href":"https:\/\/www.microcorner.ch\/fr\/wp-json\/wp\/v2\/product_cat?post=974"},{"taxonomy":"product_tag","embeddable":true,"href":"https:\/\/www.microcorner.ch\/fr\/wp-json\/wp\/v2\/product_tag?post=974"}],"curies":[{"name":"wp","href":"https:\/\/api.w.org\/{rel}","templated":true}]}}