{"id":975,"date":"2025-03-26T17:47:25","date_gmt":"2025-03-26T16:47:25","guid":{"rendered":"https:\/\/www.microcorner.ch\/?post_type=product&#038;p=975"},"modified":"2026-02-12T19:23:50","modified_gmt":"2026-02-12T18:23:50","slug":"etui-souple-pour-smartphone-avec-pare-soleil","status":"publish","type":"product","link":"https:\/\/www.microcorner.ch\/fr\/smartphone-soft-case-mit-sonnenblende\/","title":{"rendered":"\u00c9tui souple pour smartphone avec pare-soleil"},"content":{"rendered":"<p>La coque Soft Case est le seul support de t\u00e9l\u00e9phone portable pour moto \u00e9quip\u00e9 d'un pare-soleil qui am\u00e9liore la lisibilit\u00e9 de l'\u00e9cran de l'appareil par temps ensoleill\u00e9. Elle peut contenir des t\u00e9l\u00e9phones portables d'une hauteur maximale de 170 mm et d'une largeur maximale de 85 mm. Il est \u00e9quip\u00e9 de deux adaptateurs d'\u00e9paisseurs diff\u00e9rentes pour mieux s'adapter \u00e0 la profondeur de l'appareil et mieux faire adh\u00e9rer l'\u00e9cran au film plastique.<\/p>\n<ul>\n<li>R\u00e9sistant aux chocs et \u00e0 l'eau<\/li>\n<li>Film frontal transparent pour utiliser l'\u00e9cran tactile sous la pluie<\/li>\n<li>Pare-soleil, pour la protection contre la lumi\u00e8re du soleil<\/li>\n<li>\u00a0Trou pour l'entr\u00e9e du c\u00e2ble de recharge<\/li>\n<li>Trois poches au dos pour ranger de petits objets comme des documents ou des cartes.<\/li>\n<li>compatible avec tous les mod\u00e8les<\/li>\n<\/ul>","protected":false},"excerpt":{"rendered":"<p style=\"text-align: center;\">Housse souple avec pare-soleil<\/p>\n<p style=\"text-align: center;\">T\u00e9l\u00e9phone portable jusqu'\u00e0 170 x 85 mm<\/p>","protected":false},"featured_media":989,"comment_status":"closed","ping_status":"closed","template":"","meta":{"_acf_changed":false,"css_class_manager_body_classes":"","css_class_manager_use_in_post_loop":false},"wpc-attribute-group":[],"product_brand":[],"product_cat":[75,322,324],"product_tag":[],"class_list":{"0":"post-975","1":"product","2":"type-product","3":"status-publish","4":"has-post-thumbnail","6":"product_cat-zubehoer","7":"product_cat-ecooter-zubehoer","8":"product_cat-silence-zubehoer","10":"first","11":"instock","12":"taxable","13":"shipping-taxable","14":"purchasable","15":"product-type-simple"},"acf":[],"_links":{"self":[{"href":"https:\/\/www.microcorner.ch\/fr\/wp-json\/wp\/v2\/product\/975","targetHints":{"allow":["GET"]}}],"collection":[{"href":"https:\/\/www.microcorner.ch\/fr\/wp-json\/wp\/v2\/product"}],"about":[{"href":"https:\/\/www.microcorner.ch\/fr\/wp-json\/wp\/v2\/types\/product"}],"replies":[{"embeddable":true,"href":"https:\/\/www.microcorner.ch\/fr\/wp-json\/wp\/v2\/comments?post=975"}],"wp:featuredmedia":[{"embeddable":true,"href":"https:\/\/www.microcorner.ch\/fr\/wp-json\/wp\/v2\/media\/989"}],"wp:attachment":[{"href":"https:\/\/www.microcorner.ch\/fr\/wp-json\/wp\/v2\/media?parent=975"}],"wp:term":[{"taxonomy":"wpc-attribute-group","embeddable":true,"href":"https:\/\/www.microcorner.ch\/fr\/wp-json\/wp\/v2\/wpc-attribute-group?post=975"},{"taxonomy":"product_brand","embeddable":true,"href":"https:\/\/www.microcorner.ch\/fr\/wp-json\/wp\/v2\/product_brand?post=975"},{"taxonomy":"product_cat","embeddable":true,"href":"https:\/\/www.microcorner.ch\/fr\/wp-json\/wp\/v2\/product_cat?post=975"},{"taxonomy":"product_tag","embeddable":true,"href":"https:\/\/www.microcorner.ch\/fr\/wp-json\/wp\/v2\/product_tag?post=975"}],"curies":[{"name":"wp","href":"https:\/\/api.w.org\/{rel}","templated":true}]}}