{"id":976,"date":"2025-03-26T17:47:25","date_gmt":"2025-03-26T16:47:25","guid":{"rendered":"https:\/\/www.microcorner.ch\/?post_type=product&#038;p=976"},"modified":"2026-02-12T19:23:22","modified_gmt":"2026-02-12T18:23:22","slug":"support-smartphone-tous-modeles-fixation-miroir","status":"publish","type":"product","link":"https:\/\/www.microcorner.ch\/fr\/smartphone-halterung-alle-modelle-spiegelbefestigung\/","title":{"rendered":"Support pour smartphone tous les mod\u00e8les - Fixation au r\u00e9troviseur"},"content":{"rendered":"<p class=\"h5 mb-1 text-uppercase fw-bolder\"><strong>Support de t\u00e9l\u00e9phone portable pour r\u00e9troviseur de moto en m\u00e9tal avec bras articul\u00e9<\/strong><\/p>\n<ul>\n<li>360\u00b0 enti\u00e8rement r\u00e9glable, \u00e0 la fois verticalement et horizontalement<\/li>\n<li>corps principal en m\u00e9tal moul\u00e9 sous pression<\/li>\n<li>Amortissement des chocs et des vibrations<\/li>\n<li>Fente pour vis de 10 mm de diam\u00e8tre maximum<\/li>\n<li>Bras articul\u00e9 r\u00e9glable<\/li>\n<\/ul>","protected":false},"excerpt":{"rendered":"<p class=\"h5 mb-3\">Support de t\u00e9l\u00e9phone portable pour r\u00e9troviseurs de moto et de scooter en m\u00e9tal avec bras articul\u00e9.<\/p>","protected":false},"featured_media":990,"comment_status":"closed","ping_status":"closed","template":"","meta":{"_acf_changed":false,"css_class_manager_body_classes":"","css_class_manager_use_in_post_loop":false},"wpc-attribute-group":[],"product_brand":[],"product_cat":[75,322,324],"product_tag":[],"class_list":{"0":"post-976","1":"product","2":"type-product","3":"status-publish","4":"has-post-thumbnail","6":"product_cat-zubehoer","7":"product_cat-ecooter-zubehoer","8":"product_cat-silence-zubehoer","10":"first","11":"instock","12":"taxable","13":"shipping-taxable","14":"purchasable","15":"product-type-simple"},"acf":[],"_links":{"self":[{"href":"https:\/\/www.microcorner.ch\/fr\/wp-json\/wp\/v2\/product\/976","targetHints":{"allow":["GET"]}}],"collection":[{"href":"https:\/\/www.microcorner.ch\/fr\/wp-json\/wp\/v2\/product"}],"about":[{"href":"https:\/\/www.microcorner.ch\/fr\/wp-json\/wp\/v2\/types\/product"}],"replies":[{"embeddable":true,"href":"https:\/\/www.microcorner.ch\/fr\/wp-json\/wp\/v2\/comments?post=976"}],"wp:featuredmedia":[{"embeddable":true,"href":"https:\/\/www.microcorner.ch\/fr\/wp-json\/wp\/v2\/media\/990"}],"wp:attachment":[{"href":"https:\/\/www.microcorner.ch\/fr\/wp-json\/wp\/v2\/media?parent=976"}],"wp:term":[{"taxonomy":"wpc-attribute-group","embeddable":true,"href":"https:\/\/www.microcorner.ch\/fr\/wp-json\/wp\/v2\/wpc-attribute-group?post=976"},{"taxonomy":"product_brand","embeddable":true,"href":"https:\/\/www.microcorner.ch\/fr\/wp-json\/wp\/v2\/product_brand?post=976"},{"taxonomy":"product_cat","embeddable":true,"href":"https:\/\/www.microcorner.ch\/fr\/wp-json\/wp\/v2\/product_cat?post=976"},{"taxonomy":"product_tag","embeddable":true,"href":"https:\/\/www.microcorner.ch\/fr\/wp-json\/wp\/v2\/product_tag?post=976"}],"curies":[{"name":"wp","href":"https:\/\/api.w.org\/{rel}","templated":true}]}}