{"id":977,"date":"2025-03-26T17:47:25","date_gmt":"2025-03-26T16:47:25","guid":{"rendered":"https:\/\/www.microcorner.ch\/?post_type=product&#038;p=977"},"modified":"2026-02-12T19:23:45","modified_gmt":"2026-02-12T18:23:45","slug":"coque-souple-smartphone","status":"publish","type":"product","link":"https:\/\/www.microcorner.ch\/fr\/smartphone-soft-case\/","title":{"rendered":"\u00c9tui souple pour smartphone"},"content":{"rendered":"<p class=\"h5 mb-1 text-uppercase fw-bolder\"><strong>Support \u00e9tanche pour t\u00e9l\u00e9phone portable pour motos<\/strong><\/p>\n<ul>\n<li>R\u00e9sistant aux chocs et \u00e0 l'eau<\/li>\n<li>Porte-cartes<\/li>\n<li>Trou pour l'entr\u00e9e du c\u00e2ble de recharge<\/li>\n<li>Film frontal transparent pour utiliser l'\u00e9cran tactile sous la pluie<\/li>\n<li>M - 70\u00d7145 mm<\/li>\n<li>L - 80\u00d7155 mm<\/li>\n<li>XL - 90\u00d7175 mm<\/li>\n<\/ul>","protected":false},"excerpt":{"rendered":"<p class=\"h5 mb-3\" style=\"text-align: center;\">Support universel souple et \u00e9tanche pour t\u00e9l\u00e9phone portable de moto avec fermeture \u00e9clair.<\/p>\n<p style=\"text-align: center;\">M : 70 x 145 mm<br \/>\nL : 80 x 165 mm<br \/>\nXL : 90 x 175 mm<\/p>","protected":false},"featured_media":992,"comment_status":"closed","ping_status":"closed","template":"","meta":{"_acf_changed":false,"css_class_manager_body_classes":"","css_class_manager_use_in_post_loop":false},"wpc-attribute-group":[],"product_brand":[],"product_cat":[75,322,324],"product_tag":[],"class_list":{"0":"post-977","1":"product","2":"type-product","3":"status-publish","4":"has-post-thumbnail","6":"product_cat-zubehoer","7":"product_cat-ecooter-zubehoer","8":"product_cat-silence-zubehoer","10":"first","11":"instock","12":"taxable","13":"shipping-taxable","14":"purchasable","15":"product-type-variable"},"acf":[],"_links":{"self":[{"href":"https:\/\/www.microcorner.ch\/fr\/wp-json\/wp\/v2\/product\/977","targetHints":{"allow":["GET"]}}],"collection":[{"href":"https:\/\/www.microcorner.ch\/fr\/wp-json\/wp\/v2\/product"}],"about":[{"href":"https:\/\/www.microcorner.ch\/fr\/wp-json\/wp\/v2\/types\/product"}],"replies":[{"embeddable":true,"href":"https:\/\/www.microcorner.ch\/fr\/wp-json\/wp\/v2\/comments?post=977"}],"wp:featuredmedia":[{"embeddable":true,"href":"https:\/\/www.microcorner.ch\/fr\/wp-json\/wp\/v2\/media\/992"}],"wp:attachment":[{"href":"https:\/\/www.microcorner.ch\/fr\/wp-json\/wp\/v2\/media?parent=977"}],"wp:term":[{"taxonomy":"wpc-attribute-group","embeddable":true,"href":"https:\/\/www.microcorner.ch\/fr\/wp-json\/wp\/v2\/wpc-attribute-group?post=977"},{"taxonomy":"product_brand","embeddable":true,"href":"https:\/\/www.microcorner.ch\/fr\/wp-json\/wp\/v2\/product_brand?post=977"},{"taxonomy":"product_cat","embeddable":true,"href":"https:\/\/www.microcorner.ch\/fr\/wp-json\/wp\/v2\/product_cat?post=977"},{"taxonomy":"product_tag","embeddable":true,"href":"https:\/\/www.microcorner.ch\/fr\/wp-json\/wp\/v2\/product_tag?post=977"}],"curies":[{"name":"wp","href":"https:\/\/api.w.org\/{rel}","templated":true}]}}