{"id":978,"date":"2025-03-26T17:47:25","date_gmt":"2025-03-26T16:47:25","guid":{"rendered":"https:\/\/www.microcorner.ch\/?post_type=product&#038;p=978"},"modified":"2026-02-12T19:26:21","modified_gmt":"2026-02-12T18:26:21","slug":"batterie-supplementaire-ecooter-e2-city-et-sport","status":"publish","type":"product","link":"https:\/\/www.microcorner.ch\/fr\/zusatz-akku-ecooter-e2-city-und-sport\/","title":{"rendered":"Batterie suppl\u00e9mentaire - Ecooter E2 City et Sport"},"content":{"rendered":"<h2 id=\"lithium-batterie-system\">Batterie suppl\u00e9mentaire au lithium Syst\u00e8me<\/h2>\n<p>Avec la batterie suppl\u00e9mentaire au lithium de 1,8kWh avec <strong>SAMSUNG<\/strong>-Une autonomie de 40 km peut \u00eatre atteinte gr\u00e2ce \u00e0 l'utilisation de cellules photovolta\u00efques.<br \/>\nLe syst\u00e8me \u00e0 double batterie (batterie principale et batterie suppl\u00e9mentaire) a alors une capacit\u00e9 de 4,5kWh et une autonomie de 100km.<\/p>\n<p>Ce syst\u00e8me de batterie portable peut \u00eatre recharg\u00e9 n'importe o\u00f9 sur n'importe quelle prise de courant classique avec le chargeur correspondant.<\/p>\n<div class=\"is-layout-flex wp-container-19 wp-block-columns\">\n<div class=\"is-layout-flow wp-block-column\">\n<figure class=\"wp-block-image size-full\"><img loading=\"lazy\" decoding=\"async\" class=\"wp-image-4826 entered lazyloaded\" src=\"https:\/\/www.etrix.ch\/media\/2022\/03\/samsung_500.jpg\" alt=\"Logo de Samsung\" width=\"500\" height=\"181\" data-lazy-src=\"https:\/\/www.etrix.ch\/media\/2022\/03\/samsung_500.jpg\" data-ll-status=\"loaded\" \/><\/figure>\n<\/div>\n<div class=\"is-layout-flow wp-block-column\"><\/div>\n<\/div>\n<p>Batterie : lithium-ion<br \/>\n1800Wh - 64V - 28Ah<\/p>","protected":false},"excerpt":{"rendered":"<p>Batterie : lithium-ion<br \/>\n1800Wh - 64V - 28Ah<\/p>","protected":false},"featured_media":993,"comment_status":"closed","ping_status":"closed","template":"","meta":{"_acf_changed":false,"css_class_manager_body_classes":"","css_class_manager_use_in_post_loop":false},"wpc-attribute-group":[],"product_brand":[],"product_cat":[75,322],"product_tag":[],"class_list":{"0":"post-978","1":"product","2":"type-product","3":"status-publish","4":"has-post-thumbnail","6":"product_cat-zubehoer","7":"product_cat-ecooter-zubehoer","9":"first","10":"outofstock","11":"taxable","12":"shipping-taxable","13":"purchasable","14":"product-type-simple"},"acf":[],"_links":{"self":[{"href":"https:\/\/www.microcorner.ch\/fr\/wp-json\/wp\/v2\/product\/978","targetHints":{"allow":["GET"]}}],"collection":[{"href":"https:\/\/www.microcorner.ch\/fr\/wp-json\/wp\/v2\/product"}],"about":[{"href":"https:\/\/www.microcorner.ch\/fr\/wp-json\/wp\/v2\/types\/product"}],"replies":[{"embeddable":true,"href":"https:\/\/www.microcorner.ch\/fr\/wp-json\/wp\/v2\/comments?post=978"}],"wp:featuredmedia":[{"embeddable":true,"href":"https:\/\/www.microcorner.ch\/fr\/wp-json\/wp\/v2\/media\/993"}],"wp:attachment":[{"href":"https:\/\/www.microcorner.ch\/fr\/wp-json\/wp\/v2\/media?parent=978"}],"wp:term":[{"taxonomy":"wpc-attribute-group","embeddable":true,"href":"https:\/\/www.microcorner.ch\/fr\/wp-json\/wp\/v2\/wpc-attribute-group?post=978"},{"taxonomy":"product_brand","embeddable":true,"href":"https:\/\/www.microcorner.ch\/fr\/wp-json\/wp\/v2\/product_brand?post=978"},{"taxonomy":"product_cat","embeddable":true,"href":"https:\/\/www.microcorner.ch\/fr\/wp-json\/wp\/v2\/product_cat?post=978"},{"taxonomy":"product_tag","embeddable":true,"href":"https:\/\/www.microcorner.ch\/fr\/wp-json\/wp\/v2\/product_tag?post=978"}],"curies":[{"name":"wp","href":"https:\/\/api.w.org\/{rel}","templated":true}]}}