{"id":998,"date":"2025-03-26T17:47:43","date_gmt":"2025-03-26T16:47:43","guid":{"rendered":"https:\/\/www.microcorner.ch\/?post_type=product&#038;p=998"},"modified":"2026-02-12T19:19:32","modified_gmt":"2026-02-12T18:19:32","slug":"box-valise-45l","status":"publish","type":"product","link":"https:\/\/www.microcorner.ch\/fr\/koffer-box-45l\/","title":{"rendered":"Bo\u00eete \u00e0 valise - 45L"},"content":{"rendered":"<p>Le coffret est le bagage ultime pour une utilisation sur la route ou en tout-terrain. Ce bo\u00eetier en aluminium \u00e9cologique et robuste est verrouillable et peut accueillir un casque, mais aussi beaucoup d'autres choses. La stabilit\u00e9 et les fonctions bien pens\u00e9es font de la Koffer-Box le compagnon de voyage id\u00e9al. Le coffre est amovible et facile \u00e0 manipuler.<\/p>\r\n\r\n\r\n\r\n<p><strong>D\u00e9tails du produit :<\/strong><\/p>\r\n\r\n\r\n\r\n<ul class=\"wp-block-list\">\r\n<li>Volume : 45 litres<\/li>\r\n<li>Dimensions : 416 x 336 x 330 mm<\/li>\r\n<li>Doublure int\u00e9rieure<\/li>\r\n<\/ul>\r\n<div class=\"bsc-item full cf\">\u00a0<\/div>\r\n<div class=\"bsc-item full cf\">\r\n<div class=\"bac-item-value fl\">\u00a0<\/div>\r\n<\/div>","protected":false},"excerpt":{"rendered":"<p>Dimensions : 416 x 336 x 330 mm<\/p>","protected":false},"featured_media":1036,"comment_status":"closed","ping_status":"closed","template":"","meta":{"_acf_changed":false,"css_class_manager_body_classes":"","css_class_manager_use_in_post_loop":false},"wpc-attribute-group":[],"product_brand":[],"product_cat":[75,322],"product_tag":[325],"class_list":{"0":"post-998","1":"product","2":"type-product","3":"status-publish","4":"has-post-thumbnail","6":"product_cat-zubehoer","7":"product_cat-ecooter-zubehoer","8":"product_tag-box","9":"product_shipping_class-sperrgut","11":"first","12":"instock","13":"taxable","14":"shipping-taxable","15":"purchasable","16":"product-type-simple"},"acf":[],"_links":{"self":[{"href":"https:\/\/www.microcorner.ch\/fr\/wp-json\/wp\/v2\/product\/998","targetHints":{"allow":["GET"]}}],"collection":[{"href":"https:\/\/www.microcorner.ch\/fr\/wp-json\/wp\/v2\/product"}],"about":[{"href":"https:\/\/www.microcorner.ch\/fr\/wp-json\/wp\/v2\/types\/product"}],"replies":[{"embeddable":true,"href":"https:\/\/www.microcorner.ch\/fr\/wp-json\/wp\/v2\/comments?post=998"}],"wp:featuredmedia":[{"embeddable":true,"href":"https:\/\/www.microcorner.ch\/fr\/wp-json\/wp\/v2\/media\/1036"}],"wp:attachment":[{"href":"https:\/\/www.microcorner.ch\/fr\/wp-json\/wp\/v2\/media?parent=998"}],"wp:term":[{"taxonomy":"wpc-attribute-group","embeddable":true,"href":"https:\/\/www.microcorner.ch\/fr\/wp-json\/wp\/v2\/wpc-attribute-group?post=998"},{"taxonomy":"product_brand","embeddable":true,"href":"https:\/\/www.microcorner.ch\/fr\/wp-json\/wp\/v2\/product_brand?post=998"},{"taxonomy":"product_cat","embeddable":true,"href":"https:\/\/www.microcorner.ch\/fr\/wp-json\/wp\/v2\/product_cat?post=998"},{"taxonomy":"product_tag","embeddable":true,"href":"https:\/\/www.microcorner.ch\/fr\/wp-json\/wp\/v2\/product_tag?post=998"}],"curies":[{"name":"wp","href":"https:\/\/api.w.org\/{rel}","templated":true}]}}