{"id":999,"date":"2025-03-26T17:47:43","date_gmt":"2025-03-26T16:47:43","guid":{"rendered":"https:\/\/www.microcorner.ch\/?post_type=product&#038;p=999"},"modified":"2026-02-12T19:13:03","modified_gmt":"2026-02-12T18:13:03","slug":"batterie-ecooter-et3","status":"publish","type":"product","link":"https:\/\/www.microcorner.ch\/fr\/akku-ecooter-et3\/","title":{"rendered":"Batterie - Ecooter ET3"},"content":{"rendered":"<h2 id=\"my-silence-app\">Syst\u00e8me de batterie au lithium<\/h2>\n<p>La batterie au lithium de 1,5 kWh permet d'atteindre une autonomie de 40 \u00e0 70 km.<\/p>\n<p>Ce syst\u00e8me de batterie portable peut \u00eatre recharg\u00e9 n'importe o\u00f9 sur n'importe quelle prise de courant classique avec le chargeur correspondant.<\/p>\n<p>Cette batterie peut \u00eatre recharg\u00e9e sur n'importe quelle prise de courant \u00e0 l'aide d'un chargeur. Les batteries au lithium-ion sont faciles \u00e0 utiliser.<\/p>\n<p>&nbsp;<\/p>","protected":false},"excerpt":{"rendered":"<p>Batterie : lithium-ion<br \/>\n1440Wh - 60V - 24Ah<\/p>","protected":false},"featured_media":1040,"comment_status":"closed","ping_status":"closed","template":"","meta":{"_acf_changed":false,"css_class_manager_body_classes":"","css_class_manager_use_in_post_loop":false},"wpc-attribute-group":[],"product_brand":[],"product_cat":[75,322],"product_tag":[],"class_list":{"0":"post-999","1":"product","2":"type-product","3":"status-publish","4":"has-post-thumbnail","6":"product_cat-zubehoer","7":"product_cat-ecooter-zubehoer","9":"first","10":"instock","11":"taxable","12":"shipping-taxable","13":"purchasable","14":"product-type-simple"},"acf":[],"_links":{"self":[{"href":"https:\/\/www.microcorner.ch\/fr\/wp-json\/wp\/v2\/product\/999","targetHints":{"allow":["GET"]}}],"collection":[{"href":"https:\/\/www.microcorner.ch\/fr\/wp-json\/wp\/v2\/product"}],"about":[{"href":"https:\/\/www.microcorner.ch\/fr\/wp-json\/wp\/v2\/types\/product"}],"replies":[{"embeddable":true,"href":"https:\/\/www.microcorner.ch\/fr\/wp-json\/wp\/v2\/comments?post=999"}],"wp:featuredmedia":[{"embeddable":true,"href":"https:\/\/www.microcorner.ch\/fr\/wp-json\/wp\/v2\/media\/1040"}],"wp:attachment":[{"href":"https:\/\/www.microcorner.ch\/fr\/wp-json\/wp\/v2\/media?parent=999"}],"wp:term":[{"taxonomy":"wpc-attribute-group","embeddable":true,"href":"https:\/\/www.microcorner.ch\/fr\/wp-json\/wp\/v2\/wpc-attribute-group?post=999"},{"taxonomy":"product_brand","embeddable":true,"href":"https:\/\/www.microcorner.ch\/fr\/wp-json\/wp\/v2\/product_brand?post=999"},{"taxonomy":"product_cat","embeddable":true,"href":"https:\/\/www.microcorner.ch\/fr\/wp-json\/wp\/v2\/product_cat?post=999"},{"taxonomy":"product_tag","embeddable":true,"href":"https:\/\/www.microcorner.ch\/fr\/wp-json\/wp\/v2\/product_tag?post=999"}],"curies":[{"name":"wp","href":"https:\/\/api.w.org\/{rel}","templated":true}]}}